{"id":16868,"date":"2026-02-27T00:32:34","date_gmt":"2026-02-27T00:32:34","guid":{"rendered":"https:\/\/nordicmart.andreevmaster.com\/product\/masterkidz-pedagogisk-tavla-for-konduktivitetsexperiment\/"},"modified":"2026-02-27T08:22:40","modified_gmt":"2026-02-27T08:22:40","slug":"masterkidz-pedagogisk-tavla-for-konduktivitetsexperiment","status":"publish","type":"product","link":"https:\/\/nordicmart.andreevmaster.com\/sv\/produkt\/masterkidz-pedagogisk-tavla-for-konduktivitetsexperiment\/","title":{"rendered":"MASTERKIDZ Pedagogisk tavla f\u00f6r konduktivitetsexperiment"},"content":{"rendered":"<p>Uppt\u00e4ck den fascinerande v\u00e4rlden av elektricitet med Masterkidz pedagogiska tavla f\u00f6r konduktivitetsexperiment! Denna innovativa leksak l\u00e5ter barn fr\u00e5n 3 \u00e5r experimentera med elektriska kretsar p\u00e5 ett s\u00e4kert och engagerande s\u00e4tt. Med tv\u00e5 interaktiva kretsar kan de sm\u00e5 l\u00e4ra sig hur elektricitet fungerar genom att testa olika material som ledare och uppt\u00e4cka att \u00e4ven m\u00e4nniskokroppen kan leda elektricitet. Det \u00e4r den perfekta kombinationen av l\u00e4rande och lek som v\u00e4cker nyfikenhet och uppmuntrar till utforskning av omv\u00e4rlden!<\/p>\n<p>Egenskaper:<\/p>\n<p>* &#8211; Kompatibel med Masterkidz pedagogiska tavlors monteringssystem<br \/>\n* &#8211; Tavlan kan \u00e4ven anv\u00e4ndas utan ramar, t.ex. p\u00e5 ett bord eller p\u00e5 golvet<br \/>\n* &#8211; Tavlan \u00e4r utrustad med tv\u00e5 elektriska kretsar<br \/>\n* &#8211; Den f\u00f6rsta kretsen (l\u00e4ngst upp p\u00e5 tavlan) \u00e4r en \u00f6ppen krets, och barnens uppgift \u00e4r att st\u00e4nga den genom att trycka p\u00e5 en av de fyra knapparna<br \/>\n* &#8211; Varje knapp representerar en annan typ av material med olika elektrisk ledningsf\u00f6rm\u00e5ga, s\u00e5 att barnen kan l\u00e4ra sig vilka material som \u00e4r isolatorer \u2013 n\u00e4r r\u00e4tt knapp trycks in t\u00e4nds en lampa<br \/>\n* &#8211; Den andra kretsen (l\u00e4ngst ner) \u00e4r ocks\u00e5 en \u00f6ppen krets, men n\u00e4r barnet l\u00e4gger b\u00e5da h\u00e4nderna p\u00e5 panelen t\u00e4nds lampan<br \/>\n* &#8211; Barnen kommer s\u00e4kert att bli f\u00f6rtjusta \u00f6ver detta fenomen och l\u00e4ra sig att m\u00e4nniskokroppen ocks\u00e5 leder elektricitet<\/p>\n<p>Kr\u00e4ver 4xAA-batterier (ing\u00e5r ej)<\/p>\n<p>Leksaken utvecklar:<\/p>\n<p>* &#8211; Motoriska f\u00e4rdigheter<br \/>\n* &#8211; Sensoriska f\u00e4rdigheter<br \/>\n* &#8211; Hand-\u00f6ga-koordination<br \/>\n* &#8211; Fantasi<br \/>\n* &#8211; Koncentration<br \/>\n* &#8211; Nyfikenhet<\/p>\n","protected":false},"excerpt":{"rendered":"<p>Uppt\u00e4ck den fascinerande v\u00e4rlden av elektricitet med Masterkidz pedagogiska tavla f\u00f6r konduktivitetsexperiment! Denna innovativa leksak l\u00e5ter barn fr\u00e5n 3 \u00e5r experimentera med elektriska kretsar p\u00e5 ett s\u00e4kert och engagerande s\u00e4tt. Med tv\u00e5 interaktiva kretsar kan de sm\u00e5 l\u00e4ra sig hur elektricitet fungerar genom att testa olika material som ledare och uppt\u00e4cka att \u00e4ven m\u00e4nniskokroppen kan [&hellip;]<\/p>\n","protected":false},"featured_media":0,"comment_status":"open","ping_status":"closed","template":"","meta":[],"product_brand":[],"product_cat":[33],"product_tag":[],"class_list":{"0":"post-16868","1":"product","2":"type-product","3":"status-publish","5":"product_cat-okategoriserad","7":"first","8":"instock","9":"shipping-taxable","10":"purchasable","11":"product-type-simple"},"_links":{"self":[{"href":"https:\/\/nordicmart.andreevmaster.com\/sv\/wp-json\/wp\/v2\/product\/16868","targetHints":{"allow":["GET"]}}],"collection":[{"href":"https:\/\/nordicmart.andreevmaster.com\/sv\/wp-json\/wp\/v2\/product"}],"about":[{"href":"https:\/\/nordicmart.andreevmaster.com\/sv\/wp-json\/wp\/v2\/types\/product"}],"replies":[{"embeddable":true,"href":"https:\/\/nordicmart.andreevmaster.com\/sv\/wp-json\/wp\/v2\/comments?post=16868"}],"wp:attachment":[{"href":"https:\/\/nordicmart.andreevmaster.com\/sv\/wp-json\/wp\/v2\/media?parent=16868"}],"wp:term":[{"taxonomy":"product_brand","embeddable":true,"href":"https:\/\/nordicmart.andreevmaster.com\/sv\/wp-json\/wp\/v2\/product_brand?post=16868"},{"taxonomy":"product_cat","embeddable":true,"href":"https:\/\/nordicmart.andreevmaster.com\/sv\/wp-json\/wp\/v2\/product_cat?post=16868"},{"taxonomy":"product_tag","embeddable":true,"href":"https:\/\/nordicmart.andreevmaster.com\/sv\/wp-json\/wp\/v2\/product_tag?post=16868"}],"curies":[{"name":"wp","href":"https:\/\/api.w.org\/{rel}","templated":true}]}}