{"id":16867,"date":"2026-02-27T00:32:34","date_gmt":"2026-02-27T00:32:34","guid":{"rendered":"https:\/\/nordicmart.andreevmaster.com\/product\/masterkidz-montessori-pedagogisk-tavla-fornybar-och-icke-fornybar-energi\/"},"modified":"2026-02-27T08:22:40","modified_gmt":"2026-02-27T08:22:40","slug":"masterkidz-montessori-pedagogisk-tavla-fornybar-och-icke-fornybar-energi","status":"publish","type":"product","link":"https:\/\/nordicmart.andreevmaster.com\/sv\/produkt\/masterkidz-montessori-pedagogisk-tavla-fornybar-och-icke-fornybar-energi\/","title":{"rendered":"MASTERKIDZ Montessori-pedagogisk tavla F\u00f6rnybar och icke-f\u00f6rnybar energi"},"content":{"rendered":"<p>Med Masterkidz pedagogiska tavlor kan barn utveckla m\u00e5nga f\u00e4rdigheter samtidigt. Varje tavla l\u00e4r barn genom olika intressanta \u00e4mnen hur man fungerar i samh\u00e4llet och l\u00e5ter dem l\u00e4ra sig om v\u00e4rlden omkring oss. Vi kan ha flera tavlor och enkelt byta mellan dem, och specialramar h\u00e5ller tavlan perfekt p\u00e5 plats p\u00e5 v\u00e4ggen.<br \/>\nFunktioner:<br \/>\n* &#8211; Du kan ha flera tavlor och enkelt byta mellan dem, och de speciella ramarna h\u00e5ller tavlan perfekt p\u00e5 plats p\u00e5 v\u00e4ggen.<br \/>\n* &#8211; Tavlan kan ocks\u00e5 anv\u00e4ndas utan ramar, t.ex. p\u00e5 ett bord eller p\u00e5 golvet<br \/>\n* &#8211; Barn b\u00f6r l\u00e4ra sig om f\u00f6rnybar energi, som har potential att f\u00f6rb\u00e4ttra deras liv i framtiden.* &#8211; Tavlan \u00e4r uppdelad i tv\u00e5 halvor. * &#8211; Den v\u00e4nstra sidan av tavlan visar en olycklig jord, med f\u00f6rbrukning av kol, br\u00e4nslen, radioaktiv energi och andra icke-f\u00f6rnybara resurser.* &#8211; Den h\u00f6gra sidan av tavlan visar en lycklig jord, d\u00e4r m\u00e4nniskor endast anv\u00e4nder f\u00f6rnybar energi, s\u00e5som vind-, vatten- och solenergi. * &#8211; Icke-f\u00f6rnybar energi \u2013 f\u00f6r n\u00e4rvarande kommer st\u00f6rre delen av v\u00e4rldens energi fr\u00e5n fossila br\u00e4nslen, som fr\u00e4mst anv\u00e4nds f\u00f6r el, v\u00e4rme och transport. Fossila br\u00e4nslen \u00e4r r\u00e5varor f\u00f6r produktion av gas, bensin, diesel, kol och olja. Utvinning och f\u00f6rbrukning av fossila br\u00e4nslen orsakar mycket energi och f\u00f6roreningar<br \/>\n* &#8211; F\u00f6rnybar energi \u2013 olika typer av f\u00f6rnybar energi forskas p\u00e5 f\u00f6r att motverka effekterna och utvecklingen av klimatf\u00f6r\u00e4ndringarna. Dessa inkluderar solenergi, vindkraft, vattenkraft, biomassa och andra nya k\u00e4llor. Dessa \u00e4r energik\u00e4llor som kan anv\u00e4ndas utan att resurserna tar slut \u2013 oavsett hur mycket energi vi omvandlar fr\u00e5n solen kommer v\u00e5r anv\u00e4ndning inte att p\u00e5verka dess form<br \/>\n* &#8211; ljuseffekter anv\u00e4nds f\u00f6r att visa hur ett ljus i ett hus t\u00e4nds<br \/>\n* &#8211; en handvevad vattenkraftgenerator hj\u00e4lper barn att visualisera hur str\u00f6mmande vatten genererar energi<br \/>\n* &#8211; batterier kr\u00e4vs f\u00f6r drift<\/p>\n<p>Leksaken utvecklar:<\/p>\n<p>* &#8211; motoriska f\u00e4rdigheter<br \/>\n* &#8211; sensoriska f\u00e4rdigheter<br \/>\n* &#8211; hand-\u00f6ga-koordination<br \/>\n* &#8211; fantasi<br \/>\n* &#8211; koncentration<br \/>\n* &#8211; nyfikenhet<\/p>\n","protected":false},"excerpt":{"rendered":"<p>Med Masterkidz pedagogiska tavlor kan barn utveckla m\u00e5nga f\u00e4rdigheter samtidigt. Varje tavla l\u00e4r barn genom olika intressanta \u00e4mnen hur man fungerar i samh\u00e4llet och l\u00e5ter dem l\u00e4ra sig om v\u00e4rlden omkring oss. Vi kan ha flera tavlor och enkelt byta mellan dem, och specialramar h\u00e5ller tavlan perfekt p\u00e5 plats p\u00e5 v\u00e4ggen. Funktioner: * &#8211; Du [&hellip;]<\/p>\n","protected":false},"featured_media":0,"comment_status":"open","ping_status":"closed","template":"","meta":[],"product_brand":[],"product_cat":[33],"product_tag":[],"class_list":{"0":"post-16867","1":"product","2":"type-product","3":"status-publish","5":"product_cat-okategoriserad","7":"first","8":"instock","9":"shipping-taxable","10":"purchasable","11":"product-type-simple"},"_links":{"self":[{"href":"https:\/\/nordicmart.andreevmaster.com\/sv\/wp-json\/wp\/v2\/product\/16867","targetHints":{"allow":["GET"]}}],"collection":[{"href":"https:\/\/nordicmart.andreevmaster.com\/sv\/wp-json\/wp\/v2\/product"}],"about":[{"href":"https:\/\/nordicmart.andreevmaster.com\/sv\/wp-json\/wp\/v2\/types\/product"}],"replies":[{"embeddable":true,"href":"https:\/\/nordicmart.andreevmaster.com\/sv\/wp-json\/wp\/v2\/comments?post=16867"}],"wp:attachment":[{"href":"https:\/\/nordicmart.andreevmaster.com\/sv\/wp-json\/wp\/v2\/media?parent=16867"}],"wp:term":[{"taxonomy":"product_brand","embeddable":true,"href":"https:\/\/nordicmart.andreevmaster.com\/sv\/wp-json\/wp\/v2\/product_brand?post=16867"},{"taxonomy":"product_cat","embeddable":true,"href":"https:\/\/nordicmart.andreevmaster.com\/sv\/wp-json\/wp\/v2\/product_cat?post=16867"},{"taxonomy":"product_tag","embeddable":true,"href":"https:\/\/nordicmart.andreevmaster.com\/sv\/wp-json\/wp\/v2\/product_tag?post=16867"}],"curies":[{"name":"wp","href":"https:\/\/api.w.org\/{rel}","templated":true}]}}