{"id":16865,"date":"2026-02-27T00:32:33","date_gmt":"2026-02-27T00:32:33","guid":{"rendered":"https:\/\/nordicmart.andreevmaster.com\/product\/masterkidz-vaggpanel-kreativ-stem-vetenskapsbrada-utomhusbrada-monteringspanel-80-x-80-cm\/"},"modified":"2026-02-27T08:22:39","modified_gmt":"2026-02-27T08:22:39","slug":"masterkidz-vaggpanel-kreativ-stem-vetenskapsbrada-utomhusbrada-monteringspanel-80-x-80-cm","status":"publish","type":"product","link":"https:\/\/nordicmart.andreevmaster.com\/sv\/produkt\/masterkidz-vaggpanel-kreativ-stem-vetenskapsbrada-utomhusbrada-monteringspanel-80-x-80-cm\/","title":{"rendered":"MASTERKIDZ V\u00e4ggpanel Kreativ STEM-vetenskapsbr\u00e4da Utomhusbr\u00e4da + monteringspanel 80 x 80 (cm)"},"content":{"rendered":"<p>Masterkidz STEM Educational Board f\u00f6rvandlar alla utrymmen till en fascinerande v\u00e4rld av vetenskap och kreativitet f\u00f6r barn. Denna unika v\u00e4derbest\u00e4ndiga panel som m\u00e4ter 80 x 80 cm \u00e4r en port till o\u00e4ndliga utbildningsm\u00f6jligheter och kombinerar lek med l\u00e4rande p\u00e5 ett s\u00e4tt som kommer att gl\u00e4dja unga uppt\u00e4cktsresande och ge dem timmar av konstruktiv underh\u00e5llning. STEM-tavlan \u00e4r ett utm\u00e4rkt pedagogiskt verktyg som l\u00e5ter barn uppt\u00e4cka vetenskapens och konstens v\u00e4rld genom interaktiv lek med m\u00e5nga kompatibla tillbeh\u00f6r, allt fr\u00e5n f\u00e4rgglada pinnar f\u00f6r att skapa vackra bilder till kugghjulssystem f\u00f6r att bygga komplexa mekanismer.VERSION MED MONTERINGSPANEL Denna version har en monteringspanel som g\u00f6r det enkelt att montera tavlan p\u00e5 valfri yta. Dessutom m\u00f6jligg\u00f6r panelen enkel och snabb byte av STEM-paneler, s\u00e5 att du kan skapa otaliga tavelkonfigurationer.<\/p>\n<p>Funktioner:<\/p>\n<p>* &#8211; Modulsystem kompatibelt med STEM-tillbeh\u00f6r<br \/>\n* &#8211; Tillverkat av s\u00e4kra och h\u00e5llbara material<br \/>\n* &#8211; V\u00e4derbest\u00e4ndigt<br \/>\n* &#8211; Utm\u00e4rkt bas f\u00f6r experiment inom mekanik, hydraulik och konst<br \/>\n* &#8211; L\u00e4tt att montera<\/p>\n<p>Kompatibelt med STEM-system (s\u00e4ljs separat):<\/p>\n<p>* &#8211; F\u00e4rgade pinnar ME12746 ME14450 ME21113 ME21137 ME21120 ME21144<br \/>\n* &#8211; F\u00e4rgade kristaller ME13989<br \/>\n* &#8211; F\u00e4rgade sn\u00f6ren f\u00f6r att koppla ihop pinnar ME14467<br \/>\n* &#8211; F\u00e4rgade skruvar ME20963 ME29911<br \/>\n* &#8211; Byggklossar ME29027 ME29010 ME29089<br \/>\n* &#8211; Geometriska former ME14696 ME14702 ME14818 ME14825 ME31181<br \/>\n* &#8211; Kugghjul och kedjor ME13460 ME24343 ME31204<br \/>\n* &#8211; Kul- och vattenbanor ME14788 ME14870 ME14665 ME15143 ME25043<br \/>\n* &#8211; Pumpsats f\u00f6r att bygga r\u00f6rsystem ME13149<br \/>\n* &#8211; Bokstavs- och sifferset ME30412 ME30429<br \/>\n* &#8211; Beh\u00e5llare och tillbeh\u00f6r ME12845 ME16560 ME14672<\/p>\n<p>&#8211; F\u00e4rgade pinnar ME12746 ME14450 ME21113 ME21137 ME21120 ME21144<\/p>\n<p>&#8211; F\u00e4rgade kristaller ME13989<\/p>\n<p>&#8211; F\u00e4rgglada sn\u00f6ren f\u00f6r att koppla ihop pinnarna ME14467<\/p>\n<p>&#8211; F\u00e4rgglada skruvar ME20963 ME29911<\/p>\n<p>&#8211; Byggklossar ME29027 ME29010 ME29089<\/p>\n<p>&#8211; Geometriska former ME14696 ME14702 ME14818 ME14825 ME31181<\/p>\n<p>&#8211; Kugghjul och kedjor ME13460 ME24343 ME31204<\/p>\n<p>&#8211; Kul- och vattenbanor ME14788 ME14870 ME14665 ME15143 ME25043<\/p>\n<p>&#8211; Pumpkit f\u00f6r att bygga r\u00f6rsystem ME13149<\/p>\n<p>&#8211; Bokstavs- och sifferset ME30412 ME30429<\/p>\n<p>&#8211; Beh\u00e5llare och tillbeh\u00f6r ME12845 ME16560 ME14672<\/p>\n","protected":false},"excerpt":{"rendered":"<p>Masterkidz STEM Educational Board f\u00f6rvandlar alla utrymmen till en fascinerande v\u00e4rld av vetenskap och kreativitet f\u00f6r barn. Denna unika v\u00e4derbest\u00e4ndiga panel som m\u00e4ter 80 x 80 cm \u00e4r en port till o\u00e4ndliga utbildningsm\u00f6jligheter och kombinerar lek med l\u00e4rande p\u00e5 ett s\u00e4tt som kommer att gl\u00e4dja unga uppt\u00e4cktsresande och ge dem timmar av konstruktiv underh\u00e5llning. STEM-tavlan [&hellip;]<\/p>\n","protected":false},"featured_media":0,"comment_status":"open","ping_status":"closed","template":"","meta":[],"product_brand":[],"product_cat":[33],"product_tag":[],"class_list":{"0":"post-16865","1":"product","2":"type-product","3":"status-publish","5":"product_cat-okategoriserad","7":"first","8":"instock","9":"shipping-taxable","10":"purchasable","11":"product-type-simple"},"_links":{"self":[{"href":"https:\/\/nordicmart.andreevmaster.com\/sv\/wp-json\/wp\/v2\/product\/16865","targetHints":{"allow":["GET"]}}],"collection":[{"href":"https:\/\/nordicmart.andreevmaster.com\/sv\/wp-json\/wp\/v2\/product"}],"about":[{"href":"https:\/\/nordicmart.andreevmaster.com\/sv\/wp-json\/wp\/v2\/types\/product"}],"replies":[{"embeddable":true,"href":"https:\/\/nordicmart.andreevmaster.com\/sv\/wp-json\/wp\/v2\/comments?post=16865"}],"wp:attachment":[{"href":"https:\/\/nordicmart.andreevmaster.com\/sv\/wp-json\/wp\/v2\/media?parent=16865"}],"wp:term":[{"taxonomy":"product_brand","embeddable":true,"href":"https:\/\/nordicmart.andreevmaster.com\/sv\/wp-json\/wp\/v2\/product_brand?post=16865"},{"taxonomy":"product_cat","embeddable":true,"href":"https:\/\/nordicmart.andreevmaster.com\/sv\/wp-json\/wp\/v2\/product_cat?post=16865"},{"taxonomy":"product_tag","embeddable":true,"href":"https:\/\/nordicmart.andreevmaster.com\/sv\/wp-json\/wp\/v2\/product_tag?post=16865"}],"curies":[{"name":"wp","href":"https:\/\/api.w.org\/{rel}","templated":true}]}}