{"id":16863,"date":"2026-02-27T00:32:32","date_gmt":"2026-02-27T00:32:32","guid":{"rendered":"https:\/\/nordicmart.andreevmaster.com\/product\/masterkidz-vaggpanel-kreativ-stem-vetenskapsbrada-utomhusbrada-monteringspanel-120x80cm\/"},"modified":"2026-02-27T08:22:39","modified_gmt":"2026-02-27T08:22:39","slug":"masterkidz-vaggpanel-kreativ-stem-vetenskapsbrada-utomhusbrada-monteringspanel-120x80cm","status":"publish","type":"product","link":"https:\/\/nordicmart.andreevmaster.com\/sv\/produkt\/masterkidz-vaggpanel-kreativ-stem-vetenskapsbrada-utomhusbrada-monteringspanel-120x80cm\/","title":{"rendered":"MASTERKIDZ V\u00e4ggpanel Kreativ STEM-vetenskapsbr\u00e4da Utomhusbr\u00e4da + monteringspanel 120x80cm"},"content":{"rendered":"<p>Masterkidz utomhus STEM-pedagogisk v\u00e4ggpanel m\u00f6jligg\u00f6r kreativt lekande och l\u00e4rande om vetenskapens v\u00e4rld. De breda panelerna, som m\u00e4ter 80&#215;120 cm, har h\u00e5l i vilka f\u00e4rgglada pinnar kan s\u00e4ttas in f\u00f6r att skapa vackra m\u00f6nster. Olika pedagogiska hj\u00e4lpmedel, kugghjul, r\u00f6rsystem med pump och andra intressanta element kan ocks\u00e5 f\u00e4stas p\u00e5 tavlan.Med STEM Masterkidz Outdoor Educational Board kan ditt barn b\u00f6rja leka kreativt och pedagogiskt genom att skapa vackra m\u00f6nster och strukturer tack vare de otaliga typer av element som kan anv\u00e4ndas i leken. Din lilla kommer att n\u00e5 h\u00f6jderna av sin fantasi genom att skapa m\u00e4sterverk eller konstruera en mekanism av kugghjul eller ett r\u00f6rsystem. Panelen \u00e4r tillverkad av v\u00e4derbest\u00e4ndiga material som \u00e4r resistenta mot missf\u00e4rgning och sprickbildning.Element som \u00e4r kompatibla med tavlan (s\u00e4ljs separat):* &#8211; F\u00e4rgade pinnar ME12746 ME14450 ME21113 ME21137 ME21120 ME21144* &#8211; F\u00e4rgade kristaller ME13989* &#8211; F\u00e4rgade sn\u00f6ren f\u00f6r att koppla ihop med pinnar ME14467<br \/>\n* &#8211; F\u00e4rgade skruvar ME20963 ME29911<br \/>\n* &#8211; Geometriska former ME14696 ME14702 ME14818 ME14825 ME31181<br \/>\n* &#8211; Kugghjul och kedjor ME13460 ME24343 ME31204<br \/>\n* &#8211; Boll- och vattenbanor ME14788 ME14665 ME15143 ME25043<br \/>\n* &#8211; Byggsats f\u00f6r r\u00f6rsystem med pump ME13149<br \/>\n* &#8211; Set med bokst\u00e4ver och siffror ME30412 ME30429<\/p>\n<p>Tack vare Masterkidz pedagogiska tavla l\u00e4r sig ditt barn hur mekanismer och vattensystem fungerar, ser hur en vattenpump fungerar och l\u00e4r sig om geometriska figurer och former. Skruvarna, f\u00f6r vilka du kan k\u00f6pa specialverktyg, kommer ocks\u00e5 att vara till stor hj\u00e4lp. Tack vare dem l\u00e4r sig ditt barn att anv\u00e4nda skruvmejsel, skruvnyckel och skiftnycklar p\u00e5 r\u00e4tt s\u00e4tt, samtidigt som det leker s\u00e4kert. <\/p>\n<p>SETET INNEH\u00c5LLER EN MONTERINGSPANEL!<\/p>\n","protected":false},"excerpt":{"rendered":"<p>Masterkidz utomhus STEM-pedagogisk v\u00e4ggpanel m\u00f6jligg\u00f6r kreativt lekande och l\u00e4rande om vetenskapens v\u00e4rld. De breda panelerna, som m\u00e4ter 80&#215;120 cm, har h\u00e5l i vilka f\u00e4rgglada pinnar kan s\u00e4ttas in f\u00f6r att skapa vackra m\u00f6nster. Olika pedagogiska hj\u00e4lpmedel, kugghjul, r\u00f6rsystem med pump och andra intressanta element kan ocks\u00e5 f\u00e4stas p\u00e5 tavlan.Med STEM Masterkidz Outdoor Educational Board kan [&hellip;]<\/p>\n","protected":false},"featured_media":0,"comment_status":"open","ping_status":"closed","template":"","meta":[],"product_brand":[],"product_cat":[33],"product_tag":[],"class_list":{"0":"post-16863","1":"product","2":"type-product","3":"status-publish","5":"product_cat-okategoriserad","7":"first","8":"instock","9":"shipping-taxable","10":"purchasable","11":"product-type-simple"},"_links":{"self":[{"href":"https:\/\/nordicmart.andreevmaster.com\/sv\/wp-json\/wp\/v2\/product\/16863","targetHints":{"allow":["GET"]}}],"collection":[{"href":"https:\/\/nordicmart.andreevmaster.com\/sv\/wp-json\/wp\/v2\/product"}],"about":[{"href":"https:\/\/nordicmart.andreevmaster.com\/sv\/wp-json\/wp\/v2\/types\/product"}],"replies":[{"embeddable":true,"href":"https:\/\/nordicmart.andreevmaster.com\/sv\/wp-json\/wp\/v2\/comments?post=16863"}],"wp:attachment":[{"href":"https:\/\/nordicmart.andreevmaster.com\/sv\/wp-json\/wp\/v2\/media?parent=16863"}],"wp:term":[{"taxonomy":"product_brand","embeddable":true,"href":"https:\/\/nordicmart.andreevmaster.com\/sv\/wp-json\/wp\/v2\/product_brand?post=16863"},{"taxonomy":"product_cat","embeddable":true,"href":"https:\/\/nordicmart.andreevmaster.com\/sv\/wp-json\/wp\/v2\/product_cat?post=16863"},{"taxonomy":"product_tag","embeddable":true,"href":"https:\/\/nordicmart.andreevmaster.com\/sv\/wp-json\/wp\/v2\/product_tag?post=16863"}],"curies":[{"name":"wp","href":"https:\/\/api.w.org\/{rel}","templated":true}]}}