{"id":16861,"date":"2026-02-27T00:32:32","date_gmt":"2026-02-27T00:32:32","guid":{"rendered":"https:\/\/nordicmart.andreevmaster.com\/product\/masterkidz-pedagogisk-tavla-hur-mar-du-lar-dig-kanslor-montessori\/"},"modified":"2026-02-27T08:22:39","modified_gmt":"2026-02-27T08:22:39","slug":"masterkidz-pedagogisk-tavla-hur-mar-du-lar-dig-kanslor-montessori","status":"publish","type":"product","link":"https:\/\/nordicmart.andreevmaster.com\/sv\/produkt\/masterkidz-pedagogisk-tavla-hur-mar-du-lar-dig-kanslor-montessori\/","title":{"rendered":"MASTERKIDZ Pedagogisk tavla Hur m\u00e5r du? L\u00e4r dig k\u00e4nslor Montessori"},"content":{"rendered":"<p>Pedagogiska tavlor fr\u00e5n Masterkidz g\u00f6r det m\u00f6jligt f\u00f6r barn att utveckla m\u00e5nga f\u00e4rdigheter samtidigt. Varje tavla l\u00e4r barn genom olika intressanta \u00e4mnen hur man fungerar i samh\u00e4llet och g\u00f6r det m\u00f6jligt f\u00f6r dem att l\u00e4ra sig om v\u00e4rlden omkring oss. Vi kan ha flera tavlor och enkelt byta mellan dem, och specialramar h\u00e5ller tavlan perfekt p\u00e5 plats p\u00e5 v\u00e4ggen. <\/p>\n<p>Egenskaper: <\/p>\n<p>* &#8211; Du kan ha flera tavlor och enkelt byta mellan dem, och specialramarna h\u00e5ller tavlan perfekt p\u00e5 plats p\u00e5 v\u00e4ggen.<br \/>\n* &#8211; Tavlan kan ocks\u00e5 anv\u00e4ndas utan ramar, t.ex. p\u00e5 ett bord eller p\u00e5 golvet.<br \/>\n* &#8211; Att hj\u00e4lpa barn att identifiera och beskriva k\u00e4nslor \u00e4r ett viktigt f\u00f6rsta steg i att l\u00e4ra sig om k\u00e4nslor. Sm\u00e5 barn kan inte beskriva k\u00e4nslor med ord, men tavlan g\u00f6r det m\u00f6jligt f\u00f6r dem att uttrycka sina k\u00e4nslor eller l\u00e4ra sig om k\u00e4nslor som de inte k\u00e4nde till tidigare.* &#8211; Barnen justerar sina k\u00e4nslor genom att \u00e4ndra riktningen p\u00e5 \u00f6gonbryn, \u00f6gon, n\u00e4sa och mun, och kan l\u00e4gga till t\u00e5rar eller rodnad. * &#8211; Det finns ocks\u00e5 tre k\u00e4nsloindikatorer \u2013 gl\u00e4dje, sorg och ilska \u2013 barnen visar k\u00e4nslor genom att flytta tr\u00e4pinnar.* &#8211; L\u00e4ngst ner p\u00e5 tavlan finns 10 olika situationer fr\u00e5n vardagen \u2013 en v\u00e5rdgivare eller l\u00e4rare kan v\u00e4lja en situation och be barnet att uttrycka sina k\u00e4nslor under en s\u00e5dan h\u00e4ndelse genom att arrangera ansiktet d\u00e4refter eller flytta pinnen p\u00e5 indikatorerna \u2013 detta \u00e4r en mycket intressant upplevelse, eftersom vi kan visa barnen att var och en av dem k\u00e4nner helt olika k\u00e4nslor i en given situation. Leksaken utvecklar:<\/p>\n<p>* &#8211; motoriska f\u00e4rdigheter<br \/>\n* &#8211; sensoriska f\u00e4rdigheter<br \/>\n* &#8211; hand-\u00f6ga-koordination<br \/>\n* &#8211; fantasi<br \/>\n* &#8211; koncentration<br \/>\n* &#8211; nyfikenhet<\/p>\n","protected":false},"excerpt":{"rendered":"<p>Pedagogiska tavlor fr\u00e5n Masterkidz g\u00f6r det m\u00f6jligt f\u00f6r barn att utveckla m\u00e5nga f\u00e4rdigheter samtidigt. Varje tavla l\u00e4r barn genom olika intressanta \u00e4mnen hur man fungerar i samh\u00e4llet och g\u00f6r det m\u00f6jligt f\u00f6r dem att l\u00e4ra sig om v\u00e4rlden omkring oss. Vi kan ha flera tavlor och enkelt byta mellan dem, och specialramar h\u00e5ller tavlan perfekt [&hellip;]<\/p>\n","protected":false},"featured_media":0,"comment_status":"open","ping_status":"closed","template":"","meta":[],"product_brand":[],"product_cat":[33],"product_tag":[],"class_list":{"0":"post-16861","1":"product","2":"type-product","3":"status-publish","5":"product_cat-okategoriserad","7":"first","8":"instock","9":"shipping-taxable","10":"purchasable","11":"product-type-simple"},"_links":{"self":[{"href":"https:\/\/nordicmart.andreevmaster.com\/sv\/wp-json\/wp\/v2\/product\/16861","targetHints":{"allow":["GET"]}}],"collection":[{"href":"https:\/\/nordicmart.andreevmaster.com\/sv\/wp-json\/wp\/v2\/product"}],"about":[{"href":"https:\/\/nordicmart.andreevmaster.com\/sv\/wp-json\/wp\/v2\/types\/product"}],"replies":[{"embeddable":true,"href":"https:\/\/nordicmart.andreevmaster.com\/sv\/wp-json\/wp\/v2\/comments?post=16861"}],"wp:attachment":[{"href":"https:\/\/nordicmart.andreevmaster.com\/sv\/wp-json\/wp\/v2\/media?parent=16861"}],"wp:term":[{"taxonomy":"product_brand","embeddable":true,"href":"https:\/\/nordicmart.andreevmaster.com\/sv\/wp-json\/wp\/v2\/product_brand?post=16861"},{"taxonomy":"product_cat","embeddable":true,"href":"https:\/\/nordicmart.andreevmaster.com\/sv\/wp-json\/wp\/v2\/product_cat?post=16861"},{"taxonomy":"product_tag","embeddable":true,"href":"https:\/\/nordicmart.andreevmaster.com\/sv\/wp-json\/wp\/v2\/product_tag?post=16861"}],"curies":[{"name":"wp","href":"https:\/\/api.w.org\/{rel}","templated":true}]}}