{"id":16855,"date":"2026-02-27T00:32:30","date_gmt":"2026-02-27T00:32:30","guid":{"rendered":"https:\/\/nordicmart.andreevmaster.com\/product\/masterkidz-fyrkantig-ram-for-montering-av-led-paneler\/"},"modified":"2026-02-27T08:22:37","modified_gmt":"2026-02-27T08:22:37","slug":"masterkidz-fyrkantig-ram-for-montering-av-led-paneler","status":"publish","type":"product","link":"https:\/\/nordicmart.andreevmaster.com\/sv\/produkt\/masterkidz-fyrkantig-ram-for-montering-av-led-paneler\/","title":{"rendered":"MASTERKIDZ Fyrkantig ram f\u00f6r montering av LED-paneler"},"content":{"rendered":"<p>Ett set med tv\u00e5 robusta monteringsf\u00e4sten som \u00e4r utformade f\u00f6r s\u00e4ker och stabil montering av Masterkidz-ljuspaneler p\u00e5 v\u00e4ggar eller STEM-manipulationsbr\u00e4dor. F\u00e4stet \u00e4r tillverkat av h\u00f6gkvalitativt tr\u00e4, vilket garanterar h\u00e5llbarhet och ett estetiskt utseende som passar perfekt i moderna utbildnings- och terapimilj\u00f6er.<\/p>\n<p>Egenskaper:<\/p>\n<p>* Tillverkat av h\u00f6gkvalitativt tr\u00e4<br \/>\n* Kompatibelt med Masterkidz LED-paneler<br \/>\n* Stabil montering och skydd av panelen<\/p>\n","protected":false},"excerpt":{"rendered":"<p>Ett set med tv\u00e5 robusta monteringsf\u00e4sten som \u00e4r utformade f\u00f6r s\u00e4ker och stabil montering av Masterkidz-ljuspaneler p\u00e5 v\u00e4ggar eller STEM-manipulationsbr\u00e4dor. F\u00e4stet \u00e4r tillverkat av h\u00f6gkvalitativt tr\u00e4, vilket garanterar h\u00e5llbarhet och ett estetiskt utseende som passar perfekt i moderna utbildnings- och terapimilj\u00f6er. Egenskaper: * Tillverkat av h\u00f6gkvalitativt tr\u00e4 * Kompatibelt med Masterkidz LED-paneler * Stabil montering [&hellip;]<\/p>\n","protected":false},"featured_media":0,"comment_status":"open","ping_status":"closed","template":"","meta":[],"product_brand":[],"product_cat":[33],"product_tag":[],"class_list":{"0":"post-16855","1":"product","2":"type-product","3":"status-publish","5":"product_cat-okategoriserad","7":"first","8":"instock","9":"shipping-taxable","10":"purchasable","11":"product-type-simple"},"_links":{"self":[{"href":"https:\/\/nordicmart.andreevmaster.com\/sv\/wp-json\/wp\/v2\/product\/16855","targetHints":{"allow":["GET"]}}],"collection":[{"href":"https:\/\/nordicmart.andreevmaster.com\/sv\/wp-json\/wp\/v2\/product"}],"about":[{"href":"https:\/\/nordicmart.andreevmaster.com\/sv\/wp-json\/wp\/v2\/types\/product"}],"replies":[{"embeddable":true,"href":"https:\/\/nordicmart.andreevmaster.com\/sv\/wp-json\/wp\/v2\/comments?post=16855"}],"wp:attachment":[{"href":"https:\/\/nordicmart.andreevmaster.com\/sv\/wp-json\/wp\/v2\/media?parent=16855"}],"wp:term":[{"taxonomy":"product_brand","embeddable":true,"href":"https:\/\/nordicmart.andreevmaster.com\/sv\/wp-json\/wp\/v2\/product_brand?post=16855"},{"taxonomy":"product_cat","embeddable":true,"href":"https:\/\/nordicmart.andreevmaster.com\/sv\/wp-json\/wp\/v2\/product_cat?post=16855"},{"taxonomy":"product_tag","embeddable":true,"href":"https:\/\/nordicmart.andreevmaster.com\/sv\/wp-json\/wp\/v2\/product_tag?post=16855"}],"curies":[{"name":"wp","href":"https:\/\/api.w.org\/{rel}","templated":true}]}}