{"id":16854,"date":"2026-02-27T00:32:30","date_gmt":"2026-02-27T00:32:30","guid":{"rendered":"https:\/\/nordicmart.andreevmaster.com\/product\/masterkidz-stem-board-pipe-system-80-delar\/"},"modified":"2026-02-27T08:22:37","modified_gmt":"2026-02-27T08:22:37","slug":"masterkidz-stem-board-pipe-system-80-delar","status":"publish","type":"product","link":"https:\/\/nordicmart.andreevmaster.com\/sv\/produkt\/masterkidz-stem-board-pipe-system-80-delar\/","title":{"rendered":"MASTERKIDZ STEM Board Pipe System 80 delar"},"content":{"rendered":"<p>Sensoriskt leksak, set med 80 delar, som kan anv\u00e4ndas f\u00f6r att bygga ett fantastiskt hydrauliskt system med r\u00f6r, kopplingar och ventiler. <\/p>\n<p>En vattenpump kan k\u00f6pas separat f\u00f6r att g\u00f6ra leksaken \u00e4nnu mer intressant. Vatten kan h\u00e4llas genom r\u00f6ren med hj\u00e4lp av kannorna som ing\u00e5r i setet, men du kan ocks\u00e5 se tr\u00e4kulor falla n\u00e4r du kastar in dem. Du kan bygga ett stort r\u00f6rsystem eller flera mindre s\u00e5 att flera barn kan leka samtidigt. En fantastisk leksak fr\u00e5n Masterkidz som kan anv\u00e4ndas f\u00f6r att bygga ett hydrauliskt system.<\/p>\n<p>Satsen inneh\u00e5ller 80 delar, inklusive:<\/p>\n<p>r\u00f6r \u2013 2&#215;120 cm, 6&#215;25 cm, 8&#215;10 cm,<\/p>\n<p>kopplingar \u2013 16 st.,<\/p>\n<p>skruvar \u2013 24 st.,<\/p>\n<p>ventiler \u2013 12 st.,<\/p>\n<p>bollar \u2013 5 st.,<\/p>\n<p>kannor \u2013 2 st.,<\/p>\n<p>tratt \u2013 2 st.,<\/p>\n<p>kran.<\/p>\n<p>Det roliga kan forts\u00e4tta i all o\u00e4ndlighet och ditt barn kan experimentera fritt med setet.<\/p>\n","protected":false},"excerpt":{"rendered":"<p>Sensoriskt leksak, set med 80 delar, som kan anv\u00e4ndas f\u00f6r att bygga ett fantastiskt hydrauliskt system med r\u00f6r, kopplingar och ventiler. En vattenpump kan k\u00f6pas separat f\u00f6r att g\u00f6ra leksaken \u00e4nnu mer intressant. Vatten kan h\u00e4llas genom r\u00f6ren med hj\u00e4lp av kannorna som ing\u00e5r i setet, men du kan ocks\u00e5 se tr\u00e4kulor falla n\u00e4r du [&hellip;]<\/p>\n","protected":false},"featured_media":0,"comment_status":"open","ping_status":"closed","template":"","meta":[],"product_brand":[],"product_cat":[33],"product_tag":[],"class_list":{"0":"post-16854","1":"product","2":"type-product","3":"status-publish","5":"product_cat-okategoriserad","7":"first","8":"instock","9":"shipping-taxable","10":"purchasable","11":"product-type-simple"},"_links":{"self":[{"href":"https:\/\/nordicmart.andreevmaster.com\/sv\/wp-json\/wp\/v2\/product\/16854","targetHints":{"allow":["GET"]}}],"collection":[{"href":"https:\/\/nordicmart.andreevmaster.com\/sv\/wp-json\/wp\/v2\/product"}],"about":[{"href":"https:\/\/nordicmart.andreevmaster.com\/sv\/wp-json\/wp\/v2\/types\/product"}],"replies":[{"embeddable":true,"href":"https:\/\/nordicmart.andreevmaster.com\/sv\/wp-json\/wp\/v2\/comments?post=16854"}],"wp:attachment":[{"href":"https:\/\/nordicmart.andreevmaster.com\/sv\/wp-json\/wp\/v2\/media?parent=16854"}],"wp:term":[{"taxonomy":"product_brand","embeddable":true,"href":"https:\/\/nordicmart.andreevmaster.com\/sv\/wp-json\/wp\/v2\/product_brand?post=16854"},{"taxonomy":"product_cat","embeddable":true,"href":"https:\/\/nordicmart.andreevmaster.com\/sv\/wp-json\/wp\/v2\/product_cat?post=16854"},{"taxonomy":"product_tag","embeddable":true,"href":"https:\/\/nordicmart.andreevmaster.com\/sv\/wp-json\/wp\/v2\/product_tag?post=16854"}],"curies":[{"name":"wp","href":"https:\/\/api.w.org\/{rel}","templated":true}]}}