{"id":16852,"date":"2026-02-27T00:32:30","date_gmt":"2026-02-27T00:32:30","guid":{"rendered":"https:\/\/nordicmart.andreevmaster.com\/product\/masterkidz-geometriska-braddelar-256-st\/"},"modified":"2026-02-27T08:22:37","modified_gmt":"2026-02-27T08:22:37","slug":"masterkidz-geometriska-braddelar-256-st","status":"publish","type":"product","link":"https:\/\/nordicmart.andreevmaster.com\/sv\/produkt\/masterkidz-geometriska-braddelar-256-st\/","title":{"rendered":"MASTERKIDZ Geometriska br\u00e4ddelar 256 st."},"content":{"rendered":"<p>STEM-taveltillbeh\u00f6r \u2013 256 delar.<\/p>\n<p>Flerf\u00e4rgade plastpinnar i form av geometriska figurer f\u00f6r att skapa fantastiska, sagolika m\u00f6nster. De \u00e4r ett av de mest popul\u00e4ra tillbeh\u00f6ren till Masterkidz kreativa tavlor. STEM-taveltillbeh\u00f6rssetet inneh\u00e5ller 256 delar i 4 former och 8 f\u00e4rger, som kan anv\u00e4ndas f\u00f6r att skapa ett obegr\u00e4nsat antal kreativa bilder.<\/p>\n<p>En vacker, kreativ form av lek som ger m\u00e5nga pedagogiska f\u00f6rdelar, s\u00e5som att l\u00e4ra sig former, f\u00e4rger och m\u00f6nster. Genom att bygga nya bilder tr\u00e4nar barnen sin finmotorik och framf\u00f6r allt formar de sin fantasi samtidigt som de uttrycker sig sj\u00e4lva.<\/p>\n","protected":false},"excerpt":{"rendered":"<p>STEM-taveltillbeh\u00f6r \u2013 256 delar. Flerf\u00e4rgade plastpinnar i form av geometriska figurer f\u00f6r att skapa fantastiska, sagolika m\u00f6nster. De \u00e4r ett av de mest popul\u00e4ra tillbeh\u00f6ren till Masterkidz kreativa tavlor. STEM-taveltillbeh\u00f6rssetet inneh\u00e5ller 256 delar i 4 former och 8 f\u00e4rger, som kan anv\u00e4ndas f\u00f6r att skapa ett obegr\u00e4nsat antal kreativa bilder. En vacker, kreativ form av [&hellip;]<\/p>\n","protected":false},"featured_media":0,"comment_status":"open","ping_status":"closed","template":"","meta":[],"product_brand":[],"product_cat":[33],"product_tag":[],"class_list":{"0":"post-16852","1":"product","2":"type-product","3":"status-publish","5":"product_cat-okategoriserad","7":"first","8":"instock","9":"shipping-taxable","10":"purchasable","11":"product-type-simple"},"_links":{"self":[{"href":"https:\/\/nordicmart.andreevmaster.com\/sv\/wp-json\/wp\/v2\/product\/16852","targetHints":{"allow":["GET"]}}],"collection":[{"href":"https:\/\/nordicmart.andreevmaster.com\/sv\/wp-json\/wp\/v2\/product"}],"about":[{"href":"https:\/\/nordicmart.andreevmaster.com\/sv\/wp-json\/wp\/v2\/types\/product"}],"replies":[{"embeddable":true,"href":"https:\/\/nordicmart.andreevmaster.com\/sv\/wp-json\/wp\/v2\/comments?post=16852"}],"wp:attachment":[{"href":"https:\/\/nordicmart.andreevmaster.com\/sv\/wp-json\/wp\/v2\/media?parent=16852"}],"wp:term":[{"taxonomy":"product_brand","embeddable":true,"href":"https:\/\/nordicmart.andreevmaster.com\/sv\/wp-json\/wp\/v2\/product_brand?post=16852"},{"taxonomy":"product_cat","embeddable":true,"href":"https:\/\/nordicmart.andreevmaster.com\/sv\/wp-json\/wp\/v2\/product_cat?post=16852"},{"taxonomy":"product_tag","embeddable":true,"href":"https:\/\/nordicmart.andreevmaster.com\/sv\/wp-json\/wp\/v2\/product_tag?post=16852"}],"curies":[{"name":"wp","href":"https:\/\/api.w.org\/{rel}","templated":true}]}}