{"id":16851,"date":"2026-02-27T00:32:29","date_gmt":"2026-02-27T00:32:29","guid":{"rendered":"https:\/\/nordicmart.andreevmaster.com\/product\/masterkidz-geometriska-element-8-farger-256-st-tillbehor-for-stem-tavlor\/"},"modified":"2026-02-27T08:22:37","modified_gmt":"2026-02-27T08:22:37","slug":"masterkidz-geometriska-element-8-farger-256-st-tillbehor-for-stem-tavlor","status":"publish","type":"product","link":"https:\/\/nordicmart.andreevmaster.com\/sv\/produkt\/masterkidz-geometriska-element-8-farger-256-st-tillbehor-for-stem-tavlor\/","title":{"rendered":"MASTERKIDZ Geometriska element 8 f\u00e4rger 256 st Tillbeh\u00f6r f\u00f6r STEM-tavlor"},"content":{"rendered":"<p>MASTERKIDZ-setet med pinnar f\u00f6r tr\u00e4plattor g\u00f6r lektiden roligare f\u00f6r alla barn.<\/p>\n<p>Egenskaper:<\/p>\n<p>* &#8211; Setet med f\u00e4rgglada pinnar stimulerar barnens fantasi. Barnen kommer att tycka om att skapa djur, bilar, bilder och m\u00e5nga andra former p\u00e5 br\u00e4dorna.<br \/>\n* &#8211; Br\u00e4dorna uppmuntrar barnen att leka kreativt, t\u00e4nka logiskt, utveckla fin- och grovmotorik, dela leksaker med varandra och interagera.* &#8211; F\u00e4rgglada kl\u00e4mmor i 4 olika geometriska former och 8 f\u00e4rger. * &#8211; Smidiga h\u00e4nder kan enkelt f\u00e4sta kl\u00e4mmorna p\u00e5 STEM-br\u00e4dorna. * &#8211; Kl\u00e4mmorna \u00e4r tillverkade av material som \u00e4r resistenta mot vatten och solljus, s\u00e5som missf\u00e4rgning eller sprickbildning. Perfekt f\u00f6r anv\u00e4ndning inomhus och utomhus.<\/p>\n","protected":false},"excerpt":{"rendered":"<p>MASTERKIDZ-setet med pinnar f\u00f6r tr\u00e4plattor g\u00f6r lektiden roligare f\u00f6r alla barn. Egenskaper: * &#8211; Setet med f\u00e4rgglada pinnar stimulerar barnens fantasi. Barnen kommer att tycka om att skapa djur, bilar, bilder och m\u00e5nga andra former p\u00e5 br\u00e4dorna. * &#8211; Br\u00e4dorna uppmuntrar barnen att leka kreativt, t\u00e4nka logiskt, utveckla fin- och grovmotorik, dela leksaker med varandra [&hellip;]<\/p>\n","protected":false},"featured_media":0,"comment_status":"open","ping_status":"closed","template":"","meta":[],"product_brand":[],"product_cat":[33],"product_tag":[],"class_list":{"0":"post-16851","1":"product","2":"type-product","3":"status-publish","5":"product_cat-okategoriserad","7":"first","8":"instock","9":"shipping-taxable","10":"purchasable","11":"product-type-simple"},"_links":{"self":[{"href":"https:\/\/nordicmart.andreevmaster.com\/sv\/wp-json\/wp\/v2\/product\/16851","targetHints":{"allow":["GET"]}}],"collection":[{"href":"https:\/\/nordicmart.andreevmaster.com\/sv\/wp-json\/wp\/v2\/product"}],"about":[{"href":"https:\/\/nordicmart.andreevmaster.com\/sv\/wp-json\/wp\/v2\/types\/product"}],"replies":[{"embeddable":true,"href":"https:\/\/nordicmart.andreevmaster.com\/sv\/wp-json\/wp\/v2\/comments?post=16851"}],"wp:attachment":[{"href":"https:\/\/nordicmart.andreevmaster.com\/sv\/wp-json\/wp\/v2\/media?parent=16851"}],"wp:term":[{"taxonomy":"product_brand","embeddable":true,"href":"https:\/\/nordicmart.andreevmaster.com\/sv\/wp-json\/wp\/v2\/product_brand?post=16851"},{"taxonomy":"product_cat","embeddable":true,"href":"https:\/\/nordicmart.andreevmaster.com\/sv\/wp-json\/wp\/v2\/product_cat?post=16851"},{"taxonomy":"product_tag","embeddable":true,"href":"https:\/\/nordicmart.andreevmaster.com\/sv\/wp-json\/wp\/v2\/product_tag?post=16851"}],"curies":[{"name":"wp","href":"https:\/\/api.w.org\/{rel}","templated":true}]}}