{"id":16850,"date":"2026-02-27T00:32:29","date_gmt":"2026-02-27T00:32:29","guid":{"rendered":"https:\/\/nordicmart.andreevmaster.com\/product\/masterkidz-byggset-bollbana-stem-tavla-120-delar\/"},"modified":"2026-02-27T08:22:37","modified_gmt":"2026-02-27T08:22:37","slug":"masterkidz-byggset-bollbana-stem-tavla-120-delar","status":"publish","type":"product","link":"https:\/\/nordicmart.andreevmaster.com\/sv\/produkt\/masterkidz-byggset-bollbana-stem-tavla-120-delar\/","title":{"rendered":"MASTERKIDZ Byggset Bollbana STEM-tavla 120 delar"},"content":{"rendered":"<p>Med tillbeh\u00f6r till Masterkidz STEM Educational Board kan ditt barn b\u00f6rja leka kreativt och pedagogiskt genom att skapa vackra m\u00f6nster och strukturer tack vare otaliga typer av element som kan anv\u00e4ndas i leken. Din lilla kommer att n\u00e5 h\u00f6jderna av sin fantasi genom att skapa m\u00e4sterverk eller konstruera en mekanism av kugghjul eller ett r\u00f6rsystem.<\/p>\n<p>Funktioner:<\/p>\n<p>* &#8211; Detta \u00e4r den b\u00e4sta kulbanan, som l\u00e5ter barn bygga banor och sp\u00e5r genom att l\u00e4gga till olika block, riktnings\u00e4ndrare och andra r\u00f6relsemekanismer<br \/>\n* &#8211; Systemet kan anv\u00e4ndas p\u00e5 ett bord, golv och framf\u00f6r allt p\u00e5 en STEM-tavla<br \/>\n* &#8211; Setet best\u00e5r av 120 element<br \/>\n* &#8211; Setet \u00e4r tillverkat av v\u00e4derbest\u00e4ndiga material som \u00e4r resistenta mot missf\u00e4rgning och sprickbildning.<\/p>\n<p>Leksaken utvecklar:<\/p>\n<p>* &#8211; motoriska f\u00e4rdigheter<br \/>\n* &#8211; fantasi<br \/>\n* &#8211; kreativitet<br \/>\n* &#8211; hand-\u00f6ga-koordination<\/p>\n","protected":false},"excerpt":{"rendered":"<p>Med tillbeh\u00f6r till Masterkidz STEM Educational Board kan ditt barn b\u00f6rja leka kreativt och pedagogiskt genom att skapa vackra m\u00f6nster och strukturer tack vare otaliga typer av element som kan anv\u00e4ndas i leken. Din lilla kommer att n\u00e5 h\u00f6jderna av sin fantasi genom att skapa m\u00e4sterverk eller konstruera en mekanism av kugghjul eller ett r\u00f6rsystem. [&hellip;]<\/p>\n","protected":false},"featured_media":0,"comment_status":"open","ping_status":"closed","template":"","meta":[],"product_brand":[],"product_cat":[33],"product_tag":[],"class_list":{"0":"post-16850","1":"product","2":"type-product","3":"status-publish","5":"product_cat-okategoriserad","7":"first","8":"instock","9":"shipping-taxable","10":"purchasable","11":"product-type-simple"},"_links":{"self":[{"href":"https:\/\/nordicmart.andreevmaster.com\/sv\/wp-json\/wp\/v2\/product\/16850","targetHints":{"allow":["GET"]}}],"collection":[{"href":"https:\/\/nordicmart.andreevmaster.com\/sv\/wp-json\/wp\/v2\/product"}],"about":[{"href":"https:\/\/nordicmart.andreevmaster.com\/sv\/wp-json\/wp\/v2\/types\/product"}],"replies":[{"embeddable":true,"href":"https:\/\/nordicmart.andreevmaster.com\/sv\/wp-json\/wp\/v2\/comments?post=16850"}],"wp:attachment":[{"href":"https:\/\/nordicmart.andreevmaster.com\/sv\/wp-json\/wp\/v2\/media?parent=16850"}],"wp:term":[{"taxonomy":"product_brand","embeddable":true,"href":"https:\/\/nordicmart.andreevmaster.com\/sv\/wp-json\/wp\/v2\/product_brand?post=16850"},{"taxonomy":"product_cat","embeddable":true,"href":"https:\/\/nordicmart.andreevmaster.com\/sv\/wp-json\/wp\/v2\/product_cat?post=16850"},{"taxonomy":"product_tag","embeddable":true,"href":"https:\/\/nordicmart.andreevmaster.com\/sv\/wp-json\/wp\/v2\/product_tag?post=16850"}],"curies":[{"name":"wp","href":"https:\/\/api.w.org\/{rel}","templated":true}]}}