{"id":16849,"date":"2026-02-27T00:32:29","date_gmt":"2026-02-27T00:32:29","guid":{"rendered":"https:\/\/nordicmart.andreevmaster.com\/product\/masterkidz-pegs-and-strings-set-for-stem-science-och-creative-board\/"},"modified":"2026-02-27T08:22:36","modified_gmt":"2026-02-27T08:22:36","slug":"masterkidz-pegs-and-strings-set-for-stem-science-och-creative-board","status":"publish","type":"product","link":"https:\/\/nordicmart.andreevmaster.com\/sv\/produkt\/masterkidz-pegs-and-strings-set-for-stem-science-och-creative-board\/","title":{"rendered":"MASTERKIDZ Pegs and Strings Set &#8211; F\u00f6r STEM Science och Creative Board"},"content":{"rendered":"<p>Ett set med 200 pinnar och 60 f\u00e4rgglada sn\u00f6ren f\u00f6r kreativt lekande. Detta \u00e4r en fantastisk produkt som inte bara l\u00e5ter ditt barn dekorera sin tavla p\u00e5 ett vackert s\u00e4tt och skapa fantastiska teckningar, utan ocks\u00e5 f\u00f6rb\u00e4ttrar deras fingerf\u00e4rdighet. Lek f\u00f6rb\u00e4ttrar barns motorik, logiska t\u00e4nkande och kreativitet.<\/p>\n<p>Placera pinnarna p\u00e5 r\u00e4tt st\u00e4llen och koppla sedan ihop dem med f\u00e4rgade sn\u00f6ren. P\u00e5 s\u00e5 s\u00e4tt kan du &#8221;rita&#8221; bokst\u00e4ver, siffror, geometriska former och allt annat som du kommer p\u00e5.<\/p>\n<p>Pinnarna med sn\u00f6ren kan anv\u00e4ndas f\u00f6r att skapa kreativa bilder eller f\u00f6r att \u00f6va matematik och bokst\u00e4ver. Sn\u00f6rena kan anv\u00e4ndas f\u00f6r att skapa matematiska operationer p\u00e5 tavlan. Detta stimulerar t\u00e4nkandet och \u00e4r roligt, s\u00e5 inl\u00e4rningen blir mycket enklare \u00e4n i traditionell form. <\/p>\n<p>### Egenskaper: <\/p>\n<p>&#8211; Setet inneh\u00e5ller 200 pinnar &#8211; 60 f\u00e4rgglada sn\u00f6ren i 6 olika f\u00e4rger &#8211; F\u00f6rb\u00e4ttrar fingerf\u00e4rdigheten &#8211; L\u00e4r ut logiskt t\u00e4nkande &#8211; Matematiska operationer kan skapas p\u00e5 tavlan &#8211; Tack vare sn\u00f6rningen tr\u00e4nar barnet allm\u00e4n motorik<\/p>\n","protected":false},"excerpt":{"rendered":"<p>Ett set med 200 pinnar och 60 f\u00e4rgglada sn\u00f6ren f\u00f6r kreativt lekande. Detta \u00e4r en fantastisk produkt som inte bara l\u00e5ter ditt barn dekorera sin tavla p\u00e5 ett vackert s\u00e4tt och skapa fantastiska teckningar, utan ocks\u00e5 f\u00f6rb\u00e4ttrar deras fingerf\u00e4rdighet. Lek f\u00f6rb\u00e4ttrar barns motorik, logiska t\u00e4nkande och kreativitet. Placera pinnarna p\u00e5 r\u00e4tt st\u00e4llen och koppla sedan [&hellip;]<\/p>\n","protected":false},"featured_media":0,"comment_status":"open","ping_status":"closed","template":"","meta":[],"product_brand":[],"product_cat":[33],"product_tag":[],"class_list":{"0":"post-16849","1":"product","2":"type-product","3":"status-publish","5":"product_cat-okategoriserad","7":"first","8":"instock","9":"shipping-taxable","10":"purchasable","11":"product-type-simple"},"_links":{"self":[{"href":"https:\/\/nordicmart.andreevmaster.com\/sv\/wp-json\/wp\/v2\/product\/16849","targetHints":{"allow":["GET"]}}],"collection":[{"href":"https:\/\/nordicmart.andreevmaster.com\/sv\/wp-json\/wp\/v2\/product"}],"about":[{"href":"https:\/\/nordicmart.andreevmaster.com\/sv\/wp-json\/wp\/v2\/types\/product"}],"replies":[{"embeddable":true,"href":"https:\/\/nordicmart.andreevmaster.com\/sv\/wp-json\/wp\/v2\/comments?post=16849"}],"wp:attachment":[{"href":"https:\/\/nordicmart.andreevmaster.com\/sv\/wp-json\/wp\/v2\/media?parent=16849"}],"wp:term":[{"taxonomy":"product_brand","embeddable":true,"href":"https:\/\/nordicmart.andreevmaster.com\/sv\/wp-json\/wp\/v2\/product_brand?post=16849"},{"taxonomy":"product_cat","embeddable":true,"href":"https:\/\/nordicmart.andreevmaster.com\/sv\/wp-json\/wp\/v2\/product_cat?post=16849"},{"taxonomy":"product_tag","embeddable":true,"href":"https:\/\/nordicmart.andreevmaster.com\/sv\/wp-json\/wp\/v2\/product_tag?post=16849"}],"curies":[{"name":"wp","href":"https:\/\/api.w.org\/{rel}","templated":true}]}}