{"id":16848,"date":"2026-02-27T00:32:28","date_gmt":"2026-02-27T00:32:28","guid":{"rendered":"https:\/\/nordicmart.andreevmaster.com\/product\/masterkidz-pinnar-for-manipuleringsbrade-512-st-6-farger\/"},"modified":"2026-02-27T08:22:36","modified_gmt":"2026-02-27T08:22:36","slug":"masterkidz-pinnar-for-manipuleringsbrade-512-st-6-farger","status":"publish","type":"product","link":"https:\/\/nordicmart.andreevmaster.com\/sv\/produkt\/masterkidz-pinnar-for-manipuleringsbrade-512-st-6-farger\/","title":{"rendered":"MASTERKIDZ Pinnar f\u00f6r manipuleringsbr\u00e4de 512 st. 6 f\u00e4rger"},"content":{"rendered":"<p>Med de f\u00e4rgglada pinnarna f\u00f6r STEM-manipulationsbr\u00e4det fr\u00e5n Masterkidz kan du skapa of\u00f6rgl\u00f6mliga strukturer p\u00e5 ditt br\u00e4de. Det enda som begr\u00e4nsar dig \u00e4r din fantasi, s\u00e5 l\u00e5t den fl\u00f6da fritt och skapa n\u00e5got vackert! Pinnarna finns i 6 f\u00e4rger, s\u00e5 att du kan skapa en m\u00e4ngd olika kompositioner.<\/p>\n<p>Egenskaper:<\/p>\n<p>* &#8211; Set med 512 pinnar i 6 f\u00e4rger<br \/>\n* &#8211; Kompatibla med Masterkidz STEM-manipulationsbr\u00e4dor<br \/>\n* &#8211; H\u00f6gkvalitativ konstruktion garanterar h\u00e5llbarhet och s\u00e4kerhet<br \/>\n* &#8211; G\u00f6r det m\u00f6jligt att snabbt och enkelt skapa m\u00f6nster och bilder<\/p>\n<p>Leksaken utvecklar:<\/p>\n<p>* &#8211; Fantasi<br \/>\n* &#8211; Kreativitet<br \/>\n* &#8211; Manuell skicklighet<br \/>\n* &#8211; Logiskt t\u00e4nkande<\/p>\n<p>&#8211; Fantasi<\/p>\n<p>&#8211; Kreativitet<\/p>\n<p>&#8211; Manuell skicklighet<\/p>\n<p>&#8211; Logiskt t\u00e4nkande<\/p>\n<p>Set kompatibelt med:<\/p>\n<p>* &#8211; STEM-workshops ME29584 ME29591<br \/>\n* &#8211; STEM-v\u00e4ggtavlor ME12838 ME10971 ME11343 ME15358 ME15372 ME15389 ME15365 ME25111 ME25166<br \/>\n* &#8211; STEM-frist\u00e5ende tavlor ME29348 ME09548 ME09531 ME2932<br \/>\n* &#8211; STEM-v\u00e4ggar ME30849<br \/>\n* &#8211; F\u00e4rdiga set STEM MK0005 MK0006 MK0008 MK0009 MK0010 ME20925 ME25319-1 ME25319-2<\/p>\n<p>&#8211; STEM-workshops ME29584 ME29591<\/p>\n<p>&#8211; STEM-v\u00e4ggtavlor ME12838 ME10971 ME11343 ME15358 ME15372 ME15389 ME15365 ME25111 ME25166<\/p>\n<p>&#8211; Frist\u00e5ende tavlor STEM ME29348 ME09548 ME09531 ME2932<\/p>\n<p>&#8211; STEM-v\u00e4ggar ME30849<\/p>\n<p>&#8211; F\u00e4rdiga STEM-set MK0005 MK0006 MK0008 MK0009 MK0010 ME20925 ME25319-1 ME25319-2<\/p>\n","protected":false},"excerpt":{"rendered":"<p>Med de f\u00e4rgglada pinnarna f\u00f6r STEM-manipulationsbr\u00e4det fr\u00e5n Masterkidz kan du skapa of\u00f6rgl\u00f6mliga strukturer p\u00e5 ditt br\u00e4de. Det enda som begr\u00e4nsar dig \u00e4r din fantasi, s\u00e5 l\u00e5t den fl\u00f6da fritt och skapa n\u00e5got vackert! Pinnarna finns i 6 f\u00e4rger, s\u00e5 att du kan skapa en m\u00e4ngd olika kompositioner. Egenskaper: * &#8211; Set med 512 pinnar i [&hellip;]<\/p>\n","protected":false},"featured_media":0,"comment_status":"open","ping_status":"closed","template":"","meta":[],"product_brand":[],"product_cat":[33],"product_tag":[],"class_list":{"0":"post-16848","1":"product","2":"type-product","3":"status-publish","5":"product_cat-okategoriserad","7":"first","8":"instock","9":"shipping-taxable","10":"purchasable","11":"product-type-simple"},"_links":{"self":[{"href":"https:\/\/nordicmart.andreevmaster.com\/sv\/wp-json\/wp\/v2\/product\/16848","targetHints":{"allow":["GET"]}}],"collection":[{"href":"https:\/\/nordicmart.andreevmaster.com\/sv\/wp-json\/wp\/v2\/product"}],"about":[{"href":"https:\/\/nordicmart.andreevmaster.com\/sv\/wp-json\/wp\/v2\/types\/product"}],"replies":[{"embeddable":true,"href":"https:\/\/nordicmart.andreevmaster.com\/sv\/wp-json\/wp\/v2\/comments?post=16848"}],"wp:attachment":[{"href":"https:\/\/nordicmart.andreevmaster.com\/sv\/wp-json\/wp\/v2\/media?parent=16848"}],"wp:term":[{"taxonomy":"product_brand","embeddable":true,"href":"https:\/\/nordicmart.andreevmaster.com\/sv\/wp-json\/wp\/v2\/product_brand?post=16848"},{"taxonomy":"product_cat","embeddable":true,"href":"https:\/\/nordicmart.andreevmaster.com\/sv\/wp-json\/wp\/v2\/product_cat?post=16848"},{"taxonomy":"product_tag","embeddable":true,"href":"https:\/\/nordicmart.andreevmaster.com\/sv\/wp-json\/wp\/v2\/product_tag?post=16848"}],"curies":[{"name":"wp","href":"https:\/\/api.w.org\/{rel}","templated":true}]}}