{"id":16847,"date":"2026-02-27T00:32:28","date_gmt":"2026-02-27T00:32:28","guid":{"rendered":"https:\/\/nordicmart.andreevmaster.com\/product\/masterkidz-montessori-digestive-system-educational-board-2\/"},"modified":"2026-02-27T08:22:36","modified_gmt":"2026-02-27T08:22:36","slug":"masterkidz-montessori-digestive-system-educational-board-2","status":"publish","type":"product","link":"https:\/\/nordicmart.andreevmaster.com\/sv\/produkt\/masterkidz-montessori-digestive-system-educational-board-2\/","title":{"rendered":"MASTERKIDZ Montessori Digestive System Educational Board"},"content":{"rendered":"<p>Utbildningskort fr\u00e5n Masterkidz g\u00f6r det m\u00f6jligt f\u00f6r barn att utveckla m\u00e5nga f\u00e4rdigheter samtidigt. Varje kort l\u00e4r barn genom olika intressanta \u00e4mnen hur man fungerar i samh\u00e4llet och g\u00f6r det m\u00f6jligt f\u00f6r dem att l\u00e4ra sig om v\u00e4rlden omkring oss. Vi kan ha flera tavlor och enkelt byta mellan dem, och specialramar h\u00e5ller tavlan perfekt mot v\u00e4ggen. <\/p>\n<p>Egenskaper: <\/p>\n<p>* &#8211; Du kan ha flera tavlor och enkelt byta mellan dem, och specialramarna h\u00e5ller tavlan perfekt mot v\u00e4ggen.<br \/>\n* &#8211; Tavlan kan ocks\u00e5 anv\u00e4ndas utan ramar, t.ex. p\u00e5 ett bord eller p\u00e5 golvet.<br \/>\n* &#8211; Matsm\u00e4ltningssystemet bryter ner maten till mindre enheter som kallas n\u00e4rings\u00e4mnen, som sedan absorberas i blodomloppet och ger energi till kroppens aktiviteter.<br \/>\n* &#8211; Tavlan l\u00e4r barn hur de viktigaste organen spelar en viktig roll i matsm\u00e4ltningsprocessen.* &#8211; Olika ljuselement illustrerar varje steg i matsm\u00e4ltningen, som \u00e4ger rum i magen och sedan forts\u00e4tter till tarmarna.<br \/>\n* &#8211; All mat som kroppen inte beh\u00f6ver eller inte kan anv\u00e4nda skickas till tjocktarmen och l\u00e4mnar sedan kroppen.<br \/>\n* &#8211; Bildtexterna \u00e4r p\u00e5 engelska, s\u00e5 barnen l\u00e4r sig ett fr\u00e4mmande spr\u00e5k.<br \/>\n* &#8211; Batterier kr\u00e4vs f\u00f6r drift. <\/p>\n<p>Leksaken utvecklar:* &#8211; motoriska f\u00e4rdigheter<br \/>\n* &#8211; sensoriska f\u00e4rdigheter<br \/>\n* &#8211; hand-\u00f6ga-koordination<br \/>\n* &#8211; fantasi<br \/>\n* &#8211; koncentration<br \/>\n* &#8211; nyfikenhet<\/p>\n","protected":false},"excerpt":{"rendered":"<p>Utbildningskort fr\u00e5n Masterkidz g\u00f6r det m\u00f6jligt f\u00f6r barn att utveckla m\u00e5nga f\u00e4rdigheter samtidigt. Varje kort l\u00e4r barn genom olika intressanta \u00e4mnen hur man fungerar i samh\u00e4llet och g\u00f6r det m\u00f6jligt f\u00f6r dem att l\u00e4ra sig om v\u00e4rlden omkring oss. Vi kan ha flera tavlor och enkelt byta mellan dem, och specialramar h\u00e5ller tavlan perfekt mot [&hellip;]<\/p>\n","protected":false},"featured_media":0,"comment_status":"open","ping_status":"closed","template":"","meta":[],"product_brand":[],"product_cat":[33],"product_tag":[],"class_list":{"0":"post-16847","1":"product","2":"type-product","3":"status-publish","5":"product_cat-okategoriserad","7":"first","8":"instock","9":"shipping-taxable","10":"purchasable","11":"product-type-simple"},"_links":{"self":[{"href":"https:\/\/nordicmart.andreevmaster.com\/sv\/wp-json\/wp\/v2\/product\/16847","targetHints":{"allow":["GET"]}}],"collection":[{"href":"https:\/\/nordicmart.andreevmaster.com\/sv\/wp-json\/wp\/v2\/product"}],"about":[{"href":"https:\/\/nordicmart.andreevmaster.com\/sv\/wp-json\/wp\/v2\/types\/product"}],"replies":[{"embeddable":true,"href":"https:\/\/nordicmart.andreevmaster.com\/sv\/wp-json\/wp\/v2\/comments?post=16847"}],"wp:attachment":[{"href":"https:\/\/nordicmart.andreevmaster.com\/sv\/wp-json\/wp\/v2\/media?parent=16847"}],"wp:term":[{"taxonomy":"product_brand","embeddable":true,"href":"https:\/\/nordicmart.andreevmaster.com\/sv\/wp-json\/wp\/v2\/product_brand?post=16847"},{"taxonomy":"product_cat","embeddable":true,"href":"https:\/\/nordicmart.andreevmaster.com\/sv\/wp-json\/wp\/v2\/product_cat?post=16847"},{"taxonomy":"product_tag","embeddable":true,"href":"https:\/\/nordicmart.andreevmaster.com\/sv\/wp-json\/wp\/v2\/product_tag?post=16847"}],"curies":[{"name":"wp","href":"https:\/\/api.w.org\/{rel}","templated":true}]}}