{"id":16846,"date":"2026-02-27T00:32:28","date_gmt":"2026-02-27T00:32:28","guid":{"rendered":"https:\/\/nordicmart.andreevmaster.com\/product\/masterkidz-montessori-respiratory-system-educational-board-2\/"},"modified":"2026-02-27T08:22:36","modified_gmt":"2026-02-27T08:22:36","slug":"masterkidz-montessori-respiratory-system-educational-board-2","status":"publish","type":"product","link":"https:\/\/nordicmart.andreevmaster.com\/sv\/produkt\/masterkidz-montessori-respiratory-system-educational-board-2\/","title":{"rendered":"MASTERKIDZ Montessori Respiratory System Educational Board"},"content":{"rendered":"<p>Masterkidz pedagogiska tavla om andningssystemet visar p\u00e5 ett l\u00e4ttillg\u00e4ngligt och attraktivt s\u00e4tt hur andningsprocessen fungerar i m\u00e4nniskokroppen. Tack vare realistiska illustrationer och ljuseffekter kan barn f\u00f6lja luftens v\u00e4g fr\u00e5n n\u00e4san till lungorna och l\u00e4ra sig hur vi andas, vad som h\u00e4nder under inandning och utandning och vilka organ som \u00e4r involverade i denna process. Det \u00e4r ett utm\u00e4rkt val f\u00f6r sm\u00e5 uppt\u00e4cktsresande som vill l\u00e4ra sig om m\u00e4nniskokroppens hemligheter genom lek och upplevelser.\u2757\ufe0f Kr\u00e4ver 4xAA-batterier (ing\u00e5r ej) \u2757\ufe0f<\/p>\n<p>Funktioner:<\/p>\n<p>* \u2714\ufe0f Interaktivt pedagogiskt tavla med ljuseffekter som visar det m\u00e4nskliga andningssystemet.<br \/>\n* \u2714\ufe0f Tydliga diagram som visar andningsprocessen<br \/>\n* \u2714\ufe0f N\u00e4r knappen &#8221;Inandning&#8221; trycks in t\u00e4nds f\u00f6nstren och ljuset b\u00f6rjar fl\u00f6da, vilket visar inandningsprocessen \u2013 diafragman r\u00f6r sig ned\u00e5t, lungorna expanderar och luft str\u00f6mmar in i lungorna<br \/>\n* \u2714\ufe0f N\u00e4r knappen &#8221;Utandning&#8221; trycks in r\u00f6r sig diafragman upp\u00e5t, lungorna krymper och luft b\u00f6rjar str\u00f6mma ut ur m\u00e4nniskokroppen<br \/>\n* \u2714\ufe0f Knappen &#8221;Andas&#8221; anv\u00e4nds f\u00f6r att visa hela andningsprocessen<br \/>\n* \u2714\ufe0f Alla etiketter \u00e4r p\u00e5 engelska, vilket g\u00f6r att barn kan l\u00e4ra sig ett fr\u00e4mmande spr\u00e5k samtidigt<\/p>\n<p>Leksaken utvecklar:<\/p>\n<p>* \u2b50 Motoriska f\u00e4rdigheter<br \/>\n* \u2b50 Sensoriska f\u00e4rdigheter<br \/>\n* \u2b50 Fantasi<br \/>\n* \u2b50 Koncentration<br \/>\n* \u2b50 Nyfikenhet<\/p>\n<p>Kompatibel med:<\/p>\n<p>* \u2705 FLEX ME09692 ME09777 ME08541 monteringsramar<br \/>\n* \u2705 FLEX monteringsbr\u00e4dor ME06479 ME06486<\/p>\n","protected":false},"excerpt":{"rendered":"<p>Masterkidz pedagogiska tavla om andningssystemet visar p\u00e5 ett l\u00e4ttillg\u00e4ngligt och attraktivt s\u00e4tt hur andningsprocessen fungerar i m\u00e4nniskokroppen. Tack vare realistiska illustrationer och ljuseffekter kan barn f\u00f6lja luftens v\u00e4g fr\u00e5n n\u00e4san till lungorna och l\u00e4ra sig hur vi andas, vad som h\u00e4nder under inandning och utandning och vilka organ som \u00e4r involverade i denna process. Det [&hellip;]<\/p>\n","protected":false},"featured_media":0,"comment_status":"open","ping_status":"closed","template":"","meta":[],"product_brand":[],"product_cat":[33],"product_tag":[],"class_list":{"0":"post-16846","1":"product","2":"type-product","3":"status-publish","5":"product_cat-okategoriserad","7":"first","8":"instock","9":"shipping-taxable","10":"purchasable","11":"product-type-simple"},"_links":{"self":[{"href":"https:\/\/nordicmart.andreevmaster.com\/sv\/wp-json\/wp\/v2\/product\/16846","targetHints":{"allow":["GET"]}}],"collection":[{"href":"https:\/\/nordicmart.andreevmaster.com\/sv\/wp-json\/wp\/v2\/product"}],"about":[{"href":"https:\/\/nordicmart.andreevmaster.com\/sv\/wp-json\/wp\/v2\/types\/product"}],"replies":[{"embeddable":true,"href":"https:\/\/nordicmart.andreevmaster.com\/sv\/wp-json\/wp\/v2\/comments?post=16846"}],"wp:attachment":[{"href":"https:\/\/nordicmart.andreevmaster.com\/sv\/wp-json\/wp\/v2\/media?parent=16846"}],"wp:term":[{"taxonomy":"product_brand","embeddable":true,"href":"https:\/\/nordicmart.andreevmaster.com\/sv\/wp-json\/wp\/v2\/product_brand?post=16846"},{"taxonomy":"product_cat","embeddable":true,"href":"https:\/\/nordicmart.andreevmaster.com\/sv\/wp-json\/wp\/v2\/product_cat?post=16846"},{"taxonomy":"product_tag","embeddable":true,"href":"https:\/\/nordicmart.andreevmaster.com\/sv\/wp-json\/wp\/v2\/product_tag?post=16846"}],"curies":[{"name":"wp","href":"https:\/\/api.w.org\/{rel}","templated":true}]}}