{"id":16842,"date":"2026-02-27T00:32:27","date_gmt":"2026-02-27T00:32:27","guid":{"rendered":"https:\/\/nordicmart.andreevmaster.com\/product\/masterkidz-akrylfargade-diamanter-for-stem-science-board-72-stycken\/"},"modified":"2026-02-27T08:22:35","modified_gmt":"2026-02-27T08:22:35","slug":"masterkidz-akrylfargade-diamanter-for-stem-science-board-72-stycken","status":"publish","type":"product","link":"https:\/\/nordicmart.andreevmaster.com\/sv\/produkt\/masterkidz-akrylfargade-diamanter-for-stem-science-board-72-stycken\/","title":{"rendered":"MASTERKIDZ Akrylf\u00e4rgade diamanter f\u00f6r STEM Science Board 72 stycken"},"content":{"rendered":"<p>Ett set med 72 diamantblock f\u00f6r dekoration av Masterkidz vetenskaps- och kreativa tavlor. Blocken finns i 6 olika f\u00e4rger, 12 stycken av varje typ. De placeras i speciella plattor med stift, vilket g\u00f6r det mycket enkelt och snabbt att montera eller demontera dem fr\u00e5n tavlan.Tack vare dem kan barn diversifiera strukturer som skapats av andra element eller skapa konstverk uteslutande av dem. De blir f\u00e4rgglada och kristalliknande, helt enkelt vackra. I tv\u00e5dimensionella bilder som skapats p\u00e5 Masterkidz kreativa tavlor kan diamantblocken anv\u00e4ndas till exempel som \u00f6gon, stenar i ringar eller andra intressanta element.<\/p>\n<p>Egenskaper:<\/p>\n<p>&#8211; setet inneh\u00e5ller 72 diamantblock<\/p>\n<p>&#8211; tillverkade av tr\u00e4<\/p>\n<p>&#8211; blocken finns i 6 f\u00e4rger<\/p>\n<p>&#8211; leken l\u00e4r barn kreativitet<\/p>\n<p>&#8211; diamanterna har m\u00e5nga anv\u00e4ndningsomr\u00e5den<\/p>\n","protected":false},"excerpt":{"rendered":"<p>Ett set med 72 diamantblock f\u00f6r dekoration av Masterkidz vetenskaps- och kreativa tavlor. Blocken finns i 6 olika f\u00e4rger, 12 stycken av varje typ. De placeras i speciella plattor med stift, vilket g\u00f6r det mycket enkelt och snabbt att montera eller demontera dem fr\u00e5n tavlan.Tack vare dem kan barn diversifiera strukturer som skapats av andra [&hellip;]<\/p>\n","protected":false},"featured_media":0,"comment_status":"open","ping_status":"closed","template":"","meta":[],"product_brand":[],"product_cat":[33],"product_tag":[],"class_list":{"0":"post-16842","1":"product","2":"type-product","3":"status-publish","5":"product_cat-okategoriserad","7":"first","8":"instock","9":"shipping-taxable","10":"purchasable","11":"product-type-simple"},"_links":{"self":[{"href":"https:\/\/nordicmart.andreevmaster.com\/sv\/wp-json\/wp\/v2\/product\/16842","targetHints":{"allow":["GET"]}}],"collection":[{"href":"https:\/\/nordicmart.andreevmaster.com\/sv\/wp-json\/wp\/v2\/product"}],"about":[{"href":"https:\/\/nordicmart.andreevmaster.com\/sv\/wp-json\/wp\/v2\/types\/product"}],"replies":[{"embeddable":true,"href":"https:\/\/nordicmart.andreevmaster.com\/sv\/wp-json\/wp\/v2\/comments?post=16842"}],"wp:attachment":[{"href":"https:\/\/nordicmart.andreevmaster.com\/sv\/wp-json\/wp\/v2\/media?parent=16842"}],"wp:term":[{"taxonomy":"product_brand","embeddable":true,"href":"https:\/\/nordicmart.andreevmaster.com\/sv\/wp-json\/wp\/v2\/product_brand?post=16842"},{"taxonomy":"product_cat","embeddable":true,"href":"https:\/\/nordicmart.andreevmaster.com\/sv\/wp-json\/wp\/v2\/product_cat?post=16842"},{"taxonomy":"product_tag","embeddable":true,"href":"https:\/\/nordicmart.andreevmaster.com\/sv\/wp-json\/wp\/v2\/product_tag?post=16842"}],"curies":[{"name":"wp","href":"https:\/\/api.w.org\/{rel}","templated":true}]}}