{"id":16841,"date":"2026-02-27T00:32:27","date_gmt":"2026-02-27T00:32:27","guid":{"rendered":"https:\/\/nordicmart.andreevmaster.com\/product\/masterkidz-trahylla-pa-hjul-med-hyllplan\/"},"modified":"2026-02-27T08:22:35","modified_gmt":"2026-02-27T08:22:35","slug":"masterkidz-trahylla-pa-hjul-med-hyllplan","status":"publish","type":"product","link":"https:\/\/nordicmart.andreevmaster.com\/sv\/produkt\/masterkidz-trahylla-pa-hjul-med-hyllplan\/","title":{"rendered":"MASTERKIDZ Tr\u00e4hylla p\u00e5 hjul med hyllplan"},"content":{"rendered":"<p>MASTERKIDZ Tr\u00e4hyllor p\u00e5 hjul med hyllplan \u00e4r en robust f\u00f6rskolem\u00f6bel tillverkad av tr\u00e4 av h\u00f6gsta kvalitet. Produkten \u00e4r avsedd f\u00f6r f\u00f6rvaring av olika tillbeh\u00f6r och l\u00e4romedel i f\u00f6rskolan. Speciella hyllplan p\u00e5 sk\u00e5pet s\u00e4kerst\u00e4ller ordning och enkel \u00e5tkomst. Hjulen \u00e4r ocks\u00e5 en stor f\u00f6rdel. De g\u00f6r sk\u00e5pet mobilt och l\u00e4tt att passa in i alla interi\u00f6rer.<\/p>\n<p>Setet inneh\u00e5ller inte beh\u00e5llare.<\/p>\n","protected":false},"excerpt":{"rendered":"<p>MASTERKIDZ Tr\u00e4hyllor p\u00e5 hjul med hyllplan \u00e4r en robust f\u00f6rskolem\u00f6bel tillverkad av tr\u00e4 av h\u00f6gsta kvalitet. Produkten \u00e4r avsedd f\u00f6r f\u00f6rvaring av olika tillbeh\u00f6r och l\u00e4romedel i f\u00f6rskolan. Speciella hyllplan p\u00e5 sk\u00e5pet s\u00e4kerst\u00e4ller ordning och enkel \u00e5tkomst. Hjulen \u00e4r ocks\u00e5 en stor f\u00f6rdel. De g\u00f6r sk\u00e5pet mobilt och l\u00e4tt att passa in i alla interi\u00f6rer. [&hellip;]<\/p>\n","protected":false},"featured_media":0,"comment_status":"open","ping_status":"closed","template":"","meta":[],"product_brand":[],"product_cat":[33],"product_tag":[],"class_list":{"0":"post-16841","1":"product","2":"type-product","3":"status-publish","5":"product_cat-okategoriserad","7":"first","8":"instock","9":"shipping-taxable","10":"purchasable","11":"product-type-simple"},"_links":{"self":[{"href":"https:\/\/nordicmart.andreevmaster.com\/sv\/wp-json\/wp\/v2\/product\/16841","targetHints":{"allow":["GET"]}}],"collection":[{"href":"https:\/\/nordicmart.andreevmaster.com\/sv\/wp-json\/wp\/v2\/product"}],"about":[{"href":"https:\/\/nordicmart.andreevmaster.com\/sv\/wp-json\/wp\/v2\/types\/product"}],"replies":[{"embeddable":true,"href":"https:\/\/nordicmart.andreevmaster.com\/sv\/wp-json\/wp\/v2\/comments?post=16841"}],"wp:attachment":[{"href":"https:\/\/nordicmart.andreevmaster.com\/sv\/wp-json\/wp\/v2\/media?parent=16841"}],"wp:term":[{"taxonomy":"product_brand","embeddable":true,"href":"https:\/\/nordicmart.andreevmaster.com\/sv\/wp-json\/wp\/v2\/product_brand?post=16841"},{"taxonomy":"product_cat","embeddable":true,"href":"https:\/\/nordicmart.andreevmaster.com\/sv\/wp-json\/wp\/v2\/product_cat?post=16841"},{"taxonomy":"product_tag","embeddable":true,"href":"https:\/\/nordicmart.andreevmaster.com\/sv\/wp-json\/wp\/v2\/product_tag?post=16841"}],"curies":[{"name":"wp","href":"https:\/\/api.w.org\/{rel}","templated":true}]}}