{"id":16840,"date":"2026-02-27T00:32:26","date_gmt":"2026-02-27T00:32:26","guid":{"rendered":"https:\/\/nordicmart.andreevmaster.com\/product\/masterkidz-magnetisk-tavla-for-att-lara-sig-rakna\/"},"modified":"2026-02-27T08:22:34","modified_gmt":"2026-02-27T08:22:34","slug":"masterkidz-magnetisk-tavla-for-att-lara-sig-rakna","status":"publish","type":"product","link":"https:\/\/nordicmart.andreevmaster.com\/sv\/produkt\/masterkidz-magnetisk-tavla-for-att-lara-sig-rakna\/","title":{"rendered":"MASTERKIDZ Magnetisk tavla f\u00f6r att l\u00e4ra sig r\u00e4kna"},"content":{"rendered":"<p>Ett pedagogiskt sensoriskt leksak f\u00f6r barn. En tr\u00e4platta fr\u00e5n Masterkidz med en labyrint f\u00f6r f\u00e4rgglada cirklar. Med hj\u00e4lp av en magnetpinne \u00e4r barnets uppgift att placera de f\u00e4rgglada cirklarna i r\u00e4tt ordning.<\/p>\n<p>Egenskaper:<\/p>\n<p>* &#8211; en magnetisk labyrint som matchar b\u00e5de siffror och f\u00e4rger, st\u00e4rker f\u00f6rm\u00e5gan att l\u00e4ra sig siffror och m\u00e4ngder, samt f\u00e4rgigenk\u00e4nningsf\u00f6rm\u00e5gan<br \/>\n* &#8211; tavlan \u00e4r utrustad med 6 olika insatser, barnen ombeds placera cirklarna som matchar f\u00e4rgerna<br \/>\n* &#8211; den avancerade niv\u00e5n kr\u00e4ver h\u00f6gre logiskt t\u00e4nkande, eftersom barnen inte f\u00e5r direkta instruktioner om hur de ska l\u00f6sa uppgiften.<\/p>\n<p>Leksaken utvecklar:<\/p>\n<p>* &#8211; motoriska f\u00e4rdigheter<br \/>\n* &#8211; sensoriska f\u00e4rdigheter<br \/>\n* &#8211; hand-\u00f6ga-koordination<br \/>\n* &#8211; fantasi<br \/>\n* &#8211; koncentration<br \/>\n* &#8211; nyfikenhet<\/p>\n","protected":false},"excerpt":{"rendered":"<p>Ett pedagogiskt sensoriskt leksak f\u00f6r barn. En tr\u00e4platta fr\u00e5n Masterkidz med en labyrint f\u00f6r f\u00e4rgglada cirklar. Med hj\u00e4lp av en magnetpinne \u00e4r barnets uppgift att placera de f\u00e4rgglada cirklarna i r\u00e4tt ordning. Egenskaper: * &#8211; en magnetisk labyrint som matchar b\u00e5de siffror och f\u00e4rger, st\u00e4rker f\u00f6rm\u00e5gan att l\u00e4ra sig siffror och m\u00e4ngder, samt f\u00e4rgigenk\u00e4nningsf\u00f6rm\u00e5gan * [&hellip;]<\/p>\n","protected":false},"featured_media":0,"comment_status":"open","ping_status":"closed","template":"","meta":[],"product_brand":[],"product_cat":[33],"product_tag":[],"class_list":{"0":"post-16840","1":"product","2":"type-product","3":"status-publish","5":"product_cat-okategoriserad","7":"first","8":"instock","9":"shipping-taxable","10":"purchasable","11":"product-type-simple"},"_links":{"self":[{"href":"https:\/\/nordicmart.andreevmaster.com\/sv\/wp-json\/wp\/v2\/product\/16840","targetHints":{"allow":["GET"]}}],"collection":[{"href":"https:\/\/nordicmart.andreevmaster.com\/sv\/wp-json\/wp\/v2\/product"}],"about":[{"href":"https:\/\/nordicmart.andreevmaster.com\/sv\/wp-json\/wp\/v2\/types\/product"}],"replies":[{"embeddable":true,"href":"https:\/\/nordicmart.andreevmaster.com\/sv\/wp-json\/wp\/v2\/comments?post=16840"}],"wp:attachment":[{"href":"https:\/\/nordicmart.andreevmaster.com\/sv\/wp-json\/wp\/v2\/media?parent=16840"}],"wp:term":[{"taxonomy":"product_brand","embeddable":true,"href":"https:\/\/nordicmart.andreevmaster.com\/sv\/wp-json\/wp\/v2\/product_brand?post=16840"},{"taxonomy":"product_cat","embeddable":true,"href":"https:\/\/nordicmart.andreevmaster.com\/sv\/wp-json\/wp\/v2\/product_cat?post=16840"},{"taxonomy":"product_tag","embeddable":true,"href":"https:\/\/nordicmart.andreevmaster.com\/sv\/wp-json\/wp\/v2\/product_tag?post=16840"}],"curies":[{"name":"wp","href":"https:\/\/api.w.org\/{rel}","templated":true}]}}