{"id":16839,"date":"2026-02-27T00:32:26","date_gmt":"2026-02-27T00:32:26","guid":{"rendered":"https:\/\/nordicmart.andreevmaster.com\/product\/masterkidz-kugghjul-bygg-din-egen-mekanism-stem-science-and-creative-board\/"},"modified":"2026-02-27T08:22:34","modified_gmt":"2026-02-27T08:22:34","slug":"masterkidz-kugghjul-bygg-din-egen-mekanism-stem-science-and-creative-board","status":"publish","type":"product","link":"https:\/\/nordicmart.andreevmaster.com\/sv\/produkt\/masterkidz-kugghjul-bygg-din-egen-mekanism-stem-science-and-creative-board\/","title":{"rendered":"MASTERKIDZ Kugghjul Bygg din egen mekanism \u2013 STEM Science and Creative Board"},"content":{"rendered":"<p>Masterkidz f\u00e4rgglada kugghjul och v\u00e4xlar ger barn enkel tillg\u00e5ng till riktiga, fungerande tekniska komponenter. Varje kugghjul har ett centralt lager som forts\u00e4tter att rotera smidigt n\u00e4r det \u00e4r monterat. De rundade \u00e4ndarna p\u00e5 t\u00e4nderna g\u00f6r att hjulen enkelt kan kopplas ihop i en rak linje eller till och med i en 90-graders vinkel mot varandra. De olika hjulstorlekarna g\u00f6r det m\u00f6jligt f\u00f6r barn att f\u00f6rst\u00e5 principerna f\u00f6r utv\u00e4xlingsf\u00f6rh\u00e5llanden, och den tandade kedjan m\u00f6jligg\u00f6r \u00f6verf\u00f6ring av rotationskraft. Setet \u00e4r kompatibelt med STEM-tavlor. <\/p>\n<p>Funktioner: <\/p>\n<p>* &#8211; Rundade tand\u00e4ndar g\u00f6r det enkelt att koppla ihop hjul i en linje eller i en vinkel p\u00e5 90\u00b0<br \/>\n* &#8211; Hjul i olika storlekar hj\u00e4lper till att f\u00f6rst\u00e5 utv\u00e4xlingsf\u00f6rh\u00e5llanden<br \/>\n* &#8211; Utformad f\u00f6r montering p\u00e5 Masterkidz STEM Science and Creative Boards<br \/>\n* &#8211; Speciella Masterkidz-skruvar eller -stift anv\u00e4nds f\u00f6r att f\u00e4sta elementen (ing\u00e5r inte i setet)<br \/>\n* &#8211; Kugghjul och mekanismer fascinerar barn \u2013 de roterar, griper in i varandra och fungerar som en organism, vilket ger mycket tillfredsst\u00e4llelse och gl\u00e4dje<br \/>\n* &#8211; H\u00f6gkvalitativt hantverk garanterar h\u00e5llbarhet och s\u00e4kerhet under lek<\/p>\n<p>Satsen inneh\u00e5ller:<\/p>\n<p>* &#8211; 2 kugghjul med vev<br \/>\n* &#8211; 12 stora kugghjul med 12 t\u00e4nder<br \/>\n* &#8211; 24 f\u00e4rgade kugghjul med 6 t\u00e4nder<br \/>\n* &#8211; Kedja med justerbar l\u00e4ngd<\/p>\n<p>Leksaken utvecklar:<\/p>\n<p>* &#8211; Motorik<br \/>\n* &#8211; Kreativitet<br \/>\n* &#8211; Manuell skicklighet<br \/>\n* &#8211; Logiskt t\u00e4nkande<\/p>\n<p>&#8211; Motorik<\/p>\n<p>&#8211; Kreativitet<\/p>\n<p>&#8211; Manuell skicklighet<\/p>\n<p>&#8211; Logiskt t\u00e4nkande<\/p>\n<p>Setet \u00e4r kompatibelt med:<\/p>\n<p>* &#8211; STEM-verkst\u00e4der ME29584 ME29591<br \/>\n* &#8211; STEM-v\u00e4ggtavlor ME12838 ME10971 ME11343 ME15358 ME15372 ME15389 ME15365 ME25111 ME25166<br \/>\n* &#8211; STEM-frist\u00e5ende tavlor ME29348 ME09548 ME09531 ME2932<br \/>\n* &#8211; STEM-v\u00e4ggar ME30849<br \/>\n* &#8211; F\u00e4rdiga set STEM MK0005 MK0006 MK0008 MK0009 MK0010 ME20925 ME25319-1 ME25319-2<\/p>\n","protected":false},"excerpt":{"rendered":"<p>Masterkidz f\u00e4rgglada kugghjul och v\u00e4xlar ger barn enkel tillg\u00e5ng till riktiga, fungerande tekniska komponenter. Varje kugghjul har ett centralt lager som forts\u00e4tter att rotera smidigt n\u00e4r det \u00e4r monterat. De rundade \u00e4ndarna p\u00e5 t\u00e4nderna g\u00f6r att hjulen enkelt kan kopplas ihop i en rak linje eller till och med i en 90-graders vinkel mot varandra. [&hellip;]<\/p>\n","protected":false},"featured_media":0,"comment_status":"open","ping_status":"closed","template":"","meta":[],"product_brand":[],"product_cat":[33],"product_tag":[],"class_list":{"0":"post-16839","1":"product","2":"type-product","3":"status-publish","5":"product_cat-okategoriserad","7":"first","8":"instock","9":"shipping-taxable","10":"purchasable","11":"product-type-simple"},"_links":{"self":[{"href":"https:\/\/nordicmart.andreevmaster.com\/sv\/wp-json\/wp\/v2\/product\/16839","targetHints":{"allow":["GET"]}}],"collection":[{"href":"https:\/\/nordicmart.andreevmaster.com\/sv\/wp-json\/wp\/v2\/product"}],"about":[{"href":"https:\/\/nordicmart.andreevmaster.com\/sv\/wp-json\/wp\/v2\/types\/product"}],"replies":[{"embeddable":true,"href":"https:\/\/nordicmart.andreevmaster.com\/sv\/wp-json\/wp\/v2\/comments?post=16839"}],"wp:attachment":[{"href":"https:\/\/nordicmart.andreevmaster.com\/sv\/wp-json\/wp\/v2\/media?parent=16839"}],"wp:term":[{"taxonomy":"product_brand","embeddable":true,"href":"https:\/\/nordicmart.andreevmaster.com\/sv\/wp-json\/wp\/v2\/product_brand?post=16839"},{"taxonomy":"product_cat","embeddable":true,"href":"https:\/\/nordicmart.andreevmaster.com\/sv\/wp-json\/wp\/v2\/product_cat?post=16839"},{"taxonomy":"product_tag","embeddable":true,"href":"https:\/\/nordicmart.andreevmaster.com\/sv\/wp-json\/wp\/v2\/product_tag?post=16839"}],"curies":[{"name":"wp","href":"https:\/\/api.w.org\/{rel}","templated":true}]}}