{"id":16838,"date":"2026-02-27T00:32:26","date_gmt":"2026-02-27T00:32:26","guid":{"rendered":"https:\/\/nordicmart.andreevmaster.com\/product\/masterkidz-stem-flexibelt-monteringssystem-for-pedagogiska-tavlor\/"},"modified":"2026-02-27T08:22:34","modified_gmt":"2026-02-27T08:22:34","slug":"masterkidz-stem-flexibelt-monteringssystem-for-pedagogiska-tavlor","status":"publish","type":"product","link":"https:\/\/nordicmart.andreevmaster.com\/sv\/produkt\/masterkidz-stem-flexibelt-monteringssystem-for-pedagogiska-tavlor\/","title":{"rendered":"MASTERKIDZ STEM \u2013 Flexibelt monteringssystem f\u00f6r pedagogiska tavlor"},"content":{"rendered":"<p>Masterkidz Flex-monteringssystem \u00e4r en praktisk l\u00f6sning som g\u00f6r att du snabbt och enkelt kan byta ut Masterkidz-v\u00e4ggtavlor utan att beh\u00f6va borra i v\u00e4ggen varje g\u00e5ng. Tack vare tv\u00e5 ramar, varav en \u00e4r utrustad med en l\u00e5sskruv, \u00e4r det extremt enkelt och s\u00e4kert att montera och ta bort tavlan. Det \u00e4r mycket enkelt att montera ramarna p\u00e5 tavlorna \u2013 det g\u00f6rs med hj\u00e4lp av speciella Masterkidz-skruvar som ett barn inte kan ta bort med sina egna verktyg.<br \/>\nFunktioner:<br \/>\n* &#8211; Systemet best\u00e5r av tv\u00e5 tr\u00e4ramar f\u00f6r montering av en enda Masterkidz-tavla<br \/>\n* &#8211; Snabb och enkel byte av tavlan tack vare en speciell l\u00e5sskruv<br \/>\n* &#8211; Installation utan att beh\u00f6va borra i v\u00e4ggen varje g\u00e5ng tavlan byts ut<br \/>\n* &#8211; M\u00f6jlighet att montera flera tavlor samtidigt (kr\u00e4ver k\u00f6p av ytterligare Flex-set)<br \/>\n* &#8211; Tillverkad av tr\u00e4 \u2013 genom att v\u00e4lja Masterkidz tar du hand om milj\u00f6n och minskar plastf\u00f6rbrukningen<\/p>\n","protected":false},"excerpt":{"rendered":"<p>Masterkidz Flex-monteringssystem \u00e4r en praktisk l\u00f6sning som g\u00f6r att du snabbt och enkelt kan byta ut Masterkidz-v\u00e4ggtavlor utan att beh\u00f6va borra i v\u00e4ggen varje g\u00e5ng. Tack vare tv\u00e5 ramar, varav en \u00e4r utrustad med en l\u00e5sskruv, \u00e4r det extremt enkelt och s\u00e4kert att montera och ta bort tavlan. Det \u00e4r mycket enkelt att montera ramarna [&hellip;]<\/p>\n","protected":false},"featured_media":0,"comment_status":"open","ping_status":"closed","template":"","meta":[],"product_brand":[],"product_cat":[33],"product_tag":[],"class_list":{"0":"post-16838","1":"product","2":"type-product","3":"status-publish","5":"product_cat-okategoriserad","7":"first","8":"instock","9":"shipping-taxable","10":"purchasable","11":"product-type-simple"},"_links":{"self":[{"href":"https:\/\/nordicmart.andreevmaster.com\/sv\/wp-json\/wp\/v2\/product\/16838","targetHints":{"allow":["GET"]}}],"collection":[{"href":"https:\/\/nordicmart.andreevmaster.com\/sv\/wp-json\/wp\/v2\/product"}],"about":[{"href":"https:\/\/nordicmart.andreevmaster.com\/sv\/wp-json\/wp\/v2\/types\/product"}],"replies":[{"embeddable":true,"href":"https:\/\/nordicmart.andreevmaster.com\/sv\/wp-json\/wp\/v2\/comments?post=16838"}],"wp:attachment":[{"href":"https:\/\/nordicmart.andreevmaster.com\/sv\/wp-json\/wp\/v2\/media?parent=16838"}],"wp:term":[{"taxonomy":"product_brand","embeddable":true,"href":"https:\/\/nordicmart.andreevmaster.com\/sv\/wp-json\/wp\/v2\/product_brand?post=16838"},{"taxonomy":"product_cat","embeddable":true,"href":"https:\/\/nordicmart.andreevmaster.com\/sv\/wp-json\/wp\/v2\/product_cat?post=16838"},{"taxonomy":"product_tag","embeddable":true,"href":"https:\/\/nordicmart.andreevmaster.com\/sv\/wp-json\/wp\/v2\/product_tag?post=16838"}],"curies":[{"name":"wp","href":"https:\/\/api.w.org\/{rel}","templated":true}]}}