{"id":16837,"date":"2026-02-27T00:32:26","date_gmt":"2026-02-27T00:32:26","guid":{"rendered":"https:\/\/nordicmart.andreevmaster.com\/product\/masterkidz-tralada-for-foremal-40-cm-stem-pedagogisk-och-kreativ-tavla\/"},"modified":"2026-02-27T08:22:34","modified_gmt":"2026-02-27T08:22:34","slug":"masterkidz-tralada-for-foremal-40-cm-stem-pedagogisk-och-kreativ-tavla","status":"publish","type":"product","link":"https:\/\/nordicmart.andreevmaster.com\/sv\/produkt\/masterkidz-tralada-for-foremal-40-cm-stem-pedagogisk-och-kreativ-tavla\/","title":{"rendered":"MASTERKIDZ Tr\u00e4l\u00e5da f\u00f6r f\u00f6rem\u00e5l 40 cm \u2013 STEM pedagogisk och kreativ tavla"},"content":{"rendered":"<p>Den 20 cm breda tr\u00e4f\u00f6rvaringsl\u00e5dan fr\u00e5n Masterkidz \u00e4r ett praktiskt tillbeh\u00f6r till STEM Science and Creative Board, d\u00e4r du bekv\u00e4mt kan f\u00f6rvara olika sm\u00e5saker som b\u00f6cker, fj\u00e4rrkontroller och leksaker. Den monteras direkt p\u00e5 tavlan och fungerar bra hemma, p\u00e5 dagis eller i lekrummet, d\u00e4r den hj\u00e4lper till att h\u00e5lla ordning och se till att de viktigaste sakerna alltid finns till hands.<\/p>\n<p>Funktioner:<\/p>\n<p>* &#8211; Designad f\u00f6r montering p\u00e5 Masterkidz STEM Manipulative Board<br \/>\n* &#8211; Utrustad med en transparent platta som f\u00f6rhindrar att inneh\u00e5llet faller ut<br \/>\n* &#8211; Perfekt f\u00f6r b\u00f6cker, fj\u00e4rrkontroller, mindre leksaker och dekorationer<br \/>\n* &#8211; Mycket enkel att montera med standardskruvar fr\u00e5n Masterkidz \u2013 barn kan inte skruva loss l\u00e5dan med verktygen i setet<br \/>\n* &#8211; Tillverkad av h\u00e5llbart tr\u00e4<\/p>\n","protected":false},"excerpt":{"rendered":"<p>Den 20 cm breda tr\u00e4f\u00f6rvaringsl\u00e5dan fr\u00e5n Masterkidz \u00e4r ett praktiskt tillbeh\u00f6r till STEM Science and Creative Board, d\u00e4r du bekv\u00e4mt kan f\u00f6rvara olika sm\u00e5saker som b\u00f6cker, fj\u00e4rrkontroller och leksaker. Den monteras direkt p\u00e5 tavlan och fungerar bra hemma, p\u00e5 dagis eller i lekrummet, d\u00e4r den hj\u00e4lper till att h\u00e5lla ordning och se till att de [&hellip;]<\/p>\n","protected":false},"featured_media":0,"comment_status":"open","ping_status":"closed","template":"","meta":[],"product_brand":[],"product_cat":[33],"product_tag":[],"class_list":{"0":"post-16837","1":"product","2":"type-product","3":"status-publish","5":"product_cat-okategoriserad","7":"first","8":"instock","9":"shipping-taxable","10":"purchasable","11":"product-type-simple"},"_links":{"self":[{"href":"https:\/\/nordicmart.andreevmaster.com\/sv\/wp-json\/wp\/v2\/product\/16837","targetHints":{"allow":["GET"]}}],"collection":[{"href":"https:\/\/nordicmart.andreevmaster.com\/sv\/wp-json\/wp\/v2\/product"}],"about":[{"href":"https:\/\/nordicmart.andreevmaster.com\/sv\/wp-json\/wp\/v2\/types\/product"}],"replies":[{"embeddable":true,"href":"https:\/\/nordicmart.andreevmaster.com\/sv\/wp-json\/wp\/v2\/comments?post=16837"}],"wp:attachment":[{"href":"https:\/\/nordicmart.andreevmaster.com\/sv\/wp-json\/wp\/v2\/media?parent=16837"}],"wp:term":[{"taxonomy":"product_brand","embeddable":true,"href":"https:\/\/nordicmart.andreevmaster.com\/sv\/wp-json\/wp\/v2\/product_brand?post=16837"},{"taxonomy":"product_cat","embeddable":true,"href":"https:\/\/nordicmart.andreevmaster.com\/sv\/wp-json\/wp\/v2\/product_cat?post=16837"},{"taxonomy":"product_tag","embeddable":true,"href":"https:\/\/nordicmart.andreevmaster.com\/sv\/wp-json\/wp\/v2\/product_tag?post=16837"}],"curies":[{"name":"wp","href":"https:\/\/api.w.org\/{rel}","templated":true}]}}