{"id":16836,"date":"2026-02-27T00:32:25","date_gmt":"2026-02-27T00:32:25","guid":{"rendered":"https:\/\/nordicmart.andreevmaster.com\/product\/masterkidz-vattenpump-for-hydrauliskt-set-stem-wall-science-and-creative-board\/"},"modified":"2026-02-27T08:22:33","modified_gmt":"2026-02-27T08:22:33","slug":"masterkidz-vattenpump-for-hydrauliskt-set-stem-wall-science-and-creative-board","status":"publish","type":"product","link":"https:\/\/nordicmart.andreevmaster.com\/sv\/produkt\/masterkidz-vattenpump-for-hydrauliskt-set-stem-wall-science-and-creative-board\/","title":{"rendered":"MASTERKIDZ Vattenpump f\u00f6r hydrauliskt set \u2013 STEM WALL Science and Creative Board"},"content":{"rendered":"<p>En hydraulisk vattenpump som ger variation i leken med Masterkidz r\u00f6rsystem. Med den kan du pumpa vatten in och ut ur systemet ist\u00e4llet f\u00f6r att l\u00e5ta vattnet rinna genom r\u00f6ren. Vatten som rinner genom r\u00f6ren under h\u00f6gt tryck ger barnen mycket roligt.### Egenskaper:<\/p>\n<p>* &#8211; Den manuella vattenpumpen \u00e4r ett utm\u00e4rkt tillskott till Masterkidz hydraulsystem och g\u00f6r leken \u00e4nnu mer intressant!<br \/>\n* &#8211; Ditt barn kan pumpa in och ut vatten under h\u00f6gt tryck och observera hur vattnet r\u00f6r sig genom r\u00f6ren. Pumpen garanterar timmar av fantastisk lek och l\u00e4r samtidigt ditt barn de grundl\u00e4ggande fysiklagarna.* &#8211; Setet inneh\u00e5ller en pump, 4 skruvar f\u00f6r montering p\u00e5 Masterkidz STEM Science and Education Board, 2 ringar f\u00f6r att ansluta r\u00f6ren till pumpen och 3 r\u00f6r med l\u00e4ngderna 2&#215;100 cm och 1&#215;50 cm. Masterkidz leksaker \u00e4r h\u00f6gkvalitativa, h\u00e5llbara och s\u00e4kra pedagogiska leksaker av tr\u00e4. Designade och anpassade f\u00f6r olika stadier av barns utveckling. Kreativt, \u00e4ventyrligt och pedagogiskt lekande \u00e4r de fr\u00e4msta f\u00f6rdelarna med detta varum\u00e4rkes leksaker. Ov\u00e4rderligt st\u00f6d f\u00f6r Montessori-metoden. Det b\u00e4sta valet f\u00f6r ditt hem, dagis, hotell eller restaurang. Skapa den perfekta lekh\u00f6rnan eller en stor pedagogisk v\u00e4gg. Erbjudandet inkluderar v\u00e4ggmonterade och mobila tavlor, upplysta bord, paneler f\u00f6r att leka med f\u00e4rger, pedagogiska temamoduler och mycket mer. Ett otroligt stort antal tillbeh\u00f6r och o\u00e4ndliga m\u00f6jligheter f\u00f6r kreativt lekande.<\/p>\n","protected":false},"excerpt":{"rendered":"<p>En hydraulisk vattenpump som ger variation i leken med Masterkidz r\u00f6rsystem. Med den kan du pumpa vatten in och ut ur systemet ist\u00e4llet f\u00f6r att l\u00e5ta vattnet rinna genom r\u00f6ren. Vatten som rinner genom r\u00f6ren under h\u00f6gt tryck ger barnen mycket roligt.### Egenskaper: * &#8211; Den manuella vattenpumpen \u00e4r ett utm\u00e4rkt tillskott till Masterkidz hydraulsystem [&hellip;]<\/p>\n","protected":false},"featured_media":0,"comment_status":"open","ping_status":"closed","template":"","meta":[],"product_brand":[],"product_cat":[33],"product_tag":[],"class_list":{"0":"post-16836","1":"product","2":"type-product","3":"status-publish","5":"product_cat-okategoriserad","7":"first","8":"instock","9":"shipping-taxable","10":"purchasable","11":"product-type-simple"},"_links":{"self":[{"href":"https:\/\/nordicmart.andreevmaster.com\/sv\/wp-json\/wp\/v2\/product\/16836","targetHints":{"allow":["GET"]}}],"collection":[{"href":"https:\/\/nordicmart.andreevmaster.com\/sv\/wp-json\/wp\/v2\/product"}],"about":[{"href":"https:\/\/nordicmart.andreevmaster.com\/sv\/wp-json\/wp\/v2\/types\/product"}],"replies":[{"embeddable":true,"href":"https:\/\/nordicmart.andreevmaster.com\/sv\/wp-json\/wp\/v2\/comments?post=16836"}],"wp:attachment":[{"href":"https:\/\/nordicmart.andreevmaster.com\/sv\/wp-json\/wp\/v2\/media?parent=16836"}],"wp:term":[{"taxonomy":"product_brand","embeddable":true,"href":"https:\/\/nordicmart.andreevmaster.com\/sv\/wp-json\/wp\/v2\/product_brand?post=16836"},{"taxonomy":"product_cat","embeddable":true,"href":"https:\/\/nordicmart.andreevmaster.com\/sv\/wp-json\/wp\/v2\/product_cat?post=16836"},{"taxonomy":"product_tag","embeddable":true,"href":"https:\/\/nordicmart.andreevmaster.com\/sv\/wp-json\/wp\/v2\/product_tag?post=16836"}],"curies":[{"name":"wp","href":"https:\/\/api.w.org\/{rel}","templated":true}]}}