{"id":16835,"date":"2026-02-27T00:32:25","date_gmt":"2026-02-27T00:32:25","guid":{"rendered":"https:\/\/nordicmart.andreevmaster.com\/product\/masterkidz-8-delars-verktygsset-med-skruvmejsel-for-stem-vetenskap-och-kreativt-brade\/"},"modified":"2026-02-27T08:22:33","modified_gmt":"2026-02-27T08:22:33","slug":"masterkidz-8-delars-verktygsset-med-skruvmejsel-for-stem-vetenskap-och-kreativt-brade","status":"publish","type":"product","link":"https:\/\/nordicmart.andreevmaster.com\/sv\/produkt\/masterkidz-8-delars-verktygsset-med-skruvmejsel-for-stem-vetenskap-och-kreativt-brade\/","title":{"rendered":"MASTERKIDZ 8-delars verktygsset med skruvmejsel f\u00f6r STEM-vetenskap och kreativt br\u00e4de"},"content":{"rendered":"<p>Ett praktiskt verktygsset f\u00f6r barn som g\u00f6r det mycket roligare att leka med Masterkidz STEM-v\u00e4ggen! Setet inneh\u00e5ller en skruvmejsel med 7 utbytbara bits, en skiftnyckel, en skruvmejsel och en f\u00f6rvaringshylla. Verktygen anv\u00e4nds f\u00f6r att dra \u00e5t och lossa Masterkidz-skruvar. Leksaken tr\u00e4nar barns motorik och l\u00e4r dem att anv\u00e4nda grundl\u00e4ggande verktyg p\u00e5 r\u00e4tt s\u00e4tt.<\/p>\n<p>Egenskaper:<\/p>\n<p>* &#8211; Verktyg som \u00e4r kompatibla med STEM-skruvar<br \/>\n* &#8211; 7 olika skruvmejselbits<br \/>\n* &#8211; Setet l\u00e4r barn DIY-f\u00e4rdigheter och kreativ probleml\u00f6sning<\/p>\n<p>Setet inneh\u00e5ller:<\/p>\n<p>* &#8211; Skruvmejsel<br \/>\n* &#8211; Skruvmejsel<br \/>\n* &#8211; 7 bits i olika former<br \/>\n* &#8211; F\u00f6rvaringshylla i tr\u00e4 f\u00f6r verktyg<\/p>\n<p>Leksaken utvecklar:<\/p>\n<p>* &#8211; Kreativitet<br \/>\n* &#8211; Fantasi<br \/>\n* &#8211; Sj\u00e4lvst\u00e4ndighet<br \/>\n* &#8211; Motorik<\/p>\n","protected":false},"excerpt":{"rendered":"<p>Ett praktiskt verktygsset f\u00f6r barn som g\u00f6r det mycket roligare att leka med Masterkidz STEM-v\u00e4ggen! Setet inneh\u00e5ller en skruvmejsel med 7 utbytbara bits, en skiftnyckel, en skruvmejsel och en f\u00f6rvaringshylla. Verktygen anv\u00e4nds f\u00f6r att dra \u00e5t och lossa Masterkidz-skruvar. Leksaken tr\u00e4nar barns motorik och l\u00e4r dem att anv\u00e4nda grundl\u00e4ggande verktyg p\u00e5 r\u00e4tt s\u00e4tt. Egenskaper: * [&hellip;]<\/p>\n","protected":false},"featured_media":0,"comment_status":"open","ping_status":"closed","template":"","meta":[],"product_brand":[],"product_cat":[33],"product_tag":[],"class_list":{"0":"post-16835","1":"product","2":"type-product","3":"status-publish","5":"product_cat-okategoriserad","7":"first","8":"instock","9":"shipping-taxable","10":"purchasable","11":"product-type-simple"},"_links":{"self":[{"href":"https:\/\/nordicmart.andreevmaster.com\/sv\/wp-json\/wp\/v2\/product\/16835","targetHints":{"allow":["GET"]}}],"collection":[{"href":"https:\/\/nordicmart.andreevmaster.com\/sv\/wp-json\/wp\/v2\/product"}],"about":[{"href":"https:\/\/nordicmart.andreevmaster.com\/sv\/wp-json\/wp\/v2\/types\/product"}],"replies":[{"embeddable":true,"href":"https:\/\/nordicmart.andreevmaster.com\/sv\/wp-json\/wp\/v2\/comments?post=16835"}],"wp:attachment":[{"href":"https:\/\/nordicmart.andreevmaster.com\/sv\/wp-json\/wp\/v2\/media?parent=16835"}],"wp:term":[{"taxonomy":"product_brand","embeddable":true,"href":"https:\/\/nordicmart.andreevmaster.com\/sv\/wp-json\/wp\/v2\/product_brand?post=16835"},{"taxonomy":"product_cat","embeddable":true,"href":"https:\/\/nordicmart.andreevmaster.com\/sv\/wp-json\/wp\/v2\/product_cat?post=16835"},{"taxonomy":"product_tag","embeddable":true,"href":"https:\/\/nordicmart.andreevmaster.com\/sv\/wp-json\/wp\/v2\/product_tag?post=16835"}],"curies":[{"name":"wp","href":"https:\/\/api.w.org\/{rel}","templated":true}]}}