{"id":16834,"date":"2026-02-27T00:32:25","date_gmt":"2026-02-27T00:32:25","guid":{"rendered":"https:\/\/nordicmart.andreevmaster.com\/product\/masterkidz-pedagogisk-vaggtavla-fjarilens-livscykel\/"},"modified":"2026-02-27T08:22:33","modified_gmt":"2026-02-27T08:22:33","slug":"masterkidz-pedagogisk-vaggtavla-fjarilens-livscykel","status":"publish","type":"product","link":"https:\/\/nordicmart.andreevmaster.com\/sv\/produkt\/masterkidz-pedagogisk-vaggtavla-fjarilens-livscykel\/","title":{"rendered":"MASTERKIDZ Pedagogisk v\u00e4ggtavla Fj\u00e4rilens livscykel"},"content":{"rendered":"<p>Masterkidz pedagogiska tavlor fr\u00e5n serien &#8221;livscykel&#8221; \u00e4r utm\u00e4rkta l\u00e4romedel, inte bara f\u00f6r naturkunskapslektioner i skolan. Tavlan som visar fj\u00e4rilens utvecklingsstadier visar varje steg i cykeln. Anv\u00e4nd knapparna f\u00f6r att markera varje stadium och titta p\u00e5 \u00e4ggen, larven, puppan och den fullvuxna fj\u00e4rilen.Tavlan \u00e4r helt tillverkad av tr\u00e4 och dekorerad med vackra illustrationer av blommor och fj\u00e4rilar i olika stadier av cykeln. Den \u00e4r milj\u00f6v\u00e4nlig och g\u00f6r det m\u00f6jligt f\u00f6r barn att skaffa sig kunskap p\u00e5 ett barnv\u00e4nligt, l\u00e4tt och tillg\u00e4ngligt s\u00e4tt. Den \u00e4r perfekt f\u00f6r f\u00f6rskolor, skolor och andra utbildnings- och barnomsorgsinr\u00e4ttningar. Leksaken kr\u00e4ver 2 AA-batterier.<\/p>\n","protected":false},"excerpt":{"rendered":"<p>Masterkidz pedagogiska tavlor fr\u00e5n serien &#8221;livscykel&#8221; \u00e4r utm\u00e4rkta l\u00e4romedel, inte bara f\u00f6r naturkunskapslektioner i skolan. Tavlan som visar fj\u00e4rilens utvecklingsstadier visar varje steg i cykeln. Anv\u00e4nd knapparna f\u00f6r att markera varje stadium och titta p\u00e5 \u00e4ggen, larven, puppan och den fullvuxna fj\u00e4rilen.Tavlan \u00e4r helt tillverkad av tr\u00e4 och dekorerad med vackra illustrationer av blommor och [&hellip;]<\/p>\n","protected":false},"featured_media":0,"comment_status":"open","ping_status":"closed","template":"","meta":[],"product_brand":[],"product_cat":[33],"product_tag":[],"class_list":{"0":"post-16834","1":"product","2":"type-product","3":"status-publish","5":"product_cat-okategoriserad","7":"first","8":"instock","9":"shipping-taxable","10":"purchasable","11":"product-type-simple"},"_links":{"self":[{"href":"https:\/\/nordicmart.andreevmaster.com\/sv\/wp-json\/wp\/v2\/product\/16834","targetHints":{"allow":["GET"]}}],"collection":[{"href":"https:\/\/nordicmart.andreevmaster.com\/sv\/wp-json\/wp\/v2\/product"}],"about":[{"href":"https:\/\/nordicmart.andreevmaster.com\/sv\/wp-json\/wp\/v2\/types\/product"}],"replies":[{"embeddable":true,"href":"https:\/\/nordicmart.andreevmaster.com\/sv\/wp-json\/wp\/v2\/comments?post=16834"}],"wp:attachment":[{"href":"https:\/\/nordicmart.andreevmaster.com\/sv\/wp-json\/wp\/v2\/media?parent=16834"}],"wp:term":[{"taxonomy":"product_brand","embeddable":true,"href":"https:\/\/nordicmart.andreevmaster.com\/sv\/wp-json\/wp\/v2\/product_brand?post=16834"},{"taxonomy":"product_cat","embeddable":true,"href":"https:\/\/nordicmart.andreevmaster.com\/sv\/wp-json\/wp\/v2\/product_cat?post=16834"},{"taxonomy":"product_tag","embeddable":true,"href":"https:\/\/nordicmart.andreevmaster.com\/sv\/wp-json\/wp\/v2\/product_tag?post=16834"}],"curies":[{"name":"wp","href":"https:\/\/api.w.org\/{rel}","templated":true}]}}