{"id":16831,"date":"2026-02-27T00:32:24","date_gmt":"2026-02-27T00:32:24","guid":{"rendered":"https:\/\/nordicmart.andreevmaster.com\/product\/masterkidz-fargglada-pinnar-for-vetenskapsbrade-512-stycken-8-farger\/"},"modified":"2026-02-27T08:22:32","modified_gmt":"2026-02-27T08:22:32","slug":"masterkidz-fargglada-pinnar-for-vetenskapsbrade-512-stycken-8-farger","status":"publish","type":"product","link":"https:\/\/nordicmart.andreevmaster.com\/sv\/produkt\/masterkidz-fargglada-pinnar-for-vetenskapsbrade-512-stycken-8-farger\/","title":{"rendered":"MASTERKIDZ F\u00e4rgglada pinnar f\u00f6r vetenskapsbr\u00e4de 512 stycken 8 f\u00e4rger"},"content":{"rendered":"<p>Med Masterkidz f\u00e4rgglada pinnar kan du skapa of\u00f6rgl\u00f6mliga strukturer p\u00e5 ditt br\u00e4de. Den enda begr\u00e4nsningen \u00e4r din fantasi, s\u00e5 l\u00e5t den fl\u00f6da fritt och skapa n\u00e5got vackert! Pinnarna finns i 8 f\u00e4rger, s\u00e5 att du kan skapa en m\u00e4ngd olika kompositioner. <\/p>\n<p>### Egenskaper: <\/p>\n<p>* &#8211; Fyll din STEM-tavla med f\u00e4rger och skapa unika bilder!<br \/>\n* &#8211; F\u00e4rgglada pinnar f\u00f6r tavlor \u00e4r grundelementet f\u00f6r att fylla Masterkidz v\u00e4gg- och frist\u00e5ende tavlor. De l\u00e5ter dig skapa bilder, men m\u00f6jligg\u00f6r ocks\u00e5 andra funktioner, s\u00e5som anv\u00e4ndning av f\u00e4rgglada sn\u00f6ren.<br \/>\n* &#8211; Pinnarna finns i m\u00e5nga f\u00e4rger, s\u00e5 dina skapelser beh\u00f6ver inte vara monokroma. Detta \u00f6ppnar upp f\u00f6r m\u00e5nga m\u00f6jligheter och \u00f6kar n\u00f6jet.* &#8211; Inga ytterligare verktyg kr\u00e4vs f\u00f6r att montera pinnarna.<br \/>\n* &#8211; Setet inneh\u00e5ller 512 pinnar i 8 f\u00e4rger.<\/p>\n<p>Masterkidz leksaker \u00e4r h\u00f6gkvalitativa, h\u00e5llbara och s\u00e4kra pedagogiska leksaker av tr\u00e4. De \u00e4r utformade och anpassade f\u00f6r olika stadier i barns utveckling. Kreativt, \u00e4ventyrligt och pedagogiskt lekande \u00e4r de fr\u00e4msta f\u00f6rdelarna med detta varum\u00e4rkes leksaker. Ov\u00e4rderligt st\u00f6d f\u00f6r Montessori-metoden. Det b\u00e4sta valet f\u00f6r ditt hem, dagis, hotell eller restaurang. Skapa den perfekta lekh\u00f6rnan eller en stor pedagogisk v\u00e4gg. Erbjudandet inkluderar v\u00e4ggmonterade och mobila tavlor, upplysta bord och paneler f\u00f6r att leka med f\u00e4rger. Tematiska pedagogiska moduler och mycket mer. Ett otroligt stort antal tillbeh\u00f6r och o\u00e4ndliga m\u00f6jligheter f\u00f6r kreativt lekande.<\/p>\n","protected":false},"excerpt":{"rendered":"<p>Med Masterkidz f\u00e4rgglada pinnar kan du skapa of\u00f6rgl\u00f6mliga strukturer p\u00e5 ditt br\u00e4de. Den enda begr\u00e4nsningen \u00e4r din fantasi, s\u00e5 l\u00e5t den fl\u00f6da fritt och skapa n\u00e5got vackert! Pinnarna finns i 8 f\u00e4rger, s\u00e5 att du kan skapa en m\u00e4ngd olika kompositioner. ### Egenskaper: * &#8211; Fyll din STEM-tavla med f\u00e4rger och skapa unika bilder! * [&hellip;]<\/p>\n","protected":false},"featured_media":0,"comment_status":"open","ping_status":"closed","template":"","meta":[],"product_brand":[],"product_cat":[33],"product_tag":[],"class_list":{"0":"post-16831","1":"product","2":"type-product","3":"status-publish","5":"product_cat-okategoriserad","7":"first","8":"instock","9":"shipping-taxable","10":"purchasable","11":"product-type-simple"},"_links":{"self":[{"href":"https:\/\/nordicmart.andreevmaster.com\/sv\/wp-json\/wp\/v2\/product\/16831","targetHints":{"allow":["GET"]}}],"collection":[{"href":"https:\/\/nordicmart.andreevmaster.com\/sv\/wp-json\/wp\/v2\/product"}],"about":[{"href":"https:\/\/nordicmart.andreevmaster.com\/sv\/wp-json\/wp\/v2\/types\/product"}],"replies":[{"embeddable":true,"href":"https:\/\/nordicmart.andreevmaster.com\/sv\/wp-json\/wp\/v2\/comments?post=16831"}],"wp:attachment":[{"href":"https:\/\/nordicmart.andreevmaster.com\/sv\/wp-json\/wp\/v2\/media?parent=16831"}],"wp:term":[{"taxonomy":"product_brand","embeddable":true,"href":"https:\/\/nordicmart.andreevmaster.com\/sv\/wp-json\/wp\/v2\/product_brand?post=16831"},{"taxonomy":"product_cat","embeddable":true,"href":"https:\/\/nordicmart.andreevmaster.com\/sv\/wp-json\/wp\/v2\/product_cat?post=16831"},{"taxonomy":"product_tag","embeddable":true,"href":"https:\/\/nordicmart.andreevmaster.com\/sv\/wp-json\/wp\/v2\/product_tag?post=16831"}],"curies":[{"name":"wp","href":"https:\/\/api.w.org\/{rel}","templated":true}]}}