{"id":16830,"date":"2026-02-27T00:32:24","date_gmt":"2026-02-27T00:32:24","guid":{"rendered":"https:\/\/nordicmart.andreevmaster.com\/product\/masterkidz-dubbelsidiga-akrylspeglar-bokstaver-siffror-alfabetet-montessori\/"},"modified":"2026-02-27T08:22:32","modified_gmt":"2026-02-27T08:22:32","slug":"masterkidz-dubbelsidiga-akrylspeglar-bokstaver-siffror-alfabetet-montessori","status":"publish","type":"product","link":"https:\/\/nordicmart.andreevmaster.com\/sv\/produkt\/masterkidz-dubbelsidiga-akrylspeglar-bokstaver-siffror-alfabetet-montessori\/","title":{"rendered":"MASTERKIDZ Dubbelsidiga akrylspeglar Bokst\u00e4ver Siffror Alfabetet Montessori"},"content":{"rendered":"<p>Egenskaper:<\/p>\n<p>* &#8211; setet best\u00e5r av 36 delar (bokst\u00e4ver i alfabetet och alla siffror)<br \/>\n* &#8211; varje del \u00e4r dubbelsidig, med spegeleffekt p\u00e5 b\u00e5da sidor<br \/>\n* &#8211; delarna \u00e4r robusta &#8211; 4 mm tjocka<br \/>\n* &#8211; b\u00e5da sidorna av spegeln \u00e4r rept\u00e5liga<br \/>\n* &#8211; varje bokstav och siffra har ett litet h\u00e5l f\u00f6r upph\u00e4ngning p\u00e5 en sn\u00f6re eller fiskelinje<\/p>\n<p>Leksaken utvecklar:<\/p>\n<p>* &#8211; finmotorik<br \/>\n* &#8211; sensoriska f\u00e4rdigheter<br \/>\n* &#8211; koncentration<br \/>\n* &#8211; kunskap om bokst\u00e4ver och siffror<\/p>\n","protected":false},"excerpt":{"rendered":"<p>Egenskaper: * &#8211; setet best\u00e5r av 36 delar (bokst\u00e4ver i alfabetet och alla siffror) * &#8211; varje del \u00e4r dubbelsidig, med spegeleffekt p\u00e5 b\u00e5da sidor * &#8211; delarna \u00e4r robusta &#8211; 4 mm tjocka * &#8211; b\u00e5da sidorna av spegeln \u00e4r rept\u00e5liga * &#8211; varje bokstav och siffra har ett litet h\u00e5l f\u00f6r upph\u00e4ngning p\u00e5 [&hellip;]<\/p>\n","protected":false},"featured_media":0,"comment_status":"open","ping_status":"closed","template":"","meta":[],"product_brand":[],"product_cat":[33],"product_tag":[],"class_list":{"0":"post-16830","1":"product","2":"type-product","3":"status-publish","5":"product_cat-okategoriserad","7":"first","8":"instock","9":"shipping-taxable","10":"purchasable","11":"product-type-simple"},"_links":{"self":[{"href":"https:\/\/nordicmart.andreevmaster.com\/sv\/wp-json\/wp\/v2\/product\/16830","targetHints":{"allow":["GET"]}}],"collection":[{"href":"https:\/\/nordicmart.andreevmaster.com\/sv\/wp-json\/wp\/v2\/product"}],"about":[{"href":"https:\/\/nordicmart.andreevmaster.com\/sv\/wp-json\/wp\/v2\/types\/product"}],"replies":[{"embeddable":true,"href":"https:\/\/nordicmart.andreevmaster.com\/sv\/wp-json\/wp\/v2\/comments?post=16830"}],"wp:attachment":[{"href":"https:\/\/nordicmart.andreevmaster.com\/sv\/wp-json\/wp\/v2\/media?parent=16830"}],"wp:term":[{"taxonomy":"product_brand","embeddable":true,"href":"https:\/\/nordicmart.andreevmaster.com\/sv\/wp-json\/wp\/v2\/product_brand?post=16830"},{"taxonomy":"product_cat","embeddable":true,"href":"https:\/\/nordicmart.andreevmaster.com\/sv\/wp-json\/wp\/v2\/product_cat?post=16830"},{"taxonomy":"product_tag","embeddable":true,"href":"https:\/\/nordicmart.andreevmaster.com\/sv\/wp-json\/wp\/v2\/product_tag?post=16830"}],"curies":[{"name":"wp","href":"https:\/\/api.w.org\/{rel}","templated":true}]}}