{"id":16829,"date":"2026-02-27T00:32:23","date_gmt":"2026-02-27T00:32:23","guid":{"rendered":"https:\/\/nordicmart.andreevmaster.com\/product\/masterkidz-lar-dig-att-oppna-och-stanga-las-vaggtavla\/"},"modified":"2026-02-27T08:22:32","modified_gmt":"2026-02-27T08:22:32","slug":"masterkidz-lar-dig-att-oppna-och-stanga-las-vaggtavla","status":"publish","type":"product","link":"https:\/\/nordicmart.andreevmaster.com\/sv\/produkt\/masterkidz-lar-dig-att-oppna-och-stanga-las-vaggtavla\/","title":{"rendered":"MASTERKIDZ L\u00e4r dig att \u00f6ppna och st\u00e4nga l\u00e5s V\u00e4ggtavla"},"content":{"rendered":"<p>Att \u00f6ppna och st\u00e4nga l\u00e5s \u00e4r inte en l\u00e4tt uppgift f\u00f6r ditt barn! D\u00e4rf\u00f6r \u00e4r den fantastiska v\u00e4ggtavlan fr\u00e5n Masterkidz den perfekta l\u00f6sningen f\u00f6r att l\u00e4ra sig denna f\u00e4rdighet. Tavlan best\u00e5r av en tr\u00e4panel och 6 minikassask\u00e5p att \u00f6va p\u00e5. Vissa av dem kommer ditt barn att kunna \u00f6ppna utan problem, medan andra kommer att vara en stor utmaning. Detta \u00e4r en av de leksaker som g\u00f6r att ditt barn inte kan sluta leka f\u00f6rr\u00e4n m\u00e5let \u00e4r uppn\u00e5tt. <\/p>\n<p>Tavlan utvecklar inte bara grundl\u00e4ggande f\u00e4rdigheter, utan ocks\u00e5 hand-\u00f6ga-koordination och fingerf\u00e4rdighet hos ditt barn. Detta \u00e4r ett mycket viktigt steg i ett barns utveckling, s\u00e4rskilt f\u00f6r blinda, synskadade, autistiska, Aspergers eller SI-st\u00f6rda barn. F\u00f6r dem \u00e4r det n\u00e4sta stora steg, som \u00f6ppnar en ny d\u00f6rr (bokstavligt och bildligt) mellan deras v\u00e4rld och omv\u00e4rlden. F\u00f6rutom att l\u00e4ra ut hur man anv\u00e4nder l\u00e5s kan tavlan ocks\u00e5 anv\u00e4ndas p\u00e5 andra s\u00e4tt. Baksidan av d\u00f6rrarna \u00e4r torkskrivbara ytor. B\u00e5de l\u00e4rare och barn kan rita p\u00e5 dem och skapa lekar, till exempel att memorera bilder. Sm\u00e5 f\u00f6rem\u00e5l kan ocks\u00e5 g\u00f6mmas bakom d\u00f6rrarna till varje kassask\u00e5p. Vi erbjuder olika typer av pedagogiska kort och flashkort. Detta \u00e4r ett utm\u00e4rkt komplement till vanliga pedagogiska spel och traditionell anv\u00e4ndning av flashkort. <\/p>\n<p>Tavlan kan monteras p\u00e5 tre s\u00e4tt: <\/p>\n<p>&#8211; v\u00e4ggmontering, <\/p>\n<p>&#8211; montering p\u00e5 det speciella Masterkidz Flex-systemet, <\/p>\n<p>&#8211; montering p\u00e5 ett frist\u00e5ende Masterkidz-stativ.<\/p>\n<p>Leksaken \u00e4r tillverkad av tr\u00e4. Genom att v\u00e4lja Masterkidz tr\u00e4leksaker tar du hand om milj\u00f6n och minskar plastavfallet.<\/p>\n<p>Erbjudandet inkluderar en aktivitetsbr\u00e4da f\u00f6r att l\u00e4ra sig \u00f6ppna och st\u00e4nga l\u00e5s.<\/p>\n","protected":false},"excerpt":{"rendered":"<p>Att \u00f6ppna och st\u00e4nga l\u00e5s \u00e4r inte en l\u00e4tt uppgift f\u00f6r ditt barn! D\u00e4rf\u00f6r \u00e4r den fantastiska v\u00e4ggtavlan fr\u00e5n Masterkidz den perfekta l\u00f6sningen f\u00f6r att l\u00e4ra sig denna f\u00e4rdighet. Tavlan best\u00e5r av en tr\u00e4panel och 6 minikassask\u00e5p att \u00f6va p\u00e5. Vissa av dem kommer ditt barn att kunna \u00f6ppna utan problem, medan andra kommer att [&hellip;]<\/p>\n","protected":false},"featured_media":0,"comment_status":"open","ping_status":"closed","template":"","meta":[],"product_brand":[],"product_cat":[33],"product_tag":[],"class_list":{"0":"post-16829","1":"product","2":"type-product","3":"status-publish","5":"product_cat-okategoriserad","7":"first","8":"instock","9":"shipping-taxable","10":"purchasable","11":"product-type-simple"},"_links":{"self":[{"href":"https:\/\/nordicmart.andreevmaster.com\/sv\/wp-json\/wp\/v2\/product\/16829","targetHints":{"allow":["GET"]}}],"collection":[{"href":"https:\/\/nordicmart.andreevmaster.com\/sv\/wp-json\/wp\/v2\/product"}],"about":[{"href":"https:\/\/nordicmart.andreevmaster.com\/sv\/wp-json\/wp\/v2\/types\/product"}],"replies":[{"embeddable":true,"href":"https:\/\/nordicmart.andreevmaster.com\/sv\/wp-json\/wp\/v2\/comments?post=16829"}],"wp:attachment":[{"href":"https:\/\/nordicmart.andreevmaster.com\/sv\/wp-json\/wp\/v2\/media?parent=16829"}],"wp:term":[{"taxonomy":"product_brand","embeddable":true,"href":"https:\/\/nordicmart.andreevmaster.com\/sv\/wp-json\/wp\/v2\/product_brand?post=16829"},{"taxonomy":"product_cat","embeddable":true,"href":"https:\/\/nordicmart.andreevmaster.com\/sv\/wp-json\/wp\/v2\/product_cat?post=16829"},{"taxonomy":"product_tag","embeddable":true,"href":"https:\/\/nordicmart.andreevmaster.com\/sv\/wp-json\/wp\/v2\/product_tag?post=16829"}],"curies":[{"name":"wp","href":"https:\/\/api.w.org\/{rel}","templated":true}]}}