{"id":16828,"date":"2026-02-27T00:32:23","date_gmt":"2026-02-27T00:32:23","guid":{"rendered":"https:\/\/nordicmart.andreevmaster.com\/product\/masterkidz-vaggtavla-oppna-och-stanga-las-dragkedjor-knappar-montessori\/"},"modified":"2026-02-27T08:22:32","modified_gmt":"2026-02-27T08:22:32","slug":"masterkidz-vaggtavla-oppna-och-stanga-las-dragkedjor-knappar-montessori","status":"publish","type":"product","link":"https:\/\/nordicmart.andreevmaster.com\/sv\/produkt\/masterkidz-vaggtavla-oppna-och-stanga-las-dragkedjor-knappar-montessori\/","title":{"rendered":"MASTERKIDZ V\u00e4ggtavla \u00d6ppna och st\u00e4nga l\u00e5s Dragkedjor Knappar Montessori"},"content":{"rendered":"<p>Olika typer av komplicerade l\u00e5s och f\u00e4stdon kan orsaka verkliga problem f\u00f6r b\u00e5de barn och vuxna. D\u00e4rf\u00f6r \u00e4r det v\u00e4rt att \u00f6va p\u00e5 fingerf\u00e4rdighet och smidighet \u2013 och den pedagogiska tr\u00e4panelen fr\u00e5n Masterkidz hj\u00e4lper till med detta. <\/p>\n<p>Panelen har 6 horisontella fickor som imiterar en jacka, tr\u00f6ja eller skjorta. Fickorna har olika typer av f\u00e4stdon:<\/p>\n<p>* dragkedja<br \/>\n* sm\u00e5 knappar<br \/>\n* stora knappar<br \/>\n* dubbel dragkedja<br \/>\n* tryckknappar<\/p>\n<p>Br\u00e4dan \u00e4r tillverkad av tr\u00e4. Genom att v\u00e4lja tr\u00e4leksaker fr\u00e5n Masterkidz tar du hand om milj\u00f6n och minskar plastavfallet.<\/p>\n","protected":false},"excerpt":{"rendered":"<p>Olika typer av komplicerade l\u00e5s och f\u00e4stdon kan orsaka verkliga problem f\u00f6r b\u00e5de barn och vuxna. D\u00e4rf\u00f6r \u00e4r det v\u00e4rt att \u00f6va p\u00e5 fingerf\u00e4rdighet och smidighet \u2013 och den pedagogiska tr\u00e4panelen fr\u00e5n Masterkidz hj\u00e4lper till med detta. Panelen har 6 horisontella fickor som imiterar en jacka, tr\u00f6ja eller skjorta. Fickorna har olika typer av f\u00e4stdon: [&hellip;]<\/p>\n","protected":false},"featured_media":0,"comment_status":"open","ping_status":"closed","template":"","meta":[],"product_brand":[],"product_cat":[33],"product_tag":[],"class_list":{"0":"post-16828","1":"product","2":"type-product","3":"status-publish","5":"product_cat-okategoriserad","7":"first","8":"instock","9":"shipping-taxable","10":"purchasable","11":"product-type-simple"},"_links":{"self":[{"href":"https:\/\/nordicmart.andreevmaster.com\/sv\/wp-json\/wp\/v2\/product\/16828","targetHints":{"allow":["GET"]}}],"collection":[{"href":"https:\/\/nordicmart.andreevmaster.com\/sv\/wp-json\/wp\/v2\/product"}],"about":[{"href":"https:\/\/nordicmart.andreevmaster.com\/sv\/wp-json\/wp\/v2\/types\/product"}],"replies":[{"embeddable":true,"href":"https:\/\/nordicmart.andreevmaster.com\/sv\/wp-json\/wp\/v2\/comments?post=16828"}],"wp:attachment":[{"href":"https:\/\/nordicmart.andreevmaster.com\/sv\/wp-json\/wp\/v2\/media?parent=16828"}],"wp:term":[{"taxonomy":"product_brand","embeddable":true,"href":"https:\/\/nordicmart.andreevmaster.com\/sv\/wp-json\/wp\/v2\/product_brand?post=16828"},{"taxonomy":"product_cat","embeddable":true,"href":"https:\/\/nordicmart.andreevmaster.com\/sv\/wp-json\/wp\/v2\/product_cat?post=16828"},{"taxonomy":"product_tag","embeddable":true,"href":"https:\/\/nordicmart.andreevmaster.com\/sv\/wp-json\/wp\/v2\/product_tag?post=16828"}],"curies":[{"name":"wp","href":"https:\/\/api.w.org\/{rel}","templated":true}]}}