{"id":16827,"date":"2026-02-27T00:32:23","date_gmt":"2026-02-27T00:32:23","guid":{"rendered":"https:\/\/nordicmart.andreevmaster.com\/product\/masterkidz-travaggstavla-flex-fargglada-fickor-klammor-och-kardborreband\/"},"modified":"2026-02-27T08:22:32","modified_gmt":"2026-02-27T08:22:32","slug":"masterkidz-travaggstavla-flex-fargglada-fickor-klammor-och-kardborreband","status":"publish","type":"product","link":"https:\/\/nordicmart.andreevmaster.com\/sv\/produkt\/masterkidz-travaggstavla-flex-fargglada-fickor-klammor-och-kardborreband\/","title":{"rendered":"MASTERKIDZ Tr\u00e4v\u00e4ggstavla Flex F\u00e4rgglada fickor Kl\u00e4mmor och kardborreband"},"content":{"rendered":"<p>En v\u00e4ggtavla fr\u00e5n Masterkidz som kan monteras p\u00e5 en v\u00e4gg eller i Masterkidz Flex-systemet. Tavlan har 6 f\u00e4rgglada tygfickor som st\u00e4ngs med olika f\u00e4stdon och l\u00e5s. Barn kan anv\u00e4nda dem f\u00f6r att l\u00e4ra sig att \u00f6ppna och st\u00e4nga olika typer av f\u00e4stdon.<\/p>\n<p>Att \u00f6ppna vissa f\u00e4stdon och l\u00e5s kan vara sv\u00e5rt \u2013 \u00e4ven f\u00f6r vuxna! Att l\u00e4ra sig att \u00f6ppna komplicerade clips, karbinhakar och andra typer av f\u00e4stdon kan vara mycket sv\u00e5rt f\u00f6r ett barn. Men den fantastiska v\u00e4ggtavlan fr\u00e5n Masterkidz kommer till unds\u00e4ttning. Den har sex f\u00e4rgglada fickor som kan st\u00e4ngas p\u00e5 olika s\u00e4tt. Barn kan \u00f6va sina f\u00e4rdigheter p\u00e5 dem. <\/p>\n<p>Tr\u00e4panelen har 6 fickor med olika f\u00e4stdon: <\/p>\n<p>* elastisk remst\u00e4ngning<br \/>\n* kardborref\u00e4ste<br \/>\n* tuck lock-sp\u00e4nne<br \/>\n* karbinhakar<br \/>\n* kl\u00e4mmor <\/p>\n<p>Panelen \u00e4r tillverkad av tr\u00e4. Genom att v\u00e4lja Masterkidz tr\u00e4leksaker tar du hand om milj\u00f6n och minskar plastavfallet.<\/p>\n","protected":false},"excerpt":{"rendered":"<p>En v\u00e4ggtavla fr\u00e5n Masterkidz som kan monteras p\u00e5 en v\u00e4gg eller i Masterkidz Flex-systemet. Tavlan har 6 f\u00e4rgglada tygfickor som st\u00e4ngs med olika f\u00e4stdon och l\u00e5s. Barn kan anv\u00e4nda dem f\u00f6r att l\u00e4ra sig att \u00f6ppna och st\u00e4nga olika typer av f\u00e4stdon. Att \u00f6ppna vissa f\u00e4stdon och l\u00e5s kan vara sv\u00e5rt \u2013 \u00e4ven f\u00f6r vuxna! [&hellip;]<\/p>\n","protected":false},"featured_media":0,"comment_status":"open","ping_status":"closed","template":"","meta":[],"product_brand":[],"product_cat":[33],"product_tag":[],"class_list":{"0":"post-16827","1":"product","2":"type-product","3":"status-publish","5":"product_cat-okategoriserad","7":"first","8":"instock","9":"shipping-taxable","10":"purchasable","11":"product-type-simple"},"_links":{"self":[{"href":"https:\/\/nordicmart.andreevmaster.com\/sv\/wp-json\/wp\/v2\/product\/16827","targetHints":{"allow":["GET"]}}],"collection":[{"href":"https:\/\/nordicmart.andreevmaster.com\/sv\/wp-json\/wp\/v2\/product"}],"about":[{"href":"https:\/\/nordicmart.andreevmaster.com\/sv\/wp-json\/wp\/v2\/types\/product"}],"replies":[{"embeddable":true,"href":"https:\/\/nordicmart.andreevmaster.com\/sv\/wp-json\/wp\/v2\/comments?post=16827"}],"wp:attachment":[{"href":"https:\/\/nordicmart.andreevmaster.com\/sv\/wp-json\/wp\/v2\/media?parent=16827"}],"wp:term":[{"taxonomy":"product_brand","embeddable":true,"href":"https:\/\/nordicmart.andreevmaster.com\/sv\/wp-json\/wp\/v2\/product_brand?post=16827"},{"taxonomy":"product_cat","embeddable":true,"href":"https:\/\/nordicmart.andreevmaster.com\/sv\/wp-json\/wp\/v2\/product_cat?post=16827"},{"taxonomy":"product_tag","embeddable":true,"href":"https:\/\/nordicmart.andreevmaster.com\/sv\/wp-json\/wp\/v2\/product_tag?post=16827"}],"curies":[{"name":"wp","href":"https:\/\/api.w.org\/{rel}","templated":true}]}}