{"id":16826,"date":"2026-02-27T00:32:23","date_gmt":"2026-02-27T00:32:23","guid":{"rendered":"https:\/\/nordicmart.andreevmaster.com\/product\/masterkidz-magnetisk-avfallssorteringsbrada-recycling-truck-montessori\/"},"modified":"2026-02-27T08:22:31","modified_gmt":"2026-02-27T08:22:31","slug":"masterkidz-magnetisk-avfallssorteringsbrada-recycling-truck-montessori","status":"publish","type":"product","link":"https:\/\/nordicmart.andreevmaster.com\/sv\/produkt\/masterkidz-magnetisk-avfallssorteringsbrada-recycling-truck-montessori\/","title":{"rendered":"MASTERKIDZ Magnetisk avfallssorteringsbr\u00e4da Recycling Truck Montessori"},"content":{"rendered":"<p>Sensoriskt pedagogiskt leksak f\u00f6r barn. Tr\u00e4br\u00e4da fr\u00e5n Masterkidz f\u00f6r att l\u00e4ra sig sortera avfall. Med hj\u00e4lp av en magnetpinne \u00e4r barnets uppgift att placera cirklarna med skr\u00e4p i r\u00e4tt beh\u00e5llare.<\/p>\n<p>Egenskaper:<\/p>\n<p>* &#8211; barnets uppgift \u00e4r att anv\u00e4nda pinnen f\u00f6r att flytta skr\u00e4pet till r\u00e4tt beh\u00e5llare<br \/>\n* &#8211; beh\u00e5llarna finns p\u00e5 en stor gr\u00f6n lastbil &#8211; en sopbil<br \/>\n* &#8211; barn l\u00e4r sig om sortering av material genom att sortera tidningar, glasflaskor, metallkapsyler och aluminiumburkar<br \/>\n* &#8211; Lastbilen har 6 \u00e5tervinningsk\u00e4rl \u2013 glas, metall, plast, papper, organiskt avfall och icke-\u00e5tervinningsbart avfall<br \/>\n* &#8211; Pedagogiska leksaker f\u00f6r barn \u00e4r ett utm\u00e4rkt s\u00e4tt att g\u00f6ra l\u00e4randet om milj\u00f6n roligt. Vanligtvis tr\u00e5kiga lektioner blir nu fantastiskt roliga.<\/p>\n<p>Leksaken utvecklar:<\/p>\n<p>* &#8211; motoriska f\u00e4rdigheter<br \/>\n* &#8211; sensoriska f\u00e4rdigheter<br \/>\n* &#8211; hand-\u00f6ga-koordination<br \/>\n* &#8211; fantasi<br \/>\n* &#8211; koncentration<br \/>\n* &#8211; nyfikenhet<\/p>\n","protected":false},"excerpt":{"rendered":"<p>Sensoriskt pedagogiskt leksak f\u00f6r barn. Tr\u00e4br\u00e4da fr\u00e5n Masterkidz f\u00f6r att l\u00e4ra sig sortera avfall. Med hj\u00e4lp av en magnetpinne \u00e4r barnets uppgift att placera cirklarna med skr\u00e4p i r\u00e4tt beh\u00e5llare. Egenskaper: * &#8211; barnets uppgift \u00e4r att anv\u00e4nda pinnen f\u00f6r att flytta skr\u00e4pet till r\u00e4tt beh\u00e5llare * &#8211; beh\u00e5llarna finns p\u00e5 en stor gr\u00f6n lastbil [&hellip;]<\/p>\n","protected":false},"featured_media":0,"comment_status":"open","ping_status":"closed","template":"","meta":[],"product_brand":[],"product_cat":[33],"product_tag":[],"class_list":{"0":"post-16826","1":"product","2":"type-product","3":"status-publish","5":"product_cat-okategoriserad","7":"first","8":"instock","9":"shipping-taxable","10":"purchasable","11":"product-type-simple"},"_links":{"self":[{"href":"https:\/\/nordicmart.andreevmaster.com\/sv\/wp-json\/wp\/v2\/product\/16826","targetHints":{"allow":["GET"]}}],"collection":[{"href":"https:\/\/nordicmart.andreevmaster.com\/sv\/wp-json\/wp\/v2\/product"}],"about":[{"href":"https:\/\/nordicmart.andreevmaster.com\/sv\/wp-json\/wp\/v2\/types\/product"}],"replies":[{"embeddable":true,"href":"https:\/\/nordicmart.andreevmaster.com\/sv\/wp-json\/wp\/v2\/comments?post=16826"}],"wp:attachment":[{"href":"https:\/\/nordicmart.andreevmaster.com\/sv\/wp-json\/wp\/v2\/media?parent=16826"}],"wp:term":[{"taxonomy":"product_brand","embeddable":true,"href":"https:\/\/nordicmart.andreevmaster.com\/sv\/wp-json\/wp\/v2\/product_brand?post=16826"},{"taxonomy":"product_cat","embeddable":true,"href":"https:\/\/nordicmart.andreevmaster.com\/sv\/wp-json\/wp\/v2\/product_cat?post=16826"},{"taxonomy":"product_tag","embeddable":true,"href":"https:\/\/nordicmart.andreevmaster.com\/sv\/wp-json\/wp\/v2\/product_tag?post=16826"}],"curies":[{"name":"wp","href":"https:\/\/api.w.org\/{rel}","templated":true}]}}