{"id":16823,"date":"2026-02-27T00:32:22","date_gmt":"2026-02-27T00:32:22","guid":{"rendered":"https:\/\/nordicmart.andreevmaster.com\/product\/masterkidz-vaggpanel-kreativ-stem-vetenskapsbrada-monteringspanel-120x80cm\/"},"modified":"2026-02-27T08:22:31","modified_gmt":"2026-02-27T08:22:31","slug":"masterkidz-vaggpanel-kreativ-stem-vetenskapsbrada-monteringspanel-120x80cm","status":"publish","type":"product","link":"https:\/\/nordicmart.andreevmaster.com\/sv\/produkt\/masterkidz-vaggpanel-kreativ-stem-vetenskapsbrada-monteringspanel-120x80cm\/","title":{"rendered":"MASTERKIDZ V\u00e4ggpanel Kreativ STEM-vetenskapsbr\u00e4da + monteringspanel 120x80cm"},"content":{"rendered":"<p>Masterkidz STEM Manipulative Wall Board m\u00f6jligg\u00f6r kreativt lekande och l\u00e4rande om vetenskapens v\u00e4rld. De breda panelerna, som m\u00e4ter 80&#215;120 cm, har h\u00e5l i vilka f\u00e4rgglada pinnar kan s\u00e4ttas in f\u00f6r att skapa vackra m\u00f6nster. Olika l\u00e4romedel, kugghjul, r\u00f6rsystem med pump och andra intressanta element kan ocks\u00e5 monteras p\u00e5 tavlan.Med STEM Masterkidz Educational Board kan ditt barn b\u00f6rja leka kreativt och pedagogiskt genom att skapa vackra m\u00f6nster och strukturer tack vare de otaliga typer av element som kan anv\u00e4ndas i leken. Din lilla kommer att n\u00e5 h\u00f6jderna av sin fantasi genom att skapa m\u00e4sterverk eller konstruera en mekanism av kugghjul eller ett r\u00f6rsystem.<\/p>\n<p>Funktioner:<\/p>\n<p>* &#8211; Kompatibel med alla STEM-tillbeh\u00f6r<br \/>\n* &#8211; H\u00f6gkvalitativt hantverk som garanterar h\u00e5llbarhet och s\u00e4kerhet vid anv\u00e4ndning<br \/>\n* &#8211; Inkluderar en monteringspanel f\u00f6r snabb och enkel byte av br\u00e4dans komponenter utan att beh\u00f6va f\u00e4sta dem p\u00e5 v\u00e4ggen<br \/>\n* &#8211; Idealisk f\u00f6r utbildningsinstitutioner och hemmabruk<\/p>\n<p>Leksaken utvecklar:<\/p>\n<p>* &#8211; Fantasi<br \/>\n* &#8211; Kreativitet<br \/>\n* &#8211; Manuella f\u00e4rdigheter<br \/>\n* &#8211; Logiskt t\u00e4nkande<\/p>\n<p>Element som \u00e4r kompatibla med tavlan (s\u00e4ljs separat):<\/p>\n<p>* &#8211; F\u00e4rgade pinnar ME12746 ME14450 ME21113 ME21137 ME21120 ME21144<br \/>\n* &#8211; F\u00e4rgglada kristaller ME13989<br \/>\n* &#8211; F\u00e4rgade sn\u00f6ren f\u00f6r att koppla ihop pinnarna ME14467<br \/>\n* &#8211; F\u00e4rgade skruvar ME20963 ME29911<br \/>\n* &#8211; Byggklossar ME29027 ME29010 ME29089<br \/>\n* &#8211; Geometriska former ME14696 ME14702 ME14818 ME14825 ME31181<br \/>\n* &#8211; Kugghjul och kedjor ME13460 ME24343 ME31204<br \/>\n* &#8211; Boll- och vattenbanor ME14788 ME14870 ME14665 ME15143 ME25043<br \/>\n* &#8211; Pumpsats f\u00f6r att bygga r\u00f6rsystem ME13149<br \/>\n* &#8211; Bokstavs- och sifferset ME30412 ME30429<br \/>\n* &#8211; Beh\u00e5llare och tillbeh\u00f6r ME12845 ME16560 ME14672<\/p>\n","protected":false},"excerpt":{"rendered":"<p>Masterkidz STEM Manipulative Wall Board m\u00f6jligg\u00f6r kreativt lekande och l\u00e4rande om vetenskapens v\u00e4rld. De breda panelerna, som m\u00e4ter 80&#215;120 cm, har h\u00e5l i vilka f\u00e4rgglada pinnar kan s\u00e4ttas in f\u00f6r att skapa vackra m\u00f6nster. Olika l\u00e4romedel, kugghjul, r\u00f6rsystem med pump och andra intressanta element kan ocks\u00e5 monteras p\u00e5 tavlan.Med STEM Masterkidz Educational Board kan ditt [&hellip;]<\/p>\n","protected":false},"featured_media":0,"comment_status":"open","ping_status":"closed","template":"","meta":[],"product_brand":[],"product_cat":[33],"product_tag":[],"class_list":{"0":"post-16823","1":"product","2":"type-product","3":"status-publish","5":"product_cat-okategoriserad","7":"first","8":"instock","9":"shipping-taxable","10":"purchasable","11":"product-type-simple"},"_links":{"self":[{"href":"https:\/\/nordicmart.andreevmaster.com\/sv\/wp-json\/wp\/v2\/product\/16823","targetHints":{"allow":["GET"]}}],"collection":[{"href":"https:\/\/nordicmart.andreevmaster.com\/sv\/wp-json\/wp\/v2\/product"}],"about":[{"href":"https:\/\/nordicmart.andreevmaster.com\/sv\/wp-json\/wp\/v2\/types\/product"}],"replies":[{"embeddable":true,"href":"https:\/\/nordicmart.andreevmaster.com\/sv\/wp-json\/wp\/v2\/comments?post=16823"}],"wp:attachment":[{"href":"https:\/\/nordicmart.andreevmaster.com\/sv\/wp-json\/wp\/v2\/media?parent=16823"}],"wp:term":[{"taxonomy":"product_brand","embeddable":true,"href":"https:\/\/nordicmart.andreevmaster.com\/sv\/wp-json\/wp\/v2\/product_brand?post=16823"},{"taxonomy":"product_cat","embeddable":true,"href":"https:\/\/nordicmart.andreevmaster.com\/sv\/wp-json\/wp\/v2\/product_cat?post=16823"},{"taxonomy":"product_tag","embeddable":true,"href":"https:\/\/nordicmart.andreevmaster.com\/sv\/wp-json\/wp\/v2\/product_tag?post=16823"}],"curies":[{"name":"wp","href":"https:\/\/api.w.org\/{rel}","templated":true}]}}