{"id":16821,"date":"2026-02-27T00:32:21","date_gmt":"2026-02-27T00:32:21","guid":{"rendered":"https:\/\/nordicmart.andreevmaster.com\/product\/masterkidz-tralada-med-transparent-vagg-80-cm-for-stem-science-and-creative-boards\/"},"modified":"2026-02-27T08:22:30","modified_gmt":"2026-02-27T08:22:30","slug":"masterkidz-tralada-med-transparent-vagg-80-cm-for-stem-science-and-creative-boards","status":"publish","type":"product","link":"https:\/\/nordicmart.andreevmaster.com\/sv\/produkt\/masterkidz-tralada-med-transparent-vagg-80-cm-for-stem-science-and-creative-boards\/","title":{"rendered":"MASTERKIDZ Tr\u00e4l\u00e5da med transparent v\u00e4gg, 80 cm, f\u00f6r STEM Science and Creative Boards"},"content":{"rendered":"<p>En beh\u00e5llare d\u00e4r du kan f\u00f6rvara tillbeh\u00f6ren som anv\u00e4nds f\u00f6r Masterkidz STEM-tavlan s\u00e5 att de finns till hands n\u00e4r du skapar nya bilder. Du kan l\u00e4gga alla Masterkidz-pinnar, skruvar eller sn\u00f6ren i den s\u00e5 att du inte beh\u00f6ver str\u00e4cka dig efter hyllan med beh\u00e5llare med element varje g\u00e5ng.### Egenskaper:<\/p>\n<p>* &#8211; Masterkidz STEM-vetenskaps- och kreativa tavlor kan fyllas med en m\u00e4ngd olika element, s\u00e5 f\u00f6r att undvika r\u00f6ra \u00e4r det v\u00e4rt att skaffa tillbeh\u00f6r som hj\u00e4lper till att h\u00e5lla ordning. Ett av dem \u00e4r en tr\u00e4beh\u00e5llare med transparent v\u00e4gg.<br \/>\n* &#8211; Beh\u00e5llaren monteras direkt p\u00e5 STEM-v\u00e4ggen med Masterkidz-skruvar, s\u00e5 \u00e4ven ett barn kan montera den var som helst p\u00e5 tavlan.* &#8211; Beh\u00e5llaren rymmer pinnar, skruvar och sn\u00f6ren som beh\u00f6vs vid ett givet tillf\u00e4lle. * &#8211; Beh\u00e5llaren \u00e4r tillverkad av tr\u00e4. Genom att v\u00e4lja Masterkidz tr\u00e4produkter tar du hand om milj\u00f6n och minskar plastavfallet. Masterkidz leksaker \u00e4r h\u00f6gkvalitativa, h\u00e5llbara och s\u00e4kra pedagogiska leksaker av tr\u00e4. Designade och anpassade f\u00f6r olika stadier av barns utveckling. Kreativt, \u00e4ventyrligt och pedagogiskt lekande \u00e4r de fr\u00e4msta f\u00f6rdelarna med detta varum\u00e4rkes leksaker. Ov\u00e4rderligt st\u00f6d f\u00f6r Montessori-metoden. Det b\u00e4sta valet f\u00f6r ditt hem, dagis, hotell eller restaurang. Skapa den perfekta lekh\u00f6rnan eller en stor pedagogisk v\u00e4gg. Erbjudandet inkluderar v\u00e4ggmonterade och mobila tavlor, upplysta bord och paneler f\u00f6r att leka med f\u00e4rger. Tematiska pedagogiska moduler och mycket mer. Ett otroligt stort antal tillbeh\u00f6r och o\u00e4ndliga m\u00f6jligheter f\u00f6r kreativt lekande.<\/p>\n","protected":false},"excerpt":{"rendered":"<p>En beh\u00e5llare d\u00e4r du kan f\u00f6rvara tillbeh\u00f6ren som anv\u00e4nds f\u00f6r Masterkidz STEM-tavlan s\u00e5 att de finns till hands n\u00e4r du skapar nya bilder. Du kan l\u00e4gga alla Masterkidz-pinnar, skruvar eller sn\u00f6ren i den s\u00e5 att du inte beh\u00f6ver str\u00e4cka dig efter hyllan med beh\u00e5llare med element varje g\u00e5ng.### Egenskaper: * &#8211; Masterkidz STEM-vetenskaps- och kreativa [&hellip;]<\/p>\n","protected":false},"featured_media":0,"comment_status":"open","ping_status":"closed","template":"","meta":[],"product_brand":[],"product_cat":[33],"product_tag":[],"class_list":{"0":"post-16821","1":"product","2":"type-product","3":"status-publish","5":"product_cat-okategoriserad","7":"first","8":"instock","9":"shipping-taxable","10":"purchasable","11":"product-type-simple"},"_links":{"self":[{"href":"https:\/\/nordicmart.andreevmaster.com\/sv\/wp-json\/wp\/v2\/product\/16821","targetHints":{"allow":["GET"]}}],"collection":[{"href":"https:\/\/nordicmart.andreevmaster.com\/sv\/wp-json\/wp\/v2\/product"}],"about":[{"href":"https:\/\/nordicmart.andreevmaster.com\/sv\/wp-json\/wp\/v2\/types\/product"}],"replies":[{"embeddable":true,"href":"https:\/\/nordicmart.andreevmaster.com\/sv\/wp-json\/wp\/v2\/comments?post=16821"}],"wp:attachment":[{"href":"https:\/\/nordicmart.andreevmaster.com\/sv\/wp-json\/wp\/v2\/media?parent=16821"}],"wp:term":[{"taxonomy":"product_brand","embeddable":true,"href":"https:\/\/nordicmart.andreevmaster.com\/sv\/wp-json\/wp\/v2\/product_brand?post=16821"},{"taxonomy":"product_cat","embeddable":true,"href":"https:\/\/nordicmart.andreevmaster.com\/sv\/wp-json\/wp\/v2\/product_cat?post=16821"},{"taxonomy":"product_tag","embeddable":true,"href":"https:\/\/nordicmart.andreevmaster.com\/sv\/wp-json\/wp\/v2\/product_tag?post=16821"}],"curies":[{"name":"wp","href":"https:\/\/api.w.org\/{rel}","templated":true}]}}