{"id":16820,"date":"2026-02-27T00:32:21","date_gmt":"2026-02-27T00:32:21","guid":{"rendered":"https:\/\/nordicmart.andreevmaster.com\/product\/masterkidz-munhygien-vaggmonterad-sensorisk-tavla-flex-montessori\/"},"modified":"2026-02-27T08:22:30","modified_gmt":"2026-02-27T08:22:30","slug":"masterkidz-munhygien-vaggmonterad-sensorisk-tavla-flex-montessori","status":"publish","type":"product","link":"https:\/\/nordicmart.andreevmaster.com\/sv\/produkt\/masterkidz-munhygien-vaggmonterad-sensorisk-tavla-flex-montessori\/","title":{"rendered":"MASTERKIDZ Munhygien V\u00e4ggmonterad sensorisk tavla Flex Montessori"},"content":{"rendered":"<p>V\u00e4ggtavlan f\u00f6r munhygien formar grundl\u00e4ggande livsf\u00e4rdigheter. Den l\u00e4r barn hur man borstar och sk\u00f6ter t\u00e4nderna p\u00e5 r\u00e4tt s\u00e4tt. Detta \u00e4r ett mycket viktigt steg i varje barns utveckling. Tavlan l\u00e4r inte bara ut korrekt tandborstning, utan hj\u00e4lper ocks\u00e5 barn att k\u00e4nna igen smaker som surt, bittert, s\u00f6tt och salt. <\/p>\n<p>Funktioner: <\/p>\n<p>* &#8211; Hj\u00e4lper barn att \u00f6va p\u00e5 att borsta t\u00e4nderna och anv\u00e4nda tandtr\u00e5d.<br \/>\n* &#8211; Inneh\u00e5ller en stor, r\u00f6rlig tunga m\u00e4rkt med olika typer av smaker: s\u00f6t, salt, sur och bitter \u2013 hj\u00e4lper barn att l\u00e4ra sig k\u00e4nna igen smaker<br \/>\n* &#8211; Utrustad med tandborste, tandkr\u00e4m och tandtr\u00e5d<br \/>\n* &#8211; Inneh\u00e5ller livsmedel som m\u00e5ste matchas med r\u00e4tt smak p\u00e5 tungan med hj\u00e4lp av kardborreband.* &#8211; Tavlan \u00e4r idealisk f\u00f6r f\u00f6rskolor eller andra utbildnings- och barnomsorgsinr\u00e4ttningar.<br \/>\n* &#8211; Kan monteras p\u00e5 en v\u00e4gg, i Masterkidz Flex-systemet eller p\u00e5 STEM-tavlor<br \/>\n* &#8211; Erbjudandet inkluderar en interaktiv munhygientavla.<\/p>\n<p>Tavlan utvecklar:<\/p>\n<p>* &#8211; Logik<br \/>\n* &#8211; Motorik<br \/>\n* &#8211; Fantasi<br \/>\n* &#8211; H\u00e4lsomedvetenhet och ansvar f\u00f6r den egna h\u00e4lsan.<\/p>\n<p>Tavlan \u00e4r kompatibel med:<\/p>\n<p>* &#8211; FLEX ME09692 ME09777 ME08541 monteringsramar<br \/>\n* &#8211; FLEX ME06479 ME06486 monteringsbr\u00e4dor<\/p>\n<p>&#8211; FLEX monteringsramar ME09692 ME09777 ME08541<\/p>\n<p>&#8211; FLEX monteringsbr\u00e4dor ME06479 ME06486<\/p>\n","protected":false},"excerpt":{"rendered":"<p>V\u00e4ggtavlan f\u00f6r munhygien formar grundl\u00e4ggande livsf\u00e4rdigheter. Den l\u00e4r barn hur man borstar och sk\u00f6ter t\u00e4nderna p\u00e5 r\u00e4tt s\u00e4tt. Detta \u00e4r ett mycket viktigt steg i varje barns utveckling. Tavlan l\u00e4r inte bara ut korrekt tandborstning, utan hj\u00e4lper ocks\u00e5 barn att k\u00e4nna igen smaker som surt, bittert, s\u00f6tt och salt. Funktioner: * &#8211; Hj\u00e4lper barn att [&hellip;]<\/p>\n","protected":false},"featured_media":0,"comment_status":"open","ping_status":"closed","template":"","meta":[],"product_brand":[],"product_cat":[33],"product_tag":[],"class_list":{"0":"post-16820","1":"product","2":"type-product","3":"status-publish","5":"product_cat-okategoriserad","7":"first","8":"instock","9":"shipping-taxable","10":"purchasable","11":"product-type-simple"},"_links":{"self":[{"href":"https:\/\/nordicmart.andreevmaster.com\/sv\/wp-json\/wp\/v2\/product\/16820","targetHints":{"allow":["GET"]}}],"collection":[{"href":"https:\/\/nordicmart.andreevmaster.com\/sv\/wp-json\/wp\/v2\/product"}],"about":[{"href":"https:\/\/nordicmart.andreevmaster.com\/sv\/wp-json\/wp\/v2\/types\/product"}],"replies":[{"embeddable":true,"href":"https:\/\/nordicmart.andreevmaster.com\/sv\/wp-json\/wp\/v2\/comments?post=16820"}],"wp:attachment":[{"href":"https:\/\/nordicmart.andreevmaster.com\/sv\/wp-json\/wp\/v2\/media?parent=16820"}],"wp:term":[{"taxonomy":"product_brand","embeddable":true,"href":"https:\/\/nordicmart.andreevmaster.com\/sv\/wp-json\/wp\/v2\/product_brand?post=16820"},{"taxonomy":"product_cat","embeddable":true,"href":"https:\/\/nordicmart.andreevmaster.com\/sv\/wp-json\/wp\/v2\/product_cat?post=16820"},{"taxonomy":"product_tag","embeddable":true,"href":"https:\/\/nordicmart.andreevmaster.com\/sv\/wp-json\/wp\/v2\/product_tag?post=16820"}],"curies":[{"name":"wp","href":"https:\/\/api.w.org\/{rel}","templated":true}]}}