{"id":16819,"date":"2026-02-27T00:32:21","date_gmt":"2026-02-27T00:32:21","guid":{"rendered":"https:\/\/nordicmart.andreevmaster.com\/product\/masterkidz-trahyllor-for-kok-koksskap-mikrovagsugn\/"},"modified":"2026-02-27T08:22:30","modified_gmt":"2026-02-27T08:22:30","slug":"masterkidz-trahyllor-for-kok-koksskap-mikrovagsugn","status":"publish","type":"product","link":"https:\/\/nordicmart.andreevmaster.com\/sv\/produkt\/masterkidz-trahyllor-for-kok-koksskap-mikrovagsugn\/","title":{"rendered":"MASTERKIDZ Tr\u00e4hyllor f\u00f6r k\u00f6k K\u00f6kssk\u00e5p + mikrov\u00e5gsugn"},"content":{"rendered":"<p>Detta stora k\u00f6kssk\u00e5p i tr\u00e4 fr\u00e5n det v\u00e4lk\u00e4nda varum\u00e4rket Masterkidz \u00e4r en garanti f\u00f6r kvalitet och s\u00e4kerhet. Denna kombination g\u00f6r k\u00f6ket till ett perfekt val f\u00f6r f\u00f6rskolor eller lekrum.  Uppm\u00e4rksamheten p\u00e5 b\u00e5de kvaliteten p\u00e5 hantverket och estetiken, samt de n\u00e4stan obegr\u00e4nsade m\u00f6jligheterna att ut\u00f6ka setet, \u00e4r unika f\u00f6rdelar med denna produkt.<br \/>\nEgenskaper:<br \/>\n* \u2714\ufe0f Tillverkad av h\u00f6gkvalitativt tr\u00e4, vilket garanterar h\u00e5llbarhet och s\u00e4kerhet.<br \/>\n* \u2714\ufe0f Utrustad med ett k\u00f6kssk\u00e5p som kan \u00f6ppnas och en imiterad mikrov\u00e5gsugn med en realistisk kontrollpanel och vred<br \/>\n* \u2714\ufe0f M\u00e5lad med giftfria f\u00e4rger som \u00e4r s\u00e4kra f\u00f6r barn.<br \/>\n* \u2714\ufe0f Estetisk design som lockar de yngsta anv\u00e4ndarnas uppm\u00e4rksamhet.* \u2714\ufe0f Setet kan ut\u00f6kas med ytterligare k\u00f6ks tillbeh\u00f6r. * \u2714\ufe0f Perfekt f\u00f6r att l\u00e4ra sig organisera utrymme och rollspel. Leksaken utvecklar: * \u2b50 Fantasi * \u2b50 Kreativitet * \u2b50 Sociala f\u00e4rdigheter * \u2b50 Manuell fingerf\u00e4rdighet * \u2b50 Rumslig organisation<\/p>\n","protected":false},"excerpt":{"rendered":"<p>Detta stora k\u00f6kssk\u00e5p i tr\u00e4 fr\u00e5n det v\u00e4lk\u00e4nda varum\u00e4rket Masterkidz \u00e4r en garanti f\u00f6r kvalitet och s\u00e4kerhet. Denna kombination g\u00f6r k\u00f6ket till ett perfekt val f\u00f6r f\u00f6rskolor eller lekrum. Uppm\u00e4rksamheten p\u00e5 b\u00e5de kvaliteten p\u00e5 hantverket och estetiken, samt de n\u00e4stan obegr\u00e4nsade m\u00f6jligheterna att ut\u00f6ka setet, \u00e4r unika f\u00f6rdelar med denna produkt. Egenskaper: * \u2714\ufe0f Tillverkad [&hellip;]<\/p>\n","protected":false},"featured_media":0,"comment_status":"open","ping_status":"closed","template":"","meta":[],"product_brand":[],"product_cat":[33],"product_tag":[],"class_list":{"0":"post-16819","1":"product","2":"type-product","3":"status-publish","5":"product_cat-okategoriserad","7":"first","8":"instock","9":"shipping-taxable","10":"purchasable","11":"product-type-simple"},"_links":{"self":[{"href":"https:\/\/nordicmart.andreevmaster.com\/sv\/wp-json\/wp\/v2\/product\/16819","targetHints":{"allow":["GET"]}}],"collection":[{"href":"https:\/\/nordicmart.andreevmaster.com\/sv\/wp-json\/wp\/v2\/product"}],"about":[{"href":"https:\/\/nordicmart.andreevmaster.com\/sv\/wp-json\/wp\/v2\/types\/product"}],"replies":[{"embeddable":true,"href":"https:\/\/nordicmart.andreevmaster.com\/sv\/wp-json\/wp\/v2\/comments?post=16819"}],"wp:attachment":[{"href":"https:\/\/nordicmart.andreevmaster.com\/sv\/wp-json\/wp\/v2\/media?parent=16819"}],"wp:term":[{"taxonomy":"product_brand","embeddable":true,"href":"https:\/\/nordicmart.andreevmaster.com\/sv\/wp-json\/wp\/v2\/product_brand?post=16819"},{"taxonomy":"product_cat","embeddable":true,"href":"https:\/\/nordicmart.andreevmaster.com\/sv\/wp-json\/wp\/v2\/product_cat?post=16819"},{"taxonomy":"product_tag","embeddable":true,"href":"https:\/\/nordicmart.andreevmaster.com\/sv\/wp-json\/wp\/v2\/product_tag?post=16819"}],"curies":[{"name":"wp","href":"https:\/\/api.w.org\/{rel}","templated":true}]}}