{"id":16818,"date":"2026-02-27T00:32:21","date_gmt":"2026-02-27T00:32:21","guid":{"rendered":"https:\/\/nordicmart.andreevmaster.com\/product\/masterkidz-ovre-och-nedre-monteringsstanger-for-1-flex-pedagogisk-tavla\/"},"modified":"2026-02-27T08:22:30","modified_gmt":"2026-02-27T08:22:30","slug":"masterkidz-ovre-och-nedre-monteringsstanger-for-1-flex-pedagogisk-tavla","status":"publish","type":"product","link":"https:\/\/nordicmart.andreevmaster.com\/sv\/produkt\/masterkidz-ovre-och-nedre-monteringsstanger-for-1-flex-pedagogisk-tavla\/","title":{"rendered":"MASTERKIDZ \u00d6vre och nedre monteringsst\u00e4nger f\u00f6r 1 Flex-pedagogisk tavla"},"content":{"rendered":"<p>Masterkidz monteringsst\u00e4nger \u00e4r en praktisk och solid l\u00f6sning f\u00f6r bekv\u00e4m och s\u00e4ker montering av pedagogiska tavlor p\u00e5 v\u00e4ggen. De g\u00f6r installationen av manipulationspaneler snabb, s\u00e4ker och stabil. De \u00e4r tillverkade av h\u00f6gkvalitativt tr\u00e4, vilket garanterar stabilitet och h\u00e5llbarhet, och deras universella design passar perfekt i alla pedagogiska milj\u00f6er. De g\u00f6r det m\u00f6jligt att montera aktivitetspaneler p\u00e5 ett estetiskt och ordnat s\u00e4tt, vilket \u00f6kar anv\u00e4ndarkomforten f\u00f6r barnen. <\/p>\n<p>Erbjudandet g\u00e4ller nedre och \u00f6vre monteringsskenor f\u00f6r en enda panel. Vi rekommenderar att du k\u00f6per sidomonteringsskenor (ME08541).<\/p>\n<p>Egenskaper:<\/p>\n<p>* &#8211; Utformade f\u00f6r montering av pedagogiska tavlor p\u00e5 v\u00e4ggen<br \/>\n* &#8211; Tack vare balkarna g\u00e5r det snabbt och smidigt att byta ut tavlor<br \/>\n* &#8211; Tillverkade av h\u00f6gkvalitativt tr\u00e4<br \/>\n* &#8211; Sl\u00e4t yta och rundade kanter f\u00f6r barnens s\u00e4kerhet<\/p>\n","protected":false},"excerpt":{"rendered":"<p>Masterkidz monteringsst\u00e4nger \u00e4r en praktisk och solid l\u00f6sning f\u00f6r bekv\u00e4m och s\u00e4ker montering av pedagogiska tavlor p\u00e5 v\u00e4ggen. De g\u00f6r installationen av manipulationspaneler snabb, s\u00e4ker och stabil. De \u00e4r tillverkade av h\u00f6gkvalitativt tr\u00e4, vilket garanterar stabilitet och h\u00e5llbarhet, och deras universella design passar perfekt i alla pedagogiska milj\u00f6er. De g\u00f6r det m\u00f6jligt att montera aktivitetspaneler [&hellip;]<\/p>\n","protected":false},"featured_media":0,"comment_status":"open","ping_status":"closed","template":"","meta":[],"product_brand":[],"product_cat":[33],"product_tag":[],"class_list":{"0":"post-16818","1":"product","2":"type-product","3":"status-publish","5":"product_cat-okategoriserad","7":"first","8":"instock","9":"shipping-taxable","10":"purchasable","11":"product-type-simple"},"_links":{"self":[{"href":"https:\/\/nordicmart.andreevmaster.com\/sv\/wp-json\/wp\/v2\/product\/16818","targetHints":{"allow":["GET"]}}],"collection":[{"href":"https:\/\/nordicmart.andreevmaster.com\/sv\/wp-json\/wp\/v2\/product"}],"about":[{"href":"https:\/\/nordicmart.andreevmaster.com\/sv\/wp-json\/wp\/v2\/types\/product"}],"replies":[{"embeddable":true,"href":"https:\/\/nordicmart.andreevmaster.com\/sv\/wp-json\/wp\/v2\/comments?post=16818"}],"wp:attachment":[{"href":"https:\/\/nordicmart.andreevmaster.com\/sv\/wp-json\/wp\/v2\/media?parent=16818"}],"wp:term":[{"taxonomy":"product_brand","embeddable":true,"href":"https:\/\/nordicmart.andreevmaster.com\/sv\/wp-json\/wp\/v2\/product_brand?post=16818"},{"taxonomy":"product_cat","embeddable":true,"href":"https:\/\/nordicmart.andreevmaster.com\/sv\/wp-json\/wp\/v2\/product_cat?post=16818"},{"taxonomy":"product_tag","embeddable":true,"href":"https:\/\/nordicmart.andreevmaster.com\/sv\/wp-json\/wp\/v2\/product_tag?post=16818"}],"curies":[{"name":"wp","href":"https:\/\/api.w.org\/{rel}","templated":true}]}}