{"id":16817,"date":"2026-02-27T00:32:20","date_gmt":"2026-02-27T00:32:20","guid":{"rendered":"https:\/\/nordicmart.andreevmaster.com\/product\/masterkidz-flex-frame-bottom-and-top-edge-2-boards-2\/"},"modified":"2026-02-27T08:22:30","modified_gmt":"2026-02-27T08:22:30","slug":"masterkidz-flex-frame-bottom-and-top-edge-2-boards-2","status":"publish","type":"product","link":"https:\/\/nordicmart.andreevmaster.com\/sv\/produkt\/masterkidz-flex-frame-bottom-and-top-edge-2-boards-2\/","title":{"rendered":"MASTERKIDZ Flex Frame Bottom and Top Edge 2 Boards"},"content":{"rendered":"<p>De \u00f6vre och nedre ramst\u00e4ngerna, som var och en \u00e4r 2 Masterkidz Flex-pedagogiska tavlor breda, \u00e4r en utm\u00e4rkt l\u00f6sning som g\u00f6r att du enkelt och snabbt kan byta ut upp till 2 pedagogiska tavlor samtidigt. Det tar mindre \u00e4n en minut att ta bort de gamla br\u00e4dorna och s\u00e4tta in de nya, och det kr\u00e4vs inga verktyg. S\u00e5 enkelt \u00e4r det!<\/p>\n<p>Att byta br\u00e4dor brukade vara en l\u00e5ng och tr\u00e5kig process som skapade oreda och skadade v\u00e4ggarna. Gl\u00f6m det! Nu kan du snabbt och bekv\u00e4mt byta ut upp till tv\u00e5 tavlor samtidigt utan on\u00f6dig borrning, s\u00e5 att ditt barn alltid kan l\u00e4ra sig genom lek med de underbara Masterkidz Flex-pedagogiska tavlorna. Skruva bara loss skruven p\u00e5 den \u00f6vre st\u00e5ngen, dra ut de gamla tavlorna, s\u00e4tt in de nya, skruva tillbaka skruven och du \u00e4r klar! Det \u00e4r s\u00e5 enkelt och framf\u00f6r allt rent och s\u00e4kert.Masterkidz Flex-ramar \u00e4r tillverkade av tr\u00e4. Genom att v\u00e4lja Masterkidz tr\u00e4produkter tar du hand om milj\u00f6n och minskar plastavfallet. Erbjudandet inkluderar en \u00f6vre och nedre st\u00e5ng f\u00f6r montering av tv\u00e5 Masterkidz Flex-pedagogiska tavlor.<\/p>\n","protected":false},"excerpt":{"rendered":"<p>De \u00f6vre och nedre ramst\u00e4ngerna, som var och en \u00e4r 2 Masterkidz Flex-pedagogiska tavlor breda, \u00e4r en utm\u00e4rkt l\u00f6sning som g\u00f6r att du enkelt och snabbt kan byta ut upp till 2 pedagogiska tavlor samtidigt. Det tar mindre \u00e4n en minut att ta bort de gamla br\u00e4dorna och s\u00e4tta in de nya, och det kr\u00e4vs [&hellip;]<\/p>\n","protected":false},"featured_media":0,"comment_status":"open","ping_status":"closed","template":"","meta":[],"product_brand":[],"product_cat":[33],"product_tag":[],"class_list":{"0":"post-16817","1":"product","2":"type-product","3":"status-publish","5":"product_cat-okategoriserad","7":"first","8":"instock","9":"shipping-taxable","10":"purchasable","11":"product-type-simple"},"_links":{"self":[{"href":"https:\/\/nordicmart.andreevmaster.com\/sv\/wp-json\/wp\/v2\/product\/16817","targetHints":{"allow":["GET"]}}],"collection":[{"href":"https:\/\/nordicmart.andreevmaster.com\/sv\/wp-json\/wp\/v2\/product"}],"about":[{"href":"https:\/\/nordicmart.andreevmaster.com\/sv\/wp-json\/wp\/v2\/types\/product"}],"replies":[{"embeddable":true,"href":"https:\/\/nordicmart.andreevmaster.com\/sv\/wp-json\/wp\/v2\/comments?post=16817"}],"wp:attachment":[{"href":"https:\/\/nordicmart.andreevmaster.com\/sv\/wp-json\/wp\/v2\/media?parent=16817"}],"wp:term":[{"taxonomy":"product_brand","embeddable":true,"href":"https:\/\/nordicmart.andreevmaster.com\/sv\/wp-json\/wp\/v2\/product_brand?post=16817"},{"taxonomy":"product_cat","embeddable":true,"href":"https:\/\/nordicmart.andreevmaster.com\/sv\/wp-json\/wp\/v2\/product_cat?post=16817"},{"taxonomy":"product_tag","embeddable":true,"href":"https:\/\/nordicmart.andreevmaster.com\/sv\/wp-json\/wp\/v2\/product_tag?post=16817"}],"curies":[{"name":"wp","href":"https:\/\/api.w.org\/{rel}","templated":true}]}}