{"id":16816,"date":"2026-02-27T00:32:20","date_gmt":"2026-02-27T00:32:20","guid":{"rendered":"https:\/\/nordicmart.andreevmaster.com\/product\/masterkidz-lar-dig-om-magnetisk-attraktion-flex-montessori-vaggpedagogisk-tavla\/"},"modified":"2026-02-27T08:22:29","modified_gmt":"2026-02-27T08:22:29","slug":"masterkidz-lar-dig-om-magnetisk-attraktion-flex-montessori-vaggpedagogisk-tavla","status":"publish","type":"product","link":"https:\/\/nordicmart.andreevmaster.com\/sv\/produkt\/masterkidz-lar-dig-om-magnetisk-attraktion-flex-montessori-vaggpedagogisk-tavla\/","title":{"rendered":"MASTERKIDZ L\u00e4r dig om magnetisk attraktion \u2013 Flex Montessori v\u00e4ggpedagogisk tavla"},"content":{"rendered":"<p>Magneter \u00e4r fascinerande f\u00f6rem\u00e5l som v\u00e4cker varje sm\u00e5barns uppm\u00e4rksamhet. Tack vare detta fantastiska pedagogiska leksak kommer ditt barn att l\u00e4ra sig hur magneter fungerar, vad de kan och inte kan dra till sig, och vad poler och repulsion handlar om.<\/p>\n<p>Masterkidz pedagogiska tavla levereras med beh\u00e5llare med olika material och magneter som kan anv\u00e4ndas f\u00f6r att testa vilka material som dras till och vilka som inte g\u00f6r det. Genom experiment kan ditt barn l\u00e4ra sig vad magneter attraherar.<\/p>\n<p>Ett annat fantastiskt inslag \u00e4r polen med magneter i toppen och botten, som h\u00e5ller magneten i mitten sv\u00e4vande. Det ser ut som om den sv\u00e4var tack vare n\u00e5gon sorts magi. Men det \u00e4r ren fysik.<\/p>\n<p>Tavlan har ocks\u00e5 ett r\u00f6r fyllt med j\u00e4rnfilsp\u00e5n. Filsp\u00e5nen f\u00f6ljer magneten p\u00e5 ett vackert s\u00e4tt, vilket \u00e4r mycket tilltalande f\u00f6r \u00f6gat. Barn kan ha kul med att se hur filsp\u00e5nen ordnar sig vackert. <\/p>\n<p>Masterkidz leksaker \u00e4r h\u00f6gkvalitativa, h\u00e5llbara och s\u00e4kra pedagogiska leksaker av tr\u00e4. De \u00e4r designade och anpassade f\u00f6r olika stadier i barns utveckling. Kreativt, \u00e4ventyrligt och pedagogiskt lekande \u00e4r de st\u00f6rsta f\u00f6rdelarna med detta m\u00e4rkes leksaker. Ov\u00e4rderligt st\u00f6d f\u00f6r Montessori-metoden. Det b\u00e4sta valet f\u00f6r ditt hem, dagis, hotell eller restaurang. Skapa den perfekta lekh\u00f6rnan eller en stor pedagogisk v\u00e4gg. Erbjudandet inkluderar v\u00e4ggmonterade och mobila tavlor, upplysta bord och paneler f\u00f6r att leka med f\u00e4rger. Tematiska pedagogiska moduler och mycket mer. Ett otroligt stort antal tillbeh\u00f6r och o\u00e4ndliga m\u00f6jligheter f\u00f6r kreativt lekande.<\/p>\n","protected":false},"excerpt":{"rendered":"<p>Magneter \u00e4r fascinerande f\u00f6rem\u00e5l som v\u00e4cker varje sm\u00e5barns uppm\u00e4rksamhet. Tack vare detta fantastiska pedagogiska leksak kommer ditt barn att l\u00e4ra sig hur magneter fungerar, vad de kan och inte kan dra till sig, och vad poler och repulsion handlar om. Masterkidz pedagogiska tavla levereras med beh\u00e5llare med olika material och magneter som kan anv\u00e4ndas f\u00f6r [&hellip;]<\/p>\n","protected":false},"featured_media":0,"comment_status":"open","ping_status":"closed","template":"","meta":[],"product_brand":[],"product_cat":[33],"product_tag":[],"class_list":{"0":"post-16816","1":"product","2":"type-product","3":"status-publish","5":"product_cat-okategoriserad","7":"first","8":"instock","9":"shipping-taxable","10":"purchasable","11":"product-type-simple"},"_links":{"self":[{"href":"https:\/\/nordicmart.andreevmaster.com\/sv\/wp-json\/wp\/v2\/product\/16816","targetHints":{"allow":["GET"]}}],"collection":[{"href":"https:\/\/nordicmart.andreevmaster.com\/sv\/wp-json\/wp\/v2\/product"}],"about":[{"href":"https:\/\/nordicmart.andreevmaster.com\/sv\/wp-json\/wp\/v2\/types\/product"}],"replies":[{"embeddable":true,"href":"https:\/\/nordicmart.andreevmaster.com\/sv\/wp-json\/wp\/v2\/comments?post=16816"}],"wp:attachment":[{"href":"https:\/\/nordicmart.andreevmaster.com\/sv\/wp-json\/wp\/v2\/media?parent=16816"}],"wp:term":[{"taxonomy":"product_brand","embeddable":true,"href":"https:\/\/nordicmart.andreevmaster.com\/sv\/wp-json\/wp\/v2\/product_brand?post=16816"},{"taxonomy":"product_cat","embeddable":true,"href":"https:\/\/nordicmart.andreevmaster.com\/sv\/wp-json\/wp\/v2\/product_cat?post=16816"},{"taxonomy":"product_tag","embeddable":true,"href":"https:\/\/nordicmart.andreevmaster.com\/sv\/wp-json\/wp\/v2\/product_tag?post=16816"}],"curies":[{"name":"wp","href":"https:\/\/api.w.org\/{rel}","templated":true}]}}