{"id":16815,"date":"2026-02-27T00:32:20","date_gmt":"2026-02-27T00:32:20","guid":{"rendered":"https:\/\/nordicmart.andreevmaster.com\/product\/masterkidz-lar-dig-om-tiden-lasa-klockan-pedagogisk-tavla\/"},"modified":"2026-02-27T08:22:29","modified_gmt":"2026-02-27T08:22:29","slug":"masterkidz-lar-dig-om-tiden-lasa-klockan-pedagogisk-tavla","status":"publish","type":"product","link":"https:\/\/nordicmart.andreevmaster.com\/sv\/produkt\/masterkidz-lar-dig-om-tiden-lasa-klockan-pedagogisk-tavla\/","title":{"rendered":"MASTERKIDZ L\u00e4r dig om tiden L\u00e4sa klockan \u2013 pedagogisk tavla"},"content":{"rendered":"<p>En fantastisk pedagogisk tavla fr\u00e5n Masterkidz som kan monteras direkt p\u00e5 v\u00e4ggen eller i Masterkidz Flex-systemet \u2013 b\u00e5de v\u00e4ggmonterat och frist\u00e5ende.Leksaken anv\u00e4nds f\u00f6r att l\u00e4ra sig att l\u00e4sa av tiden p\u00e5 klassiska klockor. Tavlan har en urtavla med visare som barnet kan vrida fritt. L\u00e4raren kan diktera tiden och barnets uppgift \u00e4r att st\u00e4lla in visarna s\u00e5 att klockan visar den dikterade tiden. Barnet kan ocks\u00e5 leka sj\u00e4lvst\u00e4ndigt, eftersom setet inneh\u00e5ller en anteckningsbok med olika tider. Barnet bl\u00e4ddrar i boken och st\u00e4ller in tiderna som finns d\u00e4r.<\/p>\n<p>Tavlan beskriver ocks\u00e5 f\u00f6rh\u00e5llandet mellan tidsenheter \u2013 hur m\u00e5nga sekunder det \u00e4r i en minut, hur m\u00e5nga minuter det \u00e4r i en kvart, hur m\u00e5nga minuter det \u00e4r i en timme, hur m\u00e5nga timmar det \u00e4r i en dag osv. Med denna information kan barnet l\u00e4ra sig m\u00e5nga anv\u00e4ndbara saker.<\/p>\n<p>Ett annat element i leksaken \u00e4r tv\u00e5 timglas, tack vare vilka barnet kan f\u00f6rst\u00e5 hur l\u00e5ng tid en minut och 5 minuter varar.<\/p>\n","protected":false},"excerpt":{"rendered":"<p>En fantastisk pedagogisk tavla fr\u00e5n Masterkidz som kan monteras direkt p\u00e5 v\u00e4ggen eller i Masterkidz Flex-systemet \u2013 b\u00e5de v\u00e4ggmonterat och frist\u00e5ende.Leksaken anv\u00e4nds f\u00f6r att l\u00e4ra sig att l\u00e4sa av tiden p\u00e5 klassiska klockor. Tavlan har en urtavla med visare som barnet kan vrida fritt. L\u00e4raren kan diktera tiden och barnets uppgift \u00e4r att st\u00e4lla in [&hellip;]<\/p>\n","protected":false},"featured_media":0,"comment_status":"open","ping_status":"closed","template":"","meta":[],"product_brand":[],"product_cat":[33],"product_tag":[],"class_list":{"0":"post-16815","1":"product","2":"type-product","3":"status-publish","5":"product_cat-okategoriserad","7":"first","8":"instock","9":"shipping-taxable","10":"purchasable","11":"product-type-simple"},"_links":{"self":[{"href":"https:\/\/nordicmart.andreevmaster.com\/sv\/wp-json\/wp\/v2\/product\/16815","targetHints":{"allow":["GET"]}}],"collection":[{"href":"https:\/\/nordicmart.andreevmaster.com\/sv\/wp-json\/wp\/v2\/product"}],"about":[{"href":"https:\/\/nordicmart.andreevmaster.com\/sv\/wp-json\/wp\/v2\/types\/product"}],"replies":[{"embeddable":true,"href":"https:\/\/nordicmart.andreevmaster.com\/sv\/wp-json\/wp\/v2\/comments?post=16815"}],"wp:attachment":[{"href":"https:\/\/nordicmart.andreevmaster.com\/sv\/wp-json\/wp\/v2\/media?parent=16815"}],"wp:term":[{"taxonomy":"product_brand","embeddable":true,"href":"https:\/\/nordicmart.andreevmaster.com\/sv\/wp-json\/wp\/v2\/product_brand?post=16815"},{"taxonomy":"product_cat","embeddable":true,"href":"https:\/\/nordicmart.andreevmaster.com\/sv\/wp-json\/wp\/v2\/product_cat?post=16815"},{"taxonomy":"product_tag","embeddable":true,"href":"https:\/\/nordicmart.andreevmaster.com\/sv\/wp-json\/wp\/v2\/product_tag?post=16815"}],"curies":[{"name":"wp","href":"https:\/\/api.w.org\/{rel}","templated":true}]}}