{"id":16814,"date":"2026-02-27T00:32:20","date_gmt":"2026-02-27T00:32:20","guid":{"rendered":"https:\/\/nordicmart.andreevmaster.com\/product\/masterkidz-varmekanslig-pedagogisk-tavla\/"},"modified":"2026-02-27T08:22:29","modified_gmt":"2026-02-27T08:22:29","slug":"masterkidz-varmekanslig-pedagogisk-tavla","status":"publish","type":"product","link":"https:\/\/nordicmart.andreevmaster.com\/sv\/produkt\/masterkidz-varmekanslig-pedagogisk-tavla\/","title":{"rendered":"MASTERKIDZ V\u00e4rmek\u00e4nslig pedagogisk tavla"},"content":{"rendered":"<p>Detta \u00e4r en ovanlig leksak som gl\u00e4djer barn med sina f\u00e4rger. N\u00e4r barn l\u00e4gger sina varma h\u00e4nder eller fingrar p\u00e5 den, dyker f\u00e4rgglada avtryck upp p\u00e5 ytan, som f\u00f6rsvinner efter n\u00e5gra sekunder. Det \u00e4r ett intressant s\u00e4tt att l\u00e4ra sig om temperatur och m\u00e4nniskokroppen. Barn kan kontrollera om deras h\u00e4nder \u00e4r varmare eller kallare \u00e4n andras och rita streck och m\u00f6nster p\u00e5 tavlan. Tavlan \u00e4ndrar f\u00e4rg n\u00e4r den uts\u00e4tts f\u00f6r v\u00e4rme, vilket stimulerar barnens synsinne och nyfikenhet. <\/p>\n<p>### Egenskaper: <\/p>\n<p>* Interaktivt roligt: Barnen kan observera och j\u00e4mf\u00f6ra de avtryck som dyker upp p\u00e5 tavlan. De kan ocks\u00e5 rita streck och m\u00f6nster p\u00e5 den.<br \/>\n* Storlek: Tavlan m\u00e4ter 46 x 46 cm och g\u00f6r det m\u00f6jligt f\u00f6r flera barn att leka samtidigt.<br \/>\n* Pedagogiskt: Tavlan hj\u00e4lper barn att l\u00e4ra sig om temperatur och m\u00e4nniskokroppen genom interaktiv lek. De kan kolla vem som har varmare h\u00e4nder och vem som har kallare h\u00e4nder.<br \/>\n* Multifunktionell: Tavlan kan monteras p\u00e5 en v\u00e4gg, Masterkidz Flex-systemet eller Masterkidz frist\u00e5ende stativ.<br \/>\n* Milj\u00f6v\u00e4nlig: Tavlans ram \u00e4r tillverkad av h\u00f6gkvalitativt tr\u00e4, som \u00e4r milj\u00f6v\u00e4nligt och inte genererar plastavfall.<\/p>\n<p>Masterkidz leksaker \u00e4r h\u00f6gkvalitativa, h\u00e5llbara och s\u00e4kra pedagogiska leksaker av tr\u00e4. Designade och anpassade f\u00f6r olika stadier av barns utveckling. Kreativt, \u00e4ventyrligt och pedagogiskt lekande \u00e4r de st\u00f6rsta f\u00f6rdelarna med detta varum\u00e4rkes leksaker. Ov\u00e4rderligt st\u00f6d f\u00f6r Montessori-metoden. Det b\u00e4sta valet f\u00f6r ditt hem, dagis, hotell eller restaurang. Skapa den perfekta lekh\u00f6rnan eller en stor pedagogisk v\u00e4gg. Erbjudandet inkluderar v\u00e4ggmonterade och mobila tavlor, upplysta bord och paneler f\u00f6r att leka med f\u00e4rger. Tematiska pedagogiska moduler och mycket mer. Ett otroligt stort antal tillbeh\u00f6r och o\u00e4ndliga m\u00f6jligheter f\u00f6r kreativt lekande.<\/p>\n","protected":false},"excerpt":{"rendered":"<p>Detta \u00e4r en ovanlig leksak som gl\u00e4djer barn med sina f\u00e4rger. N\u00e4r barn l\u00e4gger sina varma h\u00e4nder eller fingrar p\u00e5 den, dyker f\u00e4rgglada avtryck upp p\u00e5 ytan, som f\u00f6rsvinner efter n\u00e5gra sekunder. Det \u00e4r ett intressant s\u00e4tt att l\u00e4ra sig om temperatur och m\u00e4nniskokroppen. Barn kan kontrollera om deras h\u00e4nder \u00e4r varmare eller kallare \u00e4n [&hellip;]<\/p>\n","protected":false},"featured_media":0,"comment_status":"open","ping_status":"closed","template":"","meta":[],"product_brand":[],"product_cat":[33],"product_tag":[],"class_list":{"0":"post-16814","1":"product","2":"type-product","3":"status-publish","5":"product_cat-okategoriserad","7":"first","8":"instock","9":"shipping-taxable","10":"purchasable","11":"product-type-simple"},"_links":{"self":[{"href":"https:\/\/nordicmart.andreevmaster.com\/sv\/wp-json\/wp\/v2\/product\/16814","targetHints":{"allow":["GET"]}}],"collection":[{"href":"https:\/\/nordicmart.andreevmaster.com\/sv\/wp-json\/wp\/v2\/product"}],"about":[{"href":"https:\/\/nordicmart.andreevmaster.com\/sv\/wp-json\/wp\/v2\/types\/product"}],"replies":[{"embeddable":true,"href":"https:\/\/nordicmart.andreevmaster.com\/sv\/wp-json\/wp\/v2\/comments?post=16814"}],"wp:attachment":[{"href":"https:\/\/nordicmart.andreevmaster.com\/sv\/wp-json\/wp\/v2\/media?parent=16814"}],"wp:term":[{"taxonomy":"product_brand","embeddable":true,"href":"https:\/\/nordicmart.andreevmaster.com\/sv\/wp-json\/wp\/v2\/product_brand?post=16814"},{"taxonomy":"product_cat","embeddable":true,"href":"https:\/\/nordicmart.andreevmaster.com\/sv\/wp-json\/wp\/v2\/product_cat?post=16814"},{"taxonomy":"product_tag","embeddable":true,"href":"https:\/\/nordicmart.andreevmaster.com\/sv\/wp-json\/wp\/v2\/product_tag?post=16814"}],"curies":[{"name":"wp","href":"https:\/\/api.w.org\/{rel}","templated":true}]}}