{"id":16812,"date":"2026-02-27T00:32:19","date_gmt":"2026-02-27T00:32:19","guid":{"rendered":"https:\/\/nordicmart.andreevmaster.com\/product\/masterkidz-fristaende-stem-tavla-i-tra\/"},"modified":"2026-02-27T08:22:29","modified_gmt":"2026-02-27T08:22:29","slug":"masterkidz-fristaende-stem-tavla-i-tra","status":"publish","type":"product","link":"https:\/\/nordicmart.andreevmaster.com\/sv\/produkt\/masterkidz-fristaende-stem-tavla-i-tra\/","title":{"rendered":"MASTERKIDZ Frist\u00e5ende STEM-tavla i tr\u00e4"},"content":{"rendered":"<p>STEM-aktivitetstavlan \u00e4r en multifunktionell, mobil aktivitetsv\u00e4gg utformad f\u00f6r barns utbildning och lek. Den best\u00e5r av en robust tr\u00e4konstruktion med perforerade paneler som g\u00f6r det enkelt att f\u00e4sta olika pedagogiska och manipulativa element.<\/p>\n<p>Produktegenskaper:<\/p>\n<p>&#8211; Frist\u00e5ende design f\u00f6r maximal flexibilitet \u2013 tavlan kan flyttas och placeras var som helst &#8211; Utrymme f\u00f6r fri skapande av m\u00f6nster, bollbanor, kugghjulssystem och andra strukturer &#8211; Dubbelsidig design m\u00f6jligg\u00f6r gruppspel &#8211; Mobil bas p\u00e5 hjul f\u00f6r enkel f\u00f6rflyttning av tavlan &#8211; Kompatibel med alla STEM-tavlatillbeh\u00f6r: kugghjul, hjul, remskivor, skruvar, pinnar och mer<\/p>\n<p>Tavlan utvecklar:<\/p>\n<p>&#8211; Sociala f\u00e4rdigheter &#8211; Kreativitet &#8211; Fantasi &#8211; Finmotorik<\/p>\n<p>Komponenter som \u00e4r kompatibla med br\u00e4det (s\u00e4ljs separat):<\/p>\n<p>&#8211; F\u00e4rgglada pinnar ME12746 ME14450 ME21113 ME21137 ME21120 ME21144 &#8211; F\u00e4rgglada kristaller ME13989 &#8211; F\u00e4rgglada sn\u00f6ren f\u00f6r att koppla ihop pinnar ME14467 &#8211; F\u00e4rgade skruvar ME20963 ME29911 &#8211; Byggklossar ME29027 ME29010 ME29089 &#8211; Geometriska former ME14696 ME14702 ME14818 ME14825 ME31181 &#8211; Kugghjul och kedjor ME13460 ME24343 ME31204 &#8211; Boll- och vattenbanor ME14788 ME14870 ME14665 ME15143 ME25043 &#8211; Byggsats f\u00f6r r\u00f6rsystem med pump ME13149 &#8211; Bokstavs- och siffersats ME30412 ME30429 &#8211; Beh\u00e5llare och tillbeh\u00f6r ME12845 ME16560 ME14672<\/p>\n","protected":false},"excerpt":{"rendered":"<p>STEM-aktivitetstavlan \u00e4r en multifunktionell, mobil aktivitetsv\u00e4gg utformad f\u00f6r barns utbildning och lek. Den best\u00e5r av en robust tr\u00e4konstruktion med perforerade paneler som g\u00f6r det enkelt att f\u00e4sta olika pedagogiska och manipulativa element. Produktegenskaper: &#8211; Frist\u00e5ende design f\u00f6r maximal flexibilitet \u2013 tavlan kan flyttas och placeras var som helst &#8211; Utrymme f\u00f6r fri skapande av m\u00f6nster, [&hellip;]<\/p>\n","protected":false},"featured_media":0,"comment_status":"open","ping_status":"closed","template":"","meta":[],"product_brand":[],"product_cat":[33],"product_tag":[],"class_list":{"0":"post-16812","1":"product","2":"type-product","3":"status-publish","5":"product_cat-okategoriserad","7":"first","8":"instock","9":"shipping-taxable","10":"purchasable","11":"product-type-simple"},"_links":{"self":[{"href":"https:\/\/nordicmart.andreevmaster.com\/sv\/wp-json\/wp\/v2\/product\/16812","targetHints":{"allow":["GET"]}}],"collection":[{"href":"https:\/\/nordicmart.andreevmaster.com\/sv\/wp-json\/wp\/v2\/product"}],"about":[{"href":"https:\/\/nordicmart.andreevmaster.com\/sv\/wp-json\/wp\/v2\/types\/product"}],"replies":[{"embeddable":true,"href":"https:\/\/nordicmart.andreevmaster.com\/sv\/wp-json\/wp\/v2\/comments?post=16812"}],"wp:attachment":[{"href":"https:\/\/nordicmart.andreevmaster.com\/sv\/wp-json\/wp\/v2\/media?parent=16812"}],"wp:term":[{"taxonomy":"product_brand","embeddable":true,"href":"https:\/\/nordicmart.andreevmaster.com\/sv\/wp-json\/wp\/v2\/product_brand?post=16812"},{"taxonomy":"product_cat","embeddable":true,"href":"https:\/\/nordicmart.andreevmaster.com\/sv\/wp-json\/wp\/v2\/product_cat?post=16812"},{"taxonomy":"product_tag","embeddable":true,"href":"https:\/\/nordicmart.andreevmaster.com\/sv\/wp-json\/wp\/v2\/product_tag?post=16812"}],"curies":[{"name":"wp","href":"https:\/\/api.w.org\/{rel}","templated":true}]}}