{"id":16811,"date":"2026-02-27T00:32:19","date_gmt":"2026-02-27T00:32:19","guid":{"rendered":"https:\/\/nordicmart.andreevmaster.com\/product\/masterkidz-learning-to-count-flex-montessori-sensory-wall-board-2\/"},"modified":"2026-02-27T08:22:28","modified_gmt":"2026-02-27T08:22:28","slug":"masterkidz-learning-to-count-flex-montessori-sensory-wall-board-2","status":"publish","type":"product","link":"https:\/\/nordicmart.andreevmaster.com\/sv\/produkt\/masterkidz-learning-to-count-flex-montessori-sensory-wall-board-2\/","title":{"rendered":"MASTERKIDZ Learning to Count Flex Montessori Sensory Wall Board"},"content":{"rendered":"<p>Att l\u00e4ra sig r\u00e4kna har aldrig varit s\u00e5 enkelt! Masterkidz manipulerbara tavla hj\u00e4lper barn att l\u00e4ra sig r\u00e4kna till 10 och utf\u00f6ra grundl\u00e4ggande matematiska operationer. Tavlan anv\u00e4nds f\u00f6r att l\u00e4ra sig matematik, men den utvecklar ocks\u00e5 logiskt t\u00e4nkande och formar barnets allm\u00e4nna intellekt.### Funktioner:<\/p>\n<p>* &#8211; Tack vare sin m\u00e5ngsidighet och m\u00f6jligheten att montera den p\u00e5 olika s\u00e4tt \u00e4r den perfekt f\u00f6r f\u00f6rskolor, grundskolor och andra utbildnings- och barnomsorgsinr\u00e4ttningar, samt hemma.<br \/>\n* &#8211; L\u00e4r dig r\u00e4kna l\u00e5ter barn l\u00e4ra sig siffror p\u00e5 ett enkelt och roligt s\u00e4tt och hj\u00e4lper dem att r\u00e4kna till 10 och utf\u00f6ra grundl\u00e4ggande matematiska ekvationer. R\u00e4kneoperationerna presenteras grafiskt, vilket underl\u00e4ttar inl\u00e4rningen. Tavlan har m\u00e5nga f\u00f6rklaringar och diagram som visar hur man anv\u00e4nder fingrarna f\u00f6r att l\u00e4ra sig grundl\u00e4ggande matematik.<br \/>\n* &#8211; Tavlan kan monteras p\u00e5 tre olika s\u00e4tt: p\u00e5 en v\u00e4gg, p\u00e5 ett speciellt Masterkidz Flex-system eller p\u00e5 ett frist\u00e5ende Masterkidz-stativ.* &#8211; Leksaken \u00e4r helt tillverkad av tr\u00e4, vilket g\u00f6r den milj\u00f6v\u00e4nlig. Genom att k\u00f6pa Masterkidz tr\u00e4taulor tar du hand om v\u00e5r planets h\u00e4lsa. Masterkidz leksaker \u00e4r h\u00f6gkvalitativa, h\u00e5llbara och s\u00e4kra pedagogiska leksaker av tr\u00e4. De \u00e4r utformade och anpassade f\u00f6r olika stadier i barns utveckling. Kreativt, \u00e4ventyrligt och pedagogiskt lekande \u00e4r de st\u00f6rsta f\u00f6rdelarna med detta varum\u00e4rkes leksaker. Ov\u00e4rderligt st\u00f6d f\u00f6r Montessori-metoden. Det b\u00e4sta valet f\u00f6r ditt hem, dagis, hotell eller restaurang. Skapa den perfekta lekh\u00f6rnan eller en stor pedagogisk v\u00e4gg. Erbjudandet inkluderar v\u00e4ggmonterade och mobila tavlor, upplysta bord och paneler f\u00f6r att leka med f\u00e4rger. Tematiska pedagogiska moduler och mycket mer. Ett otroligt stort antal tillbeh\u00f6r och o\u00e4ndliga m\u00f6jligheter f\u00f6r kreativt lekande.<\/p>\n","protected":false},"excerpt":{"rendered":"<p>Att l\u00e4ra sig r\u00e4kna har aldrig varit s\u00e5 enkelt! Masterkidz manipulerbara tavla hj\u00e4lper barn att l\u00e4ra sig r\u00e4kna till 10 och utf\u00f6ra grundl\u00e4ggande matematiska operationer. Tavlan anv\u00e4nds f\u00f6r att l\u00e4ra sig matematik, men den utvecklar ocks\u00e5 logiskt t\u00e4nkande och formar barnets allm\u00e4nna intellekt.### Funktioner: * &#8211; Tack vare sin m\u00e5ngsidighet och m\u00f6jligheten att montera den [&hellip;]<\/p>\n","protected":false},"featured_media":0,"comment_status":"open","ping_status":"closed","template":"","meta":[],"product_brand":[],"product_cat":[33],"product_tag":[],"class_list":{"0":"post-16811","1":"product","2":"type-product","3":"status-publish","5":"product_cat-okategoriserad","7":"first","8":"instock","9":"shipping-taxable","10":"purchasable","11":"product-type-simple"},"_links":{"self":[{"href":"https:\/\/nordicmart.andreevmaster.com\/sv\/wp-json\/wp\/v2\/product\/16811","targetHints":{"allow":["GET"]}}],"collection":[{"href":"https:\/\/nordicmart.andreevmaster.com\/sv\/wp-json\/wp\/v2\/product"}],"about":[{"href":"https:\/\/nordicmart.andreevmaster.com\/sv\/wp-json\/wp\/v2\/types\/product"}],"replies":[{"embeddable":true,"href":"https:\/\/nordicmart.andreevmaster.com\/sv\/wp-json\/wp\/v2\/comments?post=16811"}],"wp:attachment":[{"href":"https:\/\/nordicmart.andreevmaster.com\/sv\/wp-json\/wp\/v2\/media?parent=16811"}],"wp:term":[{"taxonomy":"product_brand","embeddable":true,"href":"https:\/\/nordicmart.andreevmaster.com\/sv\/wp-json\/wp\/v2\/product_brand?post=16811"},{"taxonomy":"product_cat","embeddable":true,"href":"https:\/\/nordicmart.andreevmaster.com\/sv\/wp-json\/wp\/v2\/product_cat?post=16811"},{"taxonomy":"product_tag","embeddable":true,"href":"https:\/\/nordicmart.andreevmaster.com\/sv\/wp-json\/wp\/v2\/product_tag?post=16811"}],"curies":[{"name":"wp","href":"https:\/\/api.w.org\/{rel}","templated":true}]}}