{"id":16810,"date":"2026-02-27T00:32:19","date_gmt":"2026-02-27T00:32:19","guid":{"rendered":"https:\/\/nordicmart.andreevmaster.com\/product\/masterkidz-dubbelsidig-kritta-och-magnetisk-skrivtavla\/"},"modified":"2026-02-27T08:22:28","modified_gmt":"2026-02-27T08:22:28","slug":"masterkidz-dubbelsidig-kritta-och-magnetisk-skrivtavla","status":"publish","type":"product","link":"https:\/\/nordicmart.andreevmaster.com\/sv\/produkt\/masterkidz-dubbelsidig-kritta-och-magnetisk-skrivtavla\/","title":{"rendered":"MASTERKIDZ Dubbelsidig kritta- och magnetisk skrivtavla"},"content":{"rendered":"<p>Masterkidz dubbelsidiga magnetiska tavla \u00e4r en utm\u00e4rkt l\u00f6sning f\u00f6r utbildningsmilj\u00f6er, som fr\u00e4mjar kreativitet, l\u00e4rande och lek f\u00f6r barn. Den solida konstruktionen i naturligt tr\u00e4, m\u00f6jligheten att anv\u00e4nda tv\u00e5 olika ytor och den enkla f\u00f6rflyttningen g\u00f6r tavlan idealisk f\u00f6r b\u00e5de hemmet och utbildningsinstitutioner. Den enkla och funktionella designen g\u00f6r att barn kan rita, skriva och leka tillsammans fritt.<\/p>\n<p>Egenskaper:<\/p>\n<p>* &#8211; F\u00f6r barn fr\u00e5n 3 \u00e5r<br \/>\n* &#8211; Tillverkad av h\u00f6gkvalitativ bj\u00f6rkplywood<br \/>\n* &#8211; Dubbelsidig \u2013 svart magnetisk krita och vit torkskrivtavla<br \/>\n* &#8211; Inbyggda hjul med l\u00e5s g\u00f6r det enkelt att flytta tavlan, vilket garanterar bekv\u00e4m anv\u00e4ndning<br \/>\n* &#8211; Utrymme under tavlan f\u00f6r f\u00f6rvaring av kritor, pennor och magneter<br \/>\n* &#8211; Utrymme f\u00f6r beh\u00e5llare (s\u00e4ljs separat)<\/p>\n<p>* &#8211; Kreativitet<br \/>\n* &#8211; Fantasi<br \/>\n* &#8211; Logik<br \/>\n* &#8211; Hand-\u00f6ga-koordination<br \/>\n* &#8211; Konstn\u00e4rlig f\u00f6rm\u00e5ga<\/p>\n","protected":false},"excerpt":{"rendered":"<p>Masterkidz dubbelsidiga magnetiska tavla \u00e4r en utm\u00e4rkt l\u00f6sning f\u00f6r utbildningsmilj\u00f6er, som fr\u00e4mjar kreativitet, l\u00e4rande och lek f\u00f6r barn. Den solida konstruktionen i naturligt tr\u00e4, m\u00f6jligheten att anv\u00e4nda tv\u00e5 olika ytor och den enkla f\u00f6rflyttningen g\u00f6r tavlan idealisk f\u00f6r b\u00e5de hemmet och utbildningsinstitutioner. Den enkla och funktionella designen g\u00f6r att barn kan rita, skriva och leka [&hellip;]<\/p>\n","protected":false},"featured_media":0,"comment_status":"open","ping_status":"closed","template":"","meta":[],"product_brand":[],"product_cat":[33],"product_tag":[],"class_list":{"0":"post-16810","1":"product","2":"type-product","3":"status-publish","5":"product_cat-okategoriserad","7":"first","8":"instock","9":"shipping-taxable","10":"purchasable","11":"product-type-simple"},"_links":{"self":[{"href":"https:\/\/nordicmart.andreevmaster.com\/sv\/wp-json\/wp\/v2\/product\/16810","targetHints":{"allow":["GET"]}}],"collection":[{"href":"https:\/\/nordicmart.andreevmaster.com\/sv\/wp-json\/wp\/v2\/product"}],"about":[{"href":"https:\/\/nordicmart.andreevmaster.com\/sv\/wp-json\/wp\/v2\/types\/product"}],"replies":[{"embeddable":true,"href":"https:\/\/nordicmart.andreevmaster.com\/sv\/wp-json\/wp\/v2\/comments?post=16810"}],"wp:attachment":[{"href":"https:\/\/nordicmart.andreevmaster.com\/sv\/wp-json\/wp\/v2\/media?parent=16810"}],"wp:term":[{"taxonomy":"product_brand","embeddable":true,"href":"https:\/\/nordicmart.andreevmaster.com\/sv\/wp-json\/wp\/v2\/product_brand?post=16810"},{"taxonomy":"product_cat","embeddable":true,"href":"https:\/\/nordicmart.andreevmaster.com\/sv\/wp-json\/wp\/v2\/product_cat?post=16810"},{"taxonomy":"product_tag","embeddable":true,"href":"https:\/\/nordicmart.andreevmaster.com\/sv\/wp-json\/wp\/v2\/product_tag?post=16810"}],"curies":[{"name":"wp","href":"https:\/\/api.w.org\/{rel}","templated":true}]}}