{"id":16809,"date":"2026-02-27T00:32:18","date_gmt":"2026-02-27T00:32:18","guid":{"rendered":"https:\/\/nordicmart.andreevmaster.com\/product\/masterkidz-genomskinliga-geometriska-former\/"},"modified":"2026-02-27T08:22:28","modified_gmt":"2026-02-27T08:22:28","slug":"masterkidz-genomskinliga-geometriska-former","status":"publish","type":"product","link":"https:\/\/nordicmart.andreevmaster.com\/sv\/produkt\/masterkidz-genomskinliga-geometriska-former\/","title":{"rendered":"MASTERKIDZ Genomskinliga geometriska former"},"content":{"rendered":"<p>En enkel och genial id\u00e9 f\u00f6r att l\u00e4ra sig former och f\u00e4rger. En upps\u00e4ttning rektangul\u00e4ra genomskinliga former underl\u00e4ttar inl\u00e4rningen av figurer och f\u00e4rgkombinationsregler. Produkten l\u00e5ter barn utforska v\u00e4rlden i olika f\u00e4rger och \u00e4r ett underbart experimentf\u00e4lt f\u00f6r kreativa sm\u00e5ttingar.<\/p>\n<p>En upps\u00e4ttning genomskinliga f\u00e4rgade brickor i olika former, som g\u00f6r det enkelt och l\u00e4tt att l\u00e4ra ut geometriska former. Bitarna \u00e4r tillverkade av h\u00e5llbart akryl i exakta f\u00e4rger, s\u00e5 att barn ocks\u00e5 kan l\u00e4ra sig om f\u00e4rgblandning, t.ex. r\u00f6tt + gult = orange. Den perfekta kombinationen med Masterkidz Education LED-ljuspanelset. Setet levereras i en robust tr\u00e4l\u00e5da f\u00f6r enkel f\u00f6rvaring.<\/p>\n<p>Funktioner<\/p>\n<p>&#8211; f\u00f6r barn fr\u00e5n 3 \u00e5r &#8211; l\u00e4r ut geometriska former &#8211; l\u00e4r ut f\u00e4rgblandning &#8211; tillverkad av h\u00f6gkvalitativa material<\/p>\n","protected":false},"excerpt":{"rendered":"<p>En enkel och genial id\u00e9 f\u00f6r att l\u00e4ra sig former och f\u00e4rger. En upps\u00e4ttning rektangul\u00e4ra genomskinliga former underl\u00e4ttar inl\u00e4rningen av figurer och f\u00e4rgkombinationsregler. Produkten l\u00e5ter barn utforska v\u00e4rlden i olika f\u00e4rger och \u00e4r ett underbart experimentf\u00e4lt f\u00f6r kreativa sm\u00e5ttingar. En upps\u00e4ttning genomskinliga f\u00e4rgade brickor i olika former, som g\u00f6r det enkelt och l\u00e4tt att l\u00e4ra [&hellip;]<\/p>\n","protected":false},"featured_media":0,"comment_status":"open","ping_status":"closed","template":"","meta":[],"product_brand":[],"product_cat":[33],"product_tag":[],"class_list":{"0":"post-16809","1":"product","2":"type-product","3":"status-publish","5":"product_cat-okategoriserad","7":"first","8":"instock","9":"shipping-taxable","10":"purchasable","11":"product-type-simple"},"_links":{"self":[{"href":"https:\/\/nordicmart.andreevmaster.com\/sv\/wp-json\/wp\/v2\/product\/16809","targetHints":{"allow":["GET"]}}],"collection":[{"href":"https:\/\/nordicmart.andreevmaster.com\/sv\/wp-json\/wp\/v2\/product"}],"about":[{"href":"https:\/\/nordicmart.andreevmaster.com\/sv\/wp-json\/wp\/v2\/types\/product"}],"replies":[{"embeddable":true,"href":"https:\/\/nordicmart.andreevmaster.com\/sv\/wp-json\/wp\/v2\/comments?post=16809"}],"wp:attachment":[{"href":"https:\/\/nordicmart.andreevmaster.com\/sv\/wp-json\/wp\/v2\/media?parent=16809"}],"wp:term":[{"taxonomy":"product_brand","embeddable":true,"href":"https:\/\/nordicmart.andreevmaster.com\/sv\/wp-json\/wp\/v2\/product_brand?post=16809"},{"taxonomy":"product_cat","embeddable":true,"href":"https:\/\/nordicmart.andreevmaster.com\/sv\/wp-json\/wp\/v2\/product_cat?post=16809"},{"taxonomy":"product_tag","embeddable":true,"href":"https:\/\/nordicmart.andreevmaster.com\/sv\/wp-json\/wp\/v2\/product_tag?post=16809"}],"curies":[{"name":"wp","href":"https:\/\/api.w.org\/{rel}","templated":true}]}}