{"id":16808,"date":"2026-02-27T00:32:18","date_gmt":"2026-02-27T00:32:18","guid":{"rendered":"https:\/\/nordicmart.andreevmaster.com\/product\/masterkidz-lar-dig-om-temperatur-vaggmonterad-pedagogisk-tavla-flex\/"},"modified":"2026-02-27T08:22:28","modified_gmt":"2026-02-27T08:22:28","slug":"masterkidz-lar-dig-om-temperatur-vaggmonterad-pedagogisk-tavla-flex","status":"publish","type":"product","link":"https:\/\/nordicmart.andreevmaster.com\/sv\/produkt\/masterkidz-lar-dig-om-temperatur-vaggmonterad-pedagogisk-tavla-flex\/","title":{"rendered":"MASTERKIDZ L\u00e4r dig om temperatur V\u00e4ggmonterad pedagogisk tavla Flex"},"content":{"rendered":"<p>Att f\u00f6rst\u00e5 temperatur och skillnaden mellan varmt och kallt \u00e4r mycket viktigt f\u00f6r barn. Sm\u00e5 barn inser ofta inte att n\u00e5got kan vara s\u00e5 kallt eller s\u00e5 varmt att det kan br\u00e4nna dem. D\u00e4rf\u00f6r m\u00e5ste du h\u00e5lla ett konstant \u00f6ga p\u00e5 ditt barn och \u00f6vervaka det om det \u00e4nnu inte f\u00f6rst\u00e5r dessa begrepp.<\/p>\n<p>Den pedagogiska tavlan f\u00f6r att l\u00e4ra sig om temperaturer \u00e4r ett utm\u00e4rkt l\u00e4romedel som hj\u00e4lper barn att p\u00e5 ett enkelt och roligt s\u00e4tt f\u00f6rst\u00e5 att n\u00e5got kan vara varmt och inte b\u00f6r r\u00f6ras. Leksaken har tre f\u00e4lt med olika temperaturer: varmt, neutralt och kallt. Genom att r\u00f6ra vid dem upplever barnen sj\u00e4lva skillnaden. Leksaken \u00e4r rolig tack vare den v\u00e4rmek\u00e4nsliga tavlan, men den har ocks\u00e5 ett stort pedagogiskt v\u00e4rde. Den svarta v\u00e4rmek\u00e4nsliga tavlan \u00e4r utformad f\u00f6r att ber\u00f6ras med en kall eller varm hand. Ju varmare handen \u00e4r, desto r\u00f6dare och tydligare blir avtrycket p\u00e5 den svarta ytan. Att l\u00e4ra sig om temperatur \u00e4r mycket viktigt i ett barns utveckling, s\u00e4rskilt f\u00f6r barn med SI-st\u00f6rningar, Aspergers eller autism. Att f\u00f6rst\u00e5 att n\u00e5got \u00e4r varmt och inte b\u00f6r r\u00f6ras hj\u00e4lper dem att forts\u00e4tta fungera sj\u00e4lvst\u00e4ndigt bland m\u00e4nniskor.<\/p>\n<p>Tavlan kan monteras p\u00e5 tre s\u00e4tt:<\/p>\n<p>&#8211; v\u00e4ggmontering,<\/p>\n<p>&#8211; montering p\u00e5 det speciella Masterkidz Flex-systemet,<\/p>\n<p>&#8211; montering p\u00e5 ett frist\u00e5ende Masterkidz-stativ.<\/p>\n<p>Tavlans ram \u00e4r tillverkad av h\u00f6gkvalitativt tr\u00e4, vilket g\u00f6r den h\u00e5llbar och milj\u00f6v\u00e4nlig \u2013 du producerar inget plastavfall.<\/p>\n<p>Erbjudandet inkluderar en pedagogisk tavla: L\u00e4r dig om temperatur: Skillnaden mellan varmt och kallt.<\/p>\n<p>Masterkidz leksaker \u00e4r h\u00f6gkvalitativa, h\u00e5llbara och s\u00e4kra pedagogiska leksaker av tr\u00e4. Designade och anpassade f\u00f6r olika stadier i barns utveckling. Kreativt, \u00e4ventyrligt och pedagogiskt lekande \u2013 det \u00e4r de st\u00f6rsta f\u00f6rdelarna med detta varum\u00e4rkes leksaker. Ov\u00e4rderligt st\u00f6d f\u00f6r Montessori-metoden. Det b\u00e4sta valet f\u00f6r ditt hem, dagis, hotell eller restaurang. Skapa den perfekta lekh\u00f6rnan eller en stor pedagogisk v\u00e4gg. Erbjudandet inkluderar v\u00e4ggmonterade och mobila tavlor, upplysta bord och paneler f\u00f6r att leka med f\u00e4rger. Tematiska pedagogiska moduler och mycket mer. Ett otroligt stort antal tillbeh\u00f6r och o\u00e4ndliga m\u00f6jligheter f\u00f6r kreativt lekande.<\/p>\n","protected":false},"excerpt":{"rendered":"<p>Att f\u00f6rst\u00e5 temperatur och skillnaden mellan varmt och kallt \u00e4r mycket viktigt f\u00f6r barn. Sm\u00e5 barn inser ofta inte att n\u00e5got kan vara s\u00e5 kallt eller s\u00e5 varmt att det kan br\u00e4nna dem. D\u00e4rf\u00f6r m\u00e5ste du h\u00e5lla ett konstant \u00f6ga p\u00e5 ditt barn och \u00f6vervaka det om det \u00e4nnu inte f\u00f6rst\u00e5r dessa begrepp. Den pedagogiska [&hellip;]<\/p>\n","protected":false},"featured_media":0,"comment_status":"open","ping_status":"closed","template":"","meta":[],"product_brand":[],"product_cat":[33],"product_tag":[],"class_list":{"0":"post-16808","1":"product","2":"type-product","3":"status-publish","5":"product_cat-okategoriserad","7":"first","8":"instock","9":"shipping-taxable","10":"purchasable","11":"product-type-simple"},"_links":{"self":[{"href":"https:\/\/nordicmart.andreevmaster.com\/sv\/wp-json\/wp\/v2\/product\/16808","targetHints":{"allow":["GET"]}}],"collection":[{"href":"https:\/\/nordicmart.andreevmaster.com\/sv\/wp-json\/wp\/v2\/product"}],"about":[{"href":"https:\/\/nordicmart.andreevmaster.com\/sv\/wp-json\/wp\/v2\/types\/product"}],"replies":[{"embeddable":true,"href":"https:\/\/nordicmart.andreevmaster.com\/sv\/wp-json\/wp\/v2\/comments?post=16808"}],"wp:attachment":[{"href":"https:\/\/nordicmart.andreevmaster.com\/sv\/wp-json\/wp\/v2\/media?parent=16808"}],"wp:term":[{"taxonomy":"product_brand","embeddable":true,"href":"https:\/\/nordicmart.andreevmaster.com\/sv\/wp-json\/wp\/v2\/product_brand?post=16808"},{"taxonomy":"product_cat","embeddable":true,"href":"https:\/\/nordicmart.andreevmaster.com\/sv\/wp-json\/wp\/v2\/product_cat?post=16808"},{"taxonomy":"product_tag","embeddable":true,"href":"https:\/\/nordicmart.andreevmaster.com\/sv\/wp-json\/wp\/v2\/product_tag?post=16808"}],"curies":[{"name":"wp","href":"https:\/\/api.w.org\/{rel}","templated":true}]}}