{"id":16807,"date":"2026-02-27T00:32:18","date_gmt":"2026-02-27T00:32:18","guid":{"rendered":"https:\/\/nordicmart.andreevmaster.com\/product\/masterkidz-rammonteringsbrador-sidokanter-2-stycken\/"},"modified":"2026-02-27T08:22:28","modified_gmt":"2026-02-27T08:22:28","slug":"masterkidz-rammonteringsbrador-sidokanter-2-stycken","status":"publish","type":"product","link":"https:\/\/nordicmart.andreevmaster.com\/sv\/produkt\/masterkidz-rammonteringsbrador-sidokanter-2-stycken\/","title":{"rendered":"MASTERKIDZ Rammonteringsbr\u00e4dor Sidokanter 2 stycken"},"content":{"rendered":"<p>Sidokanter f\u00f6r montering av ramen p\u00e5 Masterkidz Flex-v\u00e4ggtavlor \u00e4r en fantastisk l\u00f6sning som g\u00f6r det enkelt och snabbt att byta ut Masterkidz pedagogiska tavlor. Det tar mindre \u00e4n en minut att ta bort det gamla leksaken och s\u00e4tta in ett nytt, och det kr\u00e4vs inga verktyg. Skruva bara loss skruven p\u00e5 ramen f\u00f6r att ta bort leksaken och skruva tillbaka den efter att du satt in den nya. Och du \u00e4r klar!<\/p>\n<p>### Funktioner:<\/p>\n<p>* &#8211; Varje g\u00e5ng du ville installera en ny tavla var du tvungen att borra i v\u00e4ggen. Byte tog l\u00e5ng tid, gjorde oreda och skadade v\u00e4ggarna, men det \u00e4r \u00f6ver nu! Nu kan du dra nytta av det fantastiska Masterkidz Flex-monteringssystemet f\u00f6r sidokanter, som \u00e4r speciellt utformat f\u00f6r pedagogiska tavlor.* &#8211; Masterkidz Flex \u00e4r ett monteringssystem f\u00f6r v\u00e4ggleksaker som g\u00f6r det m\u00f6jligt att byta ut dem snabbt och enkelt. Panelens l\u00e4ngd kan justeras efter dina behov: du kan bygga en ram f\u00f6r 1 eller 2 tavlor, eller till och med f\u00f6r valfritt antal tavlor. Det \u00e4r upp till dig!<br \/>\n* &#8211; N\u00e4r du bygger ramen k\u00f6per du \u00f6nskat antal enkel- och dubbelmonteringsenheter och en upps\u00e4ttning sidokanter.* &#8211; Masterkidz Flex-ramar \u00e4r tillverkade av tr\u00e4. Genom att v\u00e4lja Masterkidz tr\u00e4produkter tar du hand om milj\u00f6n och minskar plastavfallet.<br \/>\n* &#8211; Erbjudandet inkluderar 2 sidobalkar f\u00f6r montering av Masterkidz Flex pedagogiska tavlor.<\/p>\n<p>Masterkidz leksaker \u00e4r h\u00f6gkvalitativa, h\u00e5llbara och s\u00e4kra pedagogiska leksaker av tr\u00e4. Designade och anpassade f\u00f6r olika stadier av barns utveckling. Kreativt, \u00e4ventyrligt och pedagogiskt lekande \u00e4r de fr\u00e4msta f\u00f6rdelarna med detta varum\u00e4rkes leksaker. Ov\u00e4rderligt st\u00f6d f\u00f6r Montessori-metoden. Det b\u00e4sta valet f\u00f6r ditt hem, dagis, hotell eller restaurang. Skapa den perfekta lekh\u00f6rnan eller en stor pedagogisk v\u00e4gg. Erbjudandet inkluderar v\u00e4ggmonterade och mobila tavlor, upplysta bord och paneler f\u00f6r att leka med f\u00e4rger. Tematiska pedagogiska moduler och mycket mer. Ett otroligt stort antal tillbeh\u00f6r och o\u00e4ndliga m\u00f6jligheter f\u00f6r kreativt lekande.<\/p>\n","protected":false},"excerpt":{"rendered":"<p>Sidokanter f\u00f6r montering av ramen p\u00e5 Masterkidz Flex-v\u00e4ggtavlor \u00e4r en fantastisk l\u00f6sning som g\u00f6r det enkelt och snabbt att byta ut Masterkidz pedagogiska tavlor. Det tar mindre \u00e4n en minut att ta bort det gamla leksaken och s\u00e4tta in ett nytt, och det kr\u00e4vs inga verktyg. Skruva bara loss skruven p\u00e5 ramen f\u00f6r att ta [&hellip;]<\/p>\n","protected":false},"featured_media":0,"comment_status":"open","ping_status":"closed","template":"","meta":[],"product_brand":[],"product_cat":[33],"product_tag":[],"class_list":{"0":"post-16807","1":"product","2":"type-product","3":"status-publish","5":"product_cat-okategoriserad","7":"first","8":"instock","9":"shipping-taxable","10":"purchasable","11":"product-type-simple"},"_links":{"self":[{"href":"https:\/\/nordicmart.andreevmaster.com\/sv\/wp-json\/wp\/v2\/product\/16807","targetHints":{"allow":["GET"]}}],"collection":[{"href":"https:\/\/nordicmart.andreevmaster.com\/sv\/wp-json\/wp\/v2\/product"}],"about":[{"href":"https:\/\/nordicmart.andreevmaster.com\/sv\/wp-json\/wp\/v2\/types\/product"}],"replies":[{"embeddable":true,"href":"https:\/\/nordicmart.andreevmaster.com\/sv\/wp-json\/wp\/v2\/comments?post=16807"}],"wp:attachment":[{"href":"https:\/\/nordicmart.andreevmaster.com\/sv\/wp-json\/wp\/v2\/media?parent=16807"}],"wp:term":[{"taxonomy":"product_brand","embeddable":true,"href":"https:\/\/nordicmart.andreevmaster.com\/sv\/wp-json\/wp\/v2\/product_brand?post=16807"},{"taxonomy":"product_cat","embeddable":true,"href":"https:\/\/nordicmart.andreevmaster.com\/sv\/wp-json\/wp\/v2\/product_cat?post=16807"},{"taxonomy":"product_tag","embeddable":true,"href":"https:\/\/nordicmart.andreevmaster.com\/sv\/wp-json\/wp\/v2\/product_tag?post=16807"}],"curies":[{"name":"wp","href":"https:\/\/api.w.org\/{rel}","templated":true}]}}