{"id":16806,"date":"2026-02-27T00:32:18","date_gmt":"2026-02-27T00:32:18","guid":{"rendered":"https:\/\/nordicmart.andreevmaster.com\/product\/masterkidz-transparenta-siffror-och-bokstaver-38-st-montessori\/"},"modified":"2026-02-27T08:22:28","modified_gmt":"2026-02-27T08:22:28","slug":"masterkidz-transparenta-siffror-och-bokstaver-38-st-montessori","status":"publish","type":"product","link":"https:\/\/nordicmart.andreevmaster.com\/sv\/produkt\/masterkidz-transparenta-siffror-och-bokstaver-38-st-montessori\/","title":{"rendered":"MASTERKIDZ Transparenta Siffror och Bokst\u00e4ver 38 st. Montessori"},"content":{"rendered":"<p>G\u00f6r l\u00e4randet ljusare med detta f\u00e4rgglada, transparenta set av bokst\u00e4ver och siffror! De f\u00e4rgglada bitarna hj\u00e4lper ditt barn att uppt\u00e4cka alfabetet, bilda ord och l\u00e4ra sig grunderna i matematik p\u00e5 ett kreativt s\u00e4tt. Det \u00e4r ett utm\u00e4rkt verktyg f\u00f6r b\u00e5de hemmalek och pedagogiska aktiviteter i f\u00f6rskolor eller skolor. Den praktiska tr\u00e4l\u00e5dan g\u00f6r det enkelt att f\u00f6rvara alla bitar, och den h\u00e5llbara konstruktionen garanterar s\u00e4kerhet och l\u00e5ngsiktig anv\u00e4ndning.<\/p>\n<p>Funktioner:<\/p>\n<p>* &#8211; Settet inneh\u00e5ller 38 transparenta, f\u00e4rgglada bokst\u00e4ver och siffror<br \/>\n* &#8211; Tillverkade av h\u00e5llbar, f\u00e4rgglad akryl<br \/>\n* &#8211; M\u00f6jligg\u00f6r inl\u00e4rning av alfabetet, r\u00e4kning och ig\u00e4nk\u00e4nning och blandning av f\u00e4rger<br \/>\n* &#8211; Idealisk f\u00f6r anv\u00e4ndning med MASTERKIDZ LED-ljuspanel (ME13866)<br \/>\n* &#8211; Praktisk tr\u00e4l\u00e5da f\u00f6r f\u00f6rvaring av bitarna<br \/>\n* &#8211; H\u00f6gkvalitativt utf\u00f6rande s\u00e4kerst\u00e4ller h\u00e5llbarhet och s\u00e4kerhet<\/p>\n<p>Leksaken utvecklar:<\/p>\n<p>* &#8211; F\u00f6rm\u00e5gan att k\u00e4nna igen bokst\u00e4ver och siffror<br \/>\n* &#8211; Kreativitet<br \/>\n* &#8211; Fantasi<br \/>\n* &#8211; Finmotorik<\/p>\n","protected":false},"excerpt":{"rendered":"<p>G\u00f6r l\u00e4randet ljusare med detta f\u00e4rgglada, transparenta set av bokst\u00e4ver och siffror! De f\u00e4rgglada bitarna hj\u00e4lper ditt barn att uppt\u00e4cka alfabetet, bilda ord och l\u00e4ra sig grunderna i matematik p\u00e5 ett kreativt s\u00e4tt. Det \u00e4r ett utm\u00e4rkt verktyg f\u00f6r b\u00e5de hemmalek och pedagogiska aktiviteter i f\u00f6rskolor eller skolor. Den praktiska tr\u00e4l\u00e5dan g\u00f6r det enkelt att [&hellip;]<\/p>\n","protected":false},"featured_media":0,"comment_status":"open","ping_status":"closed","template":"","meta":[],"product_brand":[],"product_cat":[33],"product_tag":[],"class_list":{"0":"post-16806","1":"product","2":"type-product","3":"status-publish","5":"product_cat-okategoriserad","7":"first","8":"instock","9":"shipping-taxable","10":"purchasable","11":"product-type-simple"},"_links":{"self":[{"href":"https:\/\/nordicmart.andreevmaster.com\/sv\/wp-json\/wp\/v2\/product\/16806","targetHints":{"allow":["GET"]}}],"collection":[{"href":"https:\/\/nordicmart.andreevmaster.com\/sv\/wp-json\/wp\/v2\/product"}],"about":[{"href":"https:\/\/nordicmart.andreevmaster.com\/sv\/wp-json\/wp\/v2\/types\/product"}],"replies":[{"embeddable":true,"href":"https:\/\/nordicmart.andreevmaster.com\/sv\/wp-json\/wp\/v2\/comments?post=16806"}],"wp:attachment":[{"href":"https:\/\/nordicmart.andreevmaster.com\/sv\/wp-json\/wp\/v2\/media?parent=16806"}],"wp:term":[{"taxonomy":"product_brand","embeddable":true,"href":"https:\/\/nordicmart.andreevmaster.com\/sv\/wp-json\/wp\/v2\/product_brand?post=16806"},{"taxonomy":"product_cat","embeddable":true,"href":"https:\/\/nordicmart.andreevmaster.com\/sv\/wp-json\/wp\/v2\/product_cat?post=16806"},{"taxonomy":"product_tag","embeddable":true,"href":"https:\/\/nordicmart.andreevmaster.com\/sv\/wp-json\/wp\/v2\/product_tag?post=16806"}],"curies":[{"name":"wp","href":"https:\/\/api.w.org\/{rel}","templated":true}]}}