{"id":16805,"date":"2026-02-27T00:32:17","date_gmt":"2026-02-27T00:32:17","guid":{"rendered":"https:\/\/nordicmart.andreevmaster.com\/product\/masterkidz-sandram-tillbehor\/"},"modified":"2026-02-27T08:22:27","modified_gmt":"2026-02-27T08:22:27","slug":"masterkidz-sandram-tillbehor","status":"publish","type":"product","link":"https:\/\/nordicmart.andreevmaster.com\/sv\/produkt\/masterkidz-sandram-tillbehor\/","title":{"rendered":"MASTERKIDZ Sandram + tillbeh\u00f6r"},"content":{"rendered":"<p>N\u00e4r det g\u00e4ller barns utveckling uppfyller varum\u00e4rket Masterkidz alla f\u00f6rv\u00e4ntningar. Varje del av det pedagogiska st\u00f6det \u00e4r v\u00e4l genomt\u00e4nkt och utvecklar specifika f\u00e4rdigheter hos barn.<\/p>\n<p>Vad vi tr\u00e4nar:<\/p>\n<p>&#8211; finmotorik<\/p>\n<p>&#8211; koncentration<\/p>\n<p>&#8211; kreativitet<\/p>\n<p>&#8211; rumslig fantasi<\/p>\n<p>&#8211; konstn\u00e4rliga f\u00f6rm\u00e5gor<\/p>\n<p>&#8211; former<\/p>\n<p>&#8211; f\u00e4rger<\/p>\n<p>Ramen kan kompletteras med en l\u00e4tt och praktisk LED-ljuspanel, som \u00e4r utformad f\u00f6r att passa perfekt till det multifunktionella Masterkidz-bordet p\u00e5 hjul. Tack vare hjulen kan bordet enkelt placeras var som helst. En ytterligare bekv\u00e4mlighet \u00e4r Micro USB-str\u00f6mf\u00f6rs\u00f6rjningen f\u00f6r panelen. De flesta standardladdare f\u00f6r mobiltelefoner fungerar korrekt med ljuspanelen, s\u00e5 det finns aldrig n\u00e5gra problem med str\u00f6mf\u00f6rs\u00f6rjningen.Ljuset fr\u00e5n panelen kan styras med en fj\u00e4rrkontroll. Det \u00e4r m\u00f6jligt att justera var och en av de f\u00e4rger som utg\u00f6r f\u00e4rgen: r\u00f6tt, gr\u00f6nt och bl\u00e5tt, eller v\u00e4lja en f\u00e4rg fr\u00e5n de f\u00f6rprogrammerade. Du kan v\u00e4lja mellan tre visningsl\u00e4gen: regnb\u00e5gsf\u00e4rger i loop, \u00e5skv\u00e4derl\u00e4ge och lugnande f\u00e4rger i loop. Ljuspanelen i kombination med en sandm\u00e5lningsram \u00e4r det perfekta s\u00e4ttet att ha kul. Tack vare ramen spills inte sanden utanf\u00f6r bordet. Masterkidz-leksaker \u00e4r h\u00f6gkvalitativa, h\u00e5llbara och s\u00e4kra pedagogiska leksaker av tr\u00e4. De \u00e4r utformade och anpassade f\u00f6r olika stadier i barns utveckling. Kreativt, \u00e4ventyrligt och pedagogiskt lekande \u00e4r de st\u00f6rsta f\u00f6rdelarna med detta varum\u00e4rkes leksaker. Ett ov\u00e4rderligt st\u00f6d f\u00f6r Montessori-metoden. Det b\u00e4sta valet f\u00f6r ditt hem, dagis, hotell eller restaurang. Skapa den perfekta lekh\u00f6rnan eller en stor pedagogisk v\u00e4gg. Erbjudandet inkluderar v\u00e4ggmonterade och mobila tavlor, upplysta bord och paneler f\u00f6r att leka med f\u00e4rger. Tematiska pedagogiska moduler och mycket mer. Ett otroligt stort antal tillbeh\u00f6r och o\u00e4ndliga m\u00f6jligheter f\u00f6r kreativt lekande.<\/p>\n","protected":false},"excerpt":{"rendered":"<p>N\u00e4r det g\u00e4ller barns utveckling uppfyller varum\u00e4rket Masterkidz alla f\u00f6rv\u00e4ntningar. Varje del av det pedagogiska st\u00f6det \u00e4r v\u00e4l genomt\u00e4nkt och utvecklar specifika f\u00e4rdigheter hos barn. Vad vi tr\u00e4nar: &#8211; finmotorik &#8211; koncentration &#8211; kreativitet &#8211; rumslig fantasi &#8211; konstn\u00e4rliga f\u00f6rm\u00e5gor &#8211; former &#8211; f\u00e4rger Ramen kan kompletteras med en l\u00e4tt och praktisk LED-ljuspanel, som \u00e4r [&hellip;]<\/p>\n","protected":false},"featured_media":0,"comment_status":"open","ping_status":"closed","template":"","meta":[],"product_brand":[],"product_cat":[33],"product_tag":[],"class_list":{"0":"post-16805","1":"product","2":"type-product","3":"status-publish","5":"product_cat-okategoriserad","7":"first","8":"instock","9":"shipping-taxable","10":"purchasable","11":"product-type-simple"},"_links":{"self":[{"href":"https:\/\/nordicmart.andreevmaster.com\/sv\/wp-json\/wp\/v2\/product\/16805","targetHints":{"allow":["GET"]}}],"collection":[{"href":"https:\/\/nordicmart.andreevmaster.com\/sv\/wp-json\/wp\/v2\/product"}],"about":[{"href":"https:\/\/nordicmart.andreevmaster.com\/sv\/wp-json\/wp\/v2\/types\/product"}],"replies":[{"embeddable":true,"href":"https:\/\/nordicmart.andreevmaster.com\/sv\/wp-json\/wp\/v2\/comments?post=16805"}],"wp:attachment":[{"href":"https:\/\/nordicmart.andreevmaster.com\/sv\/wp-json\/wp\/v2\/media?parent=16805"}],"wp:term":[{"taxonomy":"product_brand","embeddable":true,"href":"https:\/\/nordicmart.andreevmaster.com\/sv\/wp-json\/wp\/v2\/product_brand?post=16805"},{"taxonomy":"product_cat","embeddable":true,"href":"https:\/\/nordicmart.andreevmaster.com\/sv\/wp-json\/wp\/v2\/product_cat?post=16805"},{"taxonomy":"product_tag","embeddable":true,"href":"https:\/\/nordicmart.andreevmaster.com\/sv\/wp-json\/wp\/v2\/product_tag?post=16805"}],"curies":[{"name":"wp","href":"https:\/\/api.w.org\/{rel}","templated":true}]}}