{"id":16804,"date":"2026-02-27T00:32:17","date_gmt":"2026-02-27T00:32:17","guid":{"rendered":"https:\/\/nordicmart.andreevmaster.com\/product\/masterkidz-sensorisk-vaggtavla-ytstrukturigenkanning\/"},"modified":"2026-02-27T08:22:27","modified_gmt":"2026-02-27T08:22:27","slug":"masterkidz-sensorisk-vaggtavla-ytstrukturigenkanning","status":"publish","type":"product","link":"https:\/\/nordicmart.andreevmaster.com\/sv\/produkt\/masterkidz-sensorisk-vaggtavla-ytstrukturigenkanning\/","title":{"rendered":"MASTERKIDZ Sensorisk v\u00e4ggtavla Ytstrukturigenk\u00e4nning"},"content":{"rendered":"<p>Sensoriska tavlor \u00e4r fantastiska leksaker som stimulerar barns sinnen. Tavlan f\u00f6r strukturigenk\u00e4nning utvecklar k\u00e4nseln, som senare kan anv\u00e4ndas mer effektivt f\u00f6r att utforska omgivningen. Spelet g\u00e5r ut p\u00e5 att hitta par av brickor med matchande texturer med \u00f6gonen st\u00e4ngda. Uppgiften \u00e4r inte s\u00e5 l\u00e4tt som den kan verka, och barnet m\u00e5ste koncentrera sig h\u00e5rt och anv\u00e4nda sina sinnen. Leksaken best\u00e5r av 9 par brickor. \u00d6verst finns sm\u00e5 brickor, som man f\u00f6rst k\u00e4nner p\u00e5 f\u00f6r att l\u00e4ra sig texturen och m\u00f6nstret p\u00e5 brickan, och sedan m\u00e5ste barnet hitta samma bricka bland de 9 stora.<\/p>\n<p>Br\u00e4det kan monteras p\u00e5 tre s\u00e4tt:<\/p>\n<p>* V\u00e4ggmontering<br \/>\n* Montering p\u00e5 det speciella Masterkidz Flex-systemet<br \/>\n* Montering p\u00e5 ett frist\u00e5ende Masterkidz-stativ<\/p>\n<p>Leksaken \u00e4r helt tillverkad av tr\u00e4. Genom att v\u00e4lja Masterkidz tr\u00e4br\u00e4dor tar du hand om milj\u00f6n genom att minska plastavfallet.<\/p>\n","protected":false},"excerpt":{"rendered":"<p>Sensoriska tavlor \u00e4r fantastiska leksaker som stimulerar barns sinnen. Tavlan f\u00f6r strukturigenk\u00e4nning utvecklar k\u00e4nseln, som senare kan anv\u00e4ndas mer effektivt f\u00f6r att utforska omgivningen. Spelet g\u00e5r ut p\u00e5 att hitta par av brickor med matchande texturer med \u00f6gonen st\u00e4ngda. Uppgiften \u00e4r inte s\u00e5 l\u00e4tt som den kan verka, och barnet m\u00e5ste koncentrera sig h\u00e5rt och [&hellip;]<\/p>\n","protected":false},"featured_media":0,"comment_status":"open","ping_status":"closed","template":"","meta":[],"product_brand":[],"product_cat":[33],"product_tag":[],"class_list":{"0":"post-16804","1":"product","2":"type-product","3":"status-publish","5":"product_cat-okategoriserad","7":"first","8":"instock","9":"shipping-taxable","10":"purchasable","11":"product-type-simple"},"_links":{"self":[{"href":"https:\/\/nordicmart.andreevmaster.com\/sv\/wp-json\/wp\/v2\/product\/16804","targetHints":{"allow":["GET"]}}],"collection":[{"href":"https:\/\/nordicmart.andreevmaster.com\/sv\/wp-json\/wp\/v2\/product"}],"about":[{"href":"https:\/\/nordicmart.andreevmaster.com\/sv\/wp-json\/wp\/v2\/types\/product"}],"replies":[{"embeddable":true,"href":"https:\/\/nordicmart.andreevmaster.com\/sv\/wp-json\/wp\/v2\/comments?post=16804"}],"wp:attachment":[{"href":"https:\/\/nordicmart.andreevmaster.com\/sv\/wp-json\/wp\/v2\/media?parent=16804"}],"wp:term":[{"taxonomy":"product_brand","embeddable":true,"href":"https:\/\/nordicmart.andreevmaster.com\/sv\/wp-json\/wp\/v2\/product_brand?post=16804"},{"taxonomy":"product_cat","embeddable":true,"href":"https:\/\/nordicmart.andreevmaster.com\/sv\/wp-json\/wp\/v2\/product_cat?post=16804"},{"taxonomy":"product_tag","embeddable":true,"href":"https:\/\/nordicmart.andreevmaster.com\/sv\/wp-json\/wp\/v2\/product_tag?post=16804"}],"curies":[{"name":"wp","href":"https:\/\/api.w.org\/{rel}","templated":true}]}}