{"id":16803,"date":"2026-02-27T00:32:17","date_gmt":"2026-02-27T00:32:17","guid":{"rendered":"https:\/\/nordicmart.andreevmaster.com\/product\/masterkidz-balansovningsbrador-i-tra\/"},"modified":"2026-02-27T08:22:27","modified_gmt":"2026-02-27T08:22:27","slug":"masterkidz-balansovningsbrador-i-tra","status":"publish","type":"product","link":"https:\/\/nordicmart.andreevmaster.com\/sv\/produkt\/masterkidz-balansovningsbrador-i-tra\/","title":{"rendered":"MASTERKIDZ Balans\u00f6vningsbr\u00e4dor i tr\u00e4"},"content":{"rendered":"<p>En underbar leksak f\u00f6r barn som hj\u00e4lper dem att utveckla m\u00e5nga f\u00e4rdigheter! Setet med tr\u00e4plankor f\u00f6r att tr\u00e4na balans best\u00e5r av 10 balkar som barnen kan g\u00e5 p\u00e5. De kan ordnas i valfri bana eller kombination, s\u00e5 leken blir alltid intressant och unik. H\u00f6jdskillnaden \u00e4r liten och plankornas kanter \u00e4r rundade, vilket g\u00f6r leken helt s\u00e4ker.Tack vare m\u00f6jligheten att arrangera setet p\u00e5 m\u00e5nga olika s\u00e4tt kan barnen utveckla sin kreativitet genom att f\u00f6rs\u00f6ka komma p\u00e5 de mest intressanta banorna att g\u00e5 p\u00e5. Genom att f\u00f6rs\u00f6ka g\u00e5 den utstakade banan tr\u00e4nar barnen sin balans, vilket har en stor inverkan p\u00e5 utvecklingen av vestibul\u00e4ra systemet. Detta \u00e4r extremt viktigt i den tidiga utvecklingen.Barn kan ocks\u00e5 utveckla sin k\u00e4nsel, eftersom br\u00e4dorna har olika m\u00f6nster och former inskurna i sig. N\u00e4r barnen g\u00e5r barfota kan de k\u00e4nna dem under f\u00f6tterna. De kan gissa vilket m\u00f6nster de st\u00e5r p\u00e5 i varje \u00f6gonblick, vilket g\u00f6r leken \u00e4nnu roligare. Satsen best\u00e5r av 10 olika typer av br\u00e4dor och element f\u00f6r montering p\u00e5 en plattform.<\/p>\n<p>Leksaken \u00e4r tillverkad av tr\u00e4. Genom att v\u00e4lja Masterkidz pedagogiska leksaker av tr\u00e4 tar du hand om milj\u00f6n och minskar plastavfallet.<\/p>\n<p>Masterkidz leksaker \u00e4r h\u00f6gkvalitativa, h\u00e5llbara och s\u00e4kra pedagogiska leksaker av tr\u00e4. De \u00e4r designade och anpassade f\u00f6r olika stadier i barns utveckling. Kreativt, \u00e4ventyrligt och pedagogiskt lekande \u2013 det \u00e4r de st\u00f6rsta f\u00f6rdelarna med detta m\u00e4rkes leksaker. Ov\u00e4rderligt st\u00f6d f\u00f6r Montessori-metoden. Det b\u00e4sta valet f\u00f6r ditt hem, dagis, hotell eller restaurang. Skapa den perfekta lekh\u00f6rnan eller en stor pedagogisk v\u00e4gg. Erbjudandet inkluderar v\u00e4ggmonterade och mobila tavlor, upplysta bord och paneler f\u00f6r att leka med f\u00e4rger. Tematiska pedagogiska moduler och mycket mer. Ett otroligt stort antal tillbeh\u00f6r och o\u00e4ndliga m\u00f6jligheter f\u00f6r kreativt lekande.<\/p>\n","protected":false},"excerpt":{"rendered":"<p>En underbar leksak f\u00f6r barn som hj\u00e4lper dem att utveckla m\u00e5nga f\u00e4rdigheter! Setet med tr\u00e4plankor f\u00f6r att tr\u00e4na balans best\u00e5r av 10 balkar som barnen kan g\u00e5 p\u00e5. De kan ordnas i valfri bana eller kombination, s\u00e5 leken blir alltid intressant och unik. H\u00f6jdskillnaden \u00e4r liten och plankornas kanter \u00e4r rundade, vilket g\u00f6r leken helt [&hellip;]<\/p>\n","protected":false},"featured_media":0,"comment_status":"open","ping_status":"closed","template":"","meta":[],"product_brand":[],"product_cat":[33],"product_tag":[],"class_list":{"0":"post-16803","1":"product","2":"type-product","3":"status-publish","5":"product_cat-okategoriserad","7":"first","8":"instock","9":"shipping-taxable","10":"purchasable","11":"product-type-simple"},"_links":{"self":[{"href":"https:\/\/nordicmart.andreevmaster.com\/sv\/wp-json\/wp\/v2\/product\/16803","targetHints":{"allow":["GET"]}}],"collection":[{"href":"https:\/\/nordicmart.andreevmaster.com\/sv\/wp-json\/wp\/v2\/product"}],"about":[{"href":"https:\/\/nordicmart.andreevmaster.com\/sv\/wp-json\/wp\/v2\/types\/product"}],"replies":[{"embeddable":true,"href":"https:\/\/nordicmart.andreevmaster.com\/sv\/wp-json\/wp\/v2\/comments?post=16803"}],"wp:attachment":[{"href":"https:\/\/nordicmart.andreevmaster.com\/sv\/wp-json\/wp\/v2\/media?parent=16803"}],"wp:term":[{"taxonomy":"product_brand","embeddable":true,"href":"https:\/\/nordicmart.andreevmaster.com\/sv\/wp-json\/wp\/v2\/product_brand?post=16803"},{"taxonomy":"product_cat","embeddable":true,"href":"https:\/\/nordicmart.andreevmaster.com\/sv\/wp-json\/wp\/v2\/product_cat?post=16803"},{"taxonomy":"product_tag","embeddable":true,"href":"https:\/\/nordicmart.andreevmaster.com\/sv\/wp-json\/wp\/v2\/product_tag?post=16803"}],"curies":[{"name":"wp","href":"https:\/\/api.w.org\/{rel}","templated":true}]}}