{"id":16802,"date":"2026-02-27T00:32:17","date_gmt":"2026-02-27T00:32:17","guid":{"rendered":"https:\/\/nordicmart.andreevmaster.com\/product\/masterkidz-pedagogisk-tavla-for-att-kanna-igen-texturer-och-kanseln\/"},"modified":"2026-02-27T08:22:27","modified_gmt":"2026-02-27T08:22:27","slug":"masterkidz-pedagogisk-tavla-for-att-kanna-igen-texturer-och-kanseln","status":"publish","type":"product","link":"https:\/\/nordicmart.andreevmaster.com\/sv\/produkt\/masterkidz-pedagogisk-tavla-for-att-kanna-igen-texturer-och-kanseln\/","title":{"rendered":"MASTERKIDZ Pedagogisk tavla f\u00f6r att k\u00e4nna igen texturer och k\u00e4nseln"},"content":{"rendered":"<p>Den sensoriska tavlan f\u00f6r att tr\u00e4na k\u00e4nseln \u00e4r ett fantastiskt pedagogiskt leksak som st\u00f6der utvecklingen av barns sinnen, men ocks\u00e5 ett ov\u00e4rderligt undervisningshj\u00e4lpmedel som kan anv\u00e4ndas med framg\u00e5ng i f\u00f6rskolor, skolor och \u00e4ven p\u00e5 kliniker f\u00f6r barn med autism, Aspergers syndrom och SI-st\u00f6rningar.<\/p>\n<p>Uppgiften f\u00f6r barnen som leker \u00e4r att hitta matchande par av brickor medan de har \u00f6gonbindel. De f\u00e5r bara anv\u00e4nda sin k\u00e4nsel som hj\u00e4lp. L\u00e4raren eller f\u00f6r\u00e4ldern kan g\u00f6ra leken mer intressant genom att be barnet beskriva ytorna de r\u00f6r vid och f\u00f6rs\u00f6ka namnge dem. Detta f\u00f6rbereder barnet b\u00e4ttre f\u00f6r att utforska v\u00e4rlden och l\u00e4r dem egenskaperna hos material som tr\u00e4 eller tyg. Det \u00e4r ocks\u00e5 ett mycket viktigt element i utvecklingen av blinda barn.<\/p>\n<p>Tavlan kan monteras p\u00e5 tre s\u00e4tt:<\/p>\n<p>&#8211; V\u00e4ggmontering,<\/p>\n<p>&#8211; Installation i ett speciellt Masterkidz Flex-system,<\/p>\n<p>&#8211; Installation i ett frist\u00e5ende Masterkidz-stativ.<\/p>\n<p>Tavlans ram \u00e4r helt tillverkad av tr\u00e4, vilket g\u00f6r leksaken milj\u00f6v\u00e4nlig.<\/p>\n<p>Erbjudandet inkluderar en sensorisk tavla: Strukturigenk\u00e4nning<\/p>\n","protected":false},"excerpt":{"rendered":"<p>Den sensoriska tavlan f\u00f6r att tr\u00e4na k\u00e4nseln \u00e4r ett fantastiskt pedagogiskt leksak som st\u00f6der utvecklingen av barns sinnen, men ocks\u00e5 ett ov\u00e4rderligt undervisningshj\u00e4lpmedel som kan anv\u00e4ndas med framg\u00e5ng i f\u00f6rskolor, skolor och \u00e4ven p\u00e5 kliniker f\u00f6r barn med autism, Aspergers syndrom och SI-st\u00f6rningar. Uppgiften f\u00f6r barnen som leker \u00e4r att hitta matchande par av brickor [&hellip;]<\/p>\n","protected":false},"featured_media":0,"comment_status":"open","ping_status":"closed","template":"","meta":[],"product_brand":[],"product_cat":[33],"product_tag":[],"class_list":{"0":"post-16802","1":"product","2":"type-product","3":"status-publish","5":"product_cat-okategoriserad","7":"first","8":"instock","9":"shipping-taxable","10":"purchasable","11":"product-type-simple"},"_links":{"self":[{"href":"https:\/\/nordicmart.andreevmaster.com\/sv\/wp-json\/wp\/v2\/product\/16802","targetHints":{"allow":["GET"]}}],"collection":[{"href":"https:\/\/nordicmart.andreevmaster.com\/sv\/wp-json\/wp\/v2\/product"}],"about":[{"href":"https:\/\/nordicmart.andreevmaster.com\/sv\/wp-json\/wp\/v2\/types\/product"}],"replies":[{"embeddable":true,"href":"https:\/\/nordicmart.andreevmaster.com\/sv\/wp-json\/wp\/v2\/comments?post=16802"}],"wp:attachment":[{"href":"https:\/\/nordicmart.andreevmaster.com\/sv\/wp-json\/wp\/v2\/media?parent=16802"}],"wp:term":[{"taxonomy":"product_brand","embeddable":true,"href":"https:\/\/nordicmart.andreevmaster.com\/sv\/wp-json\/wp\/v2\/product_brand?post=16802"},{"taxonomy":"product_cat","embeddable":true,"href":"https:\/\/nordicmart.andreevmaster.com\/sv\/wp-json\/wp\/v2\/product_cat?post=16802"},{"taxonomy":"product_tag","embeddable":true,"href":"https:\/\/nordicmart.andreevmaster.com\/sv\/wp-json\/wp\/v2\/product_tag?post=16802"}],"curies":[{"name":"wp","href":"https:\/\/api.w.org\/{rel}","templated":true}]}}