{"id":16800,"date":"2026-02-27T00:32:16","date_gmt":"2026-02-27T00:32:16","guid":{"rendered":"https:\/\/nordicmart.andreevmaster.com\/product\/masterkidz-flex-5-wall-educational-board-mounting-system-caterpillar-2\/"},"modified":"2026-02-27T08:22:26","modified_gmt":"2026-02-27T08:22:26","slug":"masterkidz-flex-5-wall-educational-board-mounting-system-caterpillar-2","status":"publish","type":"product","link":"https:\/\/nordicmart.andreevmaster.com\/sv\/produkt\/masterkidz-flex-5-wall-educational-board-mounting-system-caterpillar-2\/","title":{"rendered":"MASTERKIDZ Flex 5-Wall Educational Board Mounting System &#8211; Caterpillar"},"content":{"rendered":"<p>\u00c4r du tr\u00f6tt p\u00e5 samma v\u00e4ggtavlor f\u00f6r barn som h\u00e4ngt d\u00e4r i flera \u00e5r? Vet du inte vad du ska g\u00f6ra n\u00e4r en av tavlorna skadas och det finns en skadad v\u00e4gg under? Vi har den perfekta l\u00f6sningen: Masterkidz Flex v\u00e4ggtavla monteringssystem i form av en vacker och f\u00e4rgglad Caterpillar. Inga verktyg beh\u00f6vs f\u00f6r att byta ut tavlan, och det \u00e4r otroligt enkelt och snabbt att s\u00e4tta upp och ta bort enskilda leksaker. Det tar mindre \u00e4n en minut att ta bort en och s\u00e4tta in en annan. L\u00e4rare kan fritt byta hj\u00e4lpmedel mellan klasserna och v\u00e4lja tavlor fr\u00e5n en specifik kategori: sensorik, fingerf\u00e4rdighet, matematik etc. <\/p>\n<p>Systemet har 5 ramar f\u00f6r Masterkidz Flex pedagogiska tavlor och f\u00e4rgglada tr\u00e4plattor i form av Caterpillars torso. Det \u00e4r idealiskt f\u00f6r anv\u00e4ndning i f\u00f6rskolor, men ocks\u00e5 i lekrum, kliniker och arbetsterapicentra f\u00f6r barn med autism, Aspergers och SI-st\u00f6rningar. <\/p>\n<p>Kom ih\u00e5g! Du beh\u00f6ver bara k\u00f6pa monteringssystemet en g\u00e5ng, och antalet till\u00e4mpningar \u00e4r obegr\u00e4nsat tack vare m\u00f6jligheten att st\u00e4ndigt byta ut tavlorna mot nya. Den larvformade designen \u00e4r charmig och fungerar ocks\u00e5 bra som en enkel v\u00e4ggdekoration.<\/p>\n<p>Leksaken \u00e4r tillverkad av tr\u00e4. Genom att v\u00e4lja Masterkidz tr\u00e4leksaker tar du hand om milj\u00f6n och minskar plastavfallet.<\/p>\n","protected":false},"excerpt":{"rendered":"<p>\u00c4r du tr\u00f6tt p\u00e5 samma v\u00e4ggtavlor f\u00f6r barn som h\u00e4ngt d\u00e4r i flera \u00e5r? Vet du inte vad du ska g\u00f6ra n\u00e4r en av tavlorna skadas och det finns en skadad v\u00e4gg under? Vi har den perfekta l\u00f6sningen: Masterkidz Flex v\u00e4ggtavla monteringssystem i form av en vacker och f\u00e4rgglad Caterpillar. Inga verktyg beh\u00f6vs f\u00f6r att [&hellip;]<\/p>\n","protected":false},"featured_media":0,"comment_status":"open","ping_status":"closed","template":"","meta":[],"product_brand":[],"product_cat":[33],"product_tag":[],"class_list":{"0":"post-16800","1":"product","2":"type-product","3":"status-publish","5":"product_cat-okategoriserad","7":"first","8":"instock","9":"shipping-taxable","10":"purchasable","11":"product-type-simple"},"_links":{"self":[{"href":"https:\/\/nordicmart.andreevmaster.com\/sv\/wp-json\/wp\/v2\/product\/16800","targetHints":{"allow":["GET"]}}],"collection":[{"href":"https:\/\/nordicmart.andreevmaster.com\/sv\/wp-json\/wp\/v2\/product"}],"about":[{"href":"https:\/\/nordicmart.andreevmaster.com\/sv\/wp-json\/wp\/v2\/types\/product"}],"replies":[{"embeddable":true,"href":"https:\/\/nordicmart.andreevmaster.com\/sv\/wp-json\/wp\/v2\/comments?post=16800"}],"wp:attachment":[{"href":"https:\/\/nordicmart.andreevmaster.com\/sv\/wp-json\/wp\/v2\/media?parent=16800"}],"wp:term":[{"taxonomy":"product_brand","embeddable":true,"href":"https:\/\/nordicmart.andreevmaster.com\/sv\/wp-json\/wp\/v2\/product_brand?post=16800"},{"taxonomy":"product_cat","embeddable":true,"href":"https:\/\/nordicmart.andreevmaster.com\/sv\/wp-json\/wp\/v2\/product_cat?post=16800"},{"taxonomy":"product_tag","embeddable":true,"href":"https:\/\/nordicmart.andreevmaster.com\/sv\/wp-json\/wp\/v2\/product_tag?post=16800"}],"curies":[{"name":"wp","href":"https:\/\/api.w.org\/{rel}","templated":true}]}}